{"id":7672,"date":"2020-06-16T12:34:48","date_gmt":"2020-06-16T09:34:48","guid":{"rendered":"https:\/\/www.saxsim.ee\/?post_type=product&#038;p=7672"},"modified":"2025-12-19T18:15:40","modified_gmt":"2025-12-19T16:15:40","slug":"sensido-color-lock-500-ml-lohnastamata-juuksevarvi-lukustaja","status":"publish","type":"product","link":"https:\/\/saxsim.ee\/swp\/product\/sensido-color-lock-500-ml-lohnastamata-juuksevarvi-lukustaja\/","title":{"rendered":"SensiDO Color Lock 500 ml. &#8211; l\u00f5hnastamata juuksev\u00e4rvi lukustaja"},"content":{"rendered":"<p><span class=\"tlid-translation translation\" lang=\"et\"><span class=\"\" title=\"\">Lukustab t\u00f5husalt juuksev\u00e4rvi juustesse, parandades oluliselt juuksev\u00e4rvi kestvust ja hoides \u00e4ra juuksev\u00e4rvi tuhmumise.<\/span> <span title=\"\">Niisutab ja tugevdab juukseid, m<\/span><span title=\"\">uutes nad elastseteks, kergemini kammitavateks ja k\u00e4sitletavateks.<\/span> <span title=\"\">Rahustab ja niisutab peanahka p\u00e4rast v\u00e4rvimist.<\/span> <span title=\"\">Lisab juustele s\u00e4ra ja eemaldab elektri.<\/span>\u00a0Toode on l\u00f5hnatu ja vegan.<\/span><\/p>\n<p><span title=\"\"><strong>Kasutamine:<\/strong> peale v\u00e4rvi m\u00f5juaja l\u00f5ppemist, kandke rohkelt SensiDO Color Lock toodet juustele ning \u00f5rnalt masseerides levitage peanahale ja kogu juustesse. Laske m\u00f5juda umbes 5 minutit ja loputage hoolikalt. Kuivatage juuksed r\u00e4tikuga ja j\u00e4tkake t\u00f6\u00f6tlust palsamiga.<br \/>\n<\/span><\/p>\n<p><strong><span class=\"\" title=\"\">Toode asendab \u0161ampooni.<\/span><\/strong><\/p>\n<p>pH: 3,0<\/p>\n","protected":false},"excerpt":{"rendered":"<p>Lukustab t\u00f5husalt juuksev\u00e4rvi juustesse, parandades oluliselt juuksev\u00e4rvi kestvust ja hoides \u00e4ra juuksev\u00e4rvi tuhmumise. Niisutab ja tugevdab juukseid, muutes nad elastseteks, kergemini kammitavateks ja k\u00e4sitletavateks. Rahustab ja niisutab peanahka p\u00e4rast v\u00e4rvimist. Lisab juustele s\u00e4ra ja eemaldab elektri.\u00a0Toode on l\u00f5hnatu ja vegan. Kasutamine: peale v\u00e4rvi m\u00f5juaja l\u00f5ppemist, kandke rohkelt SensiDO Color Lock toodet juustele ning \u00f5rnalt masseerides [&hellip;]<\/p>\n","protected":false},"featured_media":7673,"comment_status":"closed","ping_status":"closed","template":"","meta":[],"product_cat":[673,395,666,246],"product_tag":[637],"class_list":{"0":"post-7672","1":"product","2":"type-product","3":"status-publish","4":"has-post-thumbnail","6":"product_cat-sensido","7":"product_cat-juuksed","8":"product_cat-professionaalseks-kasutamiseks","9":"product_cat-sensido-lisatooted","10":"product_tag-profitoode","12":"first","13":"instock","14":"taxable","15":"shipping-taxable","16":"purchasable","17":"product-type-simple"},"_links":{"self":[{"href":"https:\/\/saxsim.ee\/swp\/wp-json\/wp\/v2\/product\/7672"}],"collection":[{"href":"https:\/\/saxsim.ee\/swp\/wp-json\/wp\/v2\/product"}],"about":[{"href":"https:\/\/saxsim.ee\/swp\/wp-json\/wp\/v2\/types\/product"}],"replies":[{"embeddable":true,"href":"https:\/\/saxsim.ee\/swp\/wp-json\/wp\/v2\/comments?post=7672"}],"wp:featuredmedia":[{"embeddable":true,"href":"https:\/\/saxsim.ee\/swp\/wp-json\/wp\/v2\/media\/7673"}],"wp:attachment":[{"href":"https:\/\/saxsim.ee\/swp\/wp-json\/wp\/v2\/media?parent=7672"}],"wp:term":[{"taxonomy":"product_cat","embeddable":true,"href":"https:\/\/saxsim.ee\/swp\/wp-json\/wp\/v2\/product_cat?post=7672"},{"taxonomy":"product_tag","embeddable":true,"href":"https:\/\/saxsim.ee\/swp\/wp-json\/wp\/v2\/product_tag?post=7672"}],"curies":[{"name":"wp","href":"https:\/\/api.w.org\/{rel}","templated":true}]}}