{"id":7635,"date":"2020-05-30T11:35:58","date_gmt":"2020-05-30T08:35:58","guid":{"rendered":"https:\/\/www.saxsim.ee\/?post_type=product&#038;p=7635"},"modified":"2020-06-01T12:13:26","modified_gmt":"2020-06-01T09:13:26","slug":"wristband-for-hair-ties-kaepael","status":"publish","type":"product","link":"https:\/\/saxsim.ee\/swp\/product\/wristband-for-hair-ties-kaepael\/","title":{"rendered":"Wristband for Hair Ties &#8211; k\u00e4epael"},"content":{"rendered":"<p>K\u00e4epael juuksekummide hoiustamiseks. Ideaalne abivahend soengute tegemisel. <span class=\"tlid-translation translation\" lang=\"et\"><span title=\"\">\u00dcks suurus sobib k\u00f5igile.<\/span><\/span><\/p>\n","protected":false},"excerpt":{"rendered":"<p>K\u00e4epael juuksekummide hoiustamiseks. Ideaalne abivahend soengute tegemisel. \u00dcks suurus sobib k\u00f5igile.<\/p>\n","protected":false},"featured_media":7636,"comment_status":"closed","ping_status":"closed","template":"","meta":[],"product_cat":[401,302,175],"product_tag":[],"class_list":{"0":"post-7635","1":"product","2":"type-product","3":"status-publish","4":"has-post-thumbnail","6":"product_cat-juuksuri-tarvikud","7":"product_cat-juuksekummid","8":"product_cat-soenguvahendid","10":"first","11":"instock","12":"taxable","13":"shipping-taxable","14":"purchasable","15":"product-type-simple"},"_links":{"self":[{"href":"https:\/\/saxsim.ee\/swp\/wp-json\/wp\/v2\/product\/7635"}],"collection":[{"href":"https:\/\/saxsim.ee\/swp\/wp-json\/wp\/v2\/product"}],"about":[{"href":"https:\/\/saxsim.ee\/swp\/wp-json\/wp\/v2\/types\/product"}],"replies":[{"embeddable":true,"href":"https:\/\/saxsim.ee\/swp\/wp-json\/wp\/v2\/comments?post=7635"}],"wp:featuredmedia":[{"embeddable":true,"href":"https:\/\/saxsim.ee\/swp\/wp-json\/wp\/v2\/media\/7636"}],"wp:attachment":[{"href":"https:\/\/saxsim.ee\/swp\/wp-json\/wp\/v2\/media?parent=7635"}],"wp:term":[{"taxonomy":"product_cat","embeddable":true,"href":"https:\/\/saxsim.ee\/swp\/wp-json\/wp\/v2\/product_cat?post=7635"},{"taxonomy":"product_tag","embeddable":true,"href":"https:\/\/saxsim.ee\/swp\/wp-json\/wp\/v2\/product_tag?post=7635"}],"curies":[{"name":"wp","href":"https:\/\/api.w.org\/{rel}","templated":true}]}}