{"id":7633,"date":"2020-05-30T11:14:36","date_gmt":"2020-05-30T08:14:36","guid":{"rendered":"https:\/\/www.saxsim.ee\/?post_type=product&#038;p=7633"},"modified":"2026-04-21T07:13:07","modified_gmt":"2026-04-21T04:13:07","slug":"jrl-fresh-fade-clipper-1090-loikusmasin","status":"publish","type":"product","link":"https:\/\/saxsim.ee\/swp\/product\/jrl-fresh-fade-clipper-1090-loikusmasin\/","title":{"rendered":"JRL Fresh Fade Clipper 1090 &#8211; l\u00f5ikusmasin"},"content":{"rendered":"<p class=\"fn\">Uus, vaikne,\u00a0juhtmega\/juhtmeta, iseterituvate Titanium teradega juuksel\u00f5ikusmasin. Masinal on kasutatud <span class=\"tlid-translation translation\" lang=\"et\"><span title=\"\">Stay-Cool- ja Smart-Clip tehnoloogiat.<\/span><\/span><\/p>\n<p class=\"fn\"><strong>Tehnilised andmed:<\/strong><\/p>\n<p>vastupidav Li-Ion aku<br \/>\n6500 p\u00f6\u00f6ret min.<br \/>\nakutoitel t\u00f6\u00f6tab \u2013 420 min.<br \/>\naku laadimisaeg \u2013 240 min.<br \/>\nkaal \u2013 95 g.<\/p>\n<p><strong>Komplektis:<\/strong><\/p>\n<p>1 JRL iseterituv Titanium tera<br \/>\n2\u00a0erinevat l\u00f5ikustalda ( 3,0\/6,0 mm. ja 9,0\/12,0 mm. )<br \/>\nlaadimisadapter<br \/>\npuhastushari<br \/>\nmasina\u00f5li<\/p>\n<p>&nbsp;<\/p>\n","protected":false},"excerpt":{"rendered":"<p>Uus, vaikne,\u00a0juhtmega\/juhtmeta, iseterituvate Titanium teradega juuksel\u00f5ikusmasin. Masinal on kasutatud Stay-Cool- ja Smart-Clip tehnoloogiat. Tehnilised andmed: vastupidav Li-Ion aku 6500 p\u00f6\u00f6ret min. akutoitel t\u00f6\u00f6tab \u2013 420 min. aku laadimisaeg \u2013 240 min. kaal \u2013 95 g. Komplektis: 1 JRL iseterituv Titanium tera 2\u00a0erinevat l\u00f5ikustalda ( 3,0\/6,0 mm. ja 9,0\/12,0 mm. ) laadimisadapter puhastushari masina\u00f5li &nbsp;<\/p>\n","protected":false},"featured_media":7634,"comment_status":"closed","ping_status":"closed","template":"","meta":[],"product_cat":[712,401,280,286],"product_tag":[],"class_list":{"0":"post-7633","1":"product","2":"type-product","3":"status-publish","4":"has-post-thumbnail","6":"product_cat-jrl-professional","7":"product_cat-juuksuri-tarvikud","8":"product_cat-elektrilised-toovahendid","9":"product_cat-loikusmasinad-ja-trimmerid","11":"first","12":"outofstock","13":"taxable","14":"shipping-taxable","15":"purchasable","16":"product-type-simple"},"_links":{"self":[{"href":"https:\/\/saxsim.ee\/swp\/wp-json\/wp\/v2\/product\/7633"}],"collection":[{"href":"https:\/\/saxsim.ee\/swp\/wp-json\/wp\/v2\/product"}],"about":[{"href":"https:\/\/saxsim.ee\/swp\/wp-json\/wp\/v2\/types\/product"}],"replies":[{"embeddable":true,"href":"https:\/\/saxsim.ee\/swp\/wp-json\/wp\/v2\/comments?post=7633"}],"wp:featuredmedia":[{"embeddable":true,"href":"https:\/\/saxsim.ee\/swp\/wp-json\/wp\/v2\/media\/7634"}],"wp:attachment":[{"href":"https:\/\/saxsim.ee\/swp\/wp-json\/wp\/v2\/media?parent=7633"}],"wp:term":[{"taxonomy":"product_cat","embeddable":true,"href":"https:\/\/saxsim.ee\/swp\/wp-json\/wp\/v2\/product_cat?post=7633"},{"taxonomy":"product_tag","embeddable":true,"href":"https:\/\/saxsim.ee\/swp\/wp-json\/wp\/v2\/product_tag?post=7633"}],"curies":[{"name":"wp","href":"https:\/\/api.w.org\/{rel}","templated":true}]}}