{"id":7495,"date":"2020-04-11T15:26:02","date_gmt":"2020-04-11T12:26:02","guid":{"rendered":"https:\/\/www.saxsim.ee\/?post_type=product&#038;p=7495"},"modified":"2025-07-05T17:53:18","modified_gmt":"2025-07-05T14:53:18","slug":"forme-essentials-strong-hold-hairspray-300-ml-tugev-juukselakk","status":"publish","type":"product","link":"https:\/\/saxsim.ee\/swp\/product\/forme-essentials-strong-hold-hairspray-300-ml-tugev-juukselakk\/","title":{"rendered":"Forme Essentials Strong Hold Hairspray 300 ml &#8211; tugev juukselakk"},"content":{"rendered":"<p>Kaera\u00f5li sisaldav, tugev juukselakk.<br \/>\nAnnab juustele ilusa l\u00e4ike, tugeva toe ja kaitseb niiskuse eest. Sobib k\u00f5ikidele juukset\u00fc\u00fcpidele. Sisaldab UV-kaitset. Vegan.<\/p>\n<p><strong>Kasutamine: <\/strong>Enne kasutamist raputa. Pihusta \u00fchtlaselt 25 \u2013 30 cm kauguselt juustele.<\/p>\n","protected":false},"excerpt":{"rendered":"<p>Kaera\u00f5li sisaldav, tugev juukselakk. Annab juustele ilusa l\u00e4ike, tugeva toe ja kaitseb niiskuse eest. Sobib k\u00f5ikidele juukset\u00fc\u00fcpidele. Sisaldab UV-kaitset. Vegan. Kasutamine: Enne kasutamist raputa. Pihusta \u00fchtlaselt 25 \u2013 30 cm kauguselt juustele.<\/p>\n","protected":false},"featured_media":7496,"comment_status":"closed","ping_status":"closed","template":"","meta":[],"product_cat":[752,395,681,680],"product_tag":[],"class_list":{"0":"post-7495","1":"product","2":"type-product","3":"status-publish","4":"has-post-thumbnail","6":"product_cat-forme-essentials","7":"product_cat-juuksed","8":"product_cat-viimistlus","9":"product_cat-juukselakid","11":"first","12":"instock","13":"taxable","14":"shipping-taxable","15":"purchasable","16":"product-type-simple"},"_links":{"self":[{"href":"https:\/\/saxsim.ee\/swp\/wp-json\/wp\/v2\/product\/7495"}],"collection":[{"href":"https:\/\/saxsim.ee\/swp\/wp-json\/wp\/v2\/product"}],"about":[{"href":"https:\/\/saxsim.ee\/swp\/wp-json\/wp\/v2\/types\/product"}],"replies":[{"embeddable":true,"href":"https:\/\/saxsim.ee\/swp\/wp-json\/wp\/v2\/comments?post=7495"}],"wp:featuredmedia":[{"embeddable":true,"href":"https:\/\/saxsim.ee\/swp\/wp-json\/wp\/v2\/media\/7496"}],"wp:attachment":[{"href":"https:\/\/saxsim.ee\/swp\/wp-json\/wp\/v2\/media?parent=7495"}],"wp:term":[{"taxonomy":"product_cat","embeddable":true,"href":"https:\/\/saxsim.ee\/swp\/wp-json\/wp\/v2\/product_cat?post=7495"},{"taxonomy":"product_tag","embeddable":true,"href":"https:\/\/saxsim.ee\/swp\/wp-json\/wp\/v2\/product_tag?post=7495"}],"curies":[{"name":"wp","href":"https:\/\/api.w.org\/{rel}","templated":true}]}}