{"id":7493,"date":"2020-04-11T15:04:09","date_gmt":"2020-04-11T12:04:09","guid":{"rendered":"https:\/\/www.saxsim.ee\/?post_type=product&#038;p=7493"},"modified":"2025-07-05T17:53:52","modified_gmt":"2025-07-05T14:53:52","slug":"forme-essentials-natural-hold-hairspray-300-ml-keskmise-tugevusega-juukselakk","status":"publish","type":"product","link":"https:\/\/saxsim.ee\/swp\/product\/forme-essentials-natural-hold-hairspray-300-ml-keskmise-tugevusega-juukselakk\/","title":{"rendered":"Forme Essentials Natural Hold Hairspray 300 ml &#8211; keskmise tugevusega juukselakk"},"content":{"rendered":"<p>Kaera\u00f5li sisaldav, keskmise tugevusega juukselakk.<br \/>\nAnnab juustele ilusa l\u00e4ike, elastse toe ja kaitseb niiskuse eest. <span title=\"\">Sisaldab UV-kaitset.<\/span> <span title=\"\">Vegan.<\/span><\/p>\n<p><strong>Kasutamine: <\/strong>Enne kasutamist raputa. Pihusta \u00fchtlaselt 25 \u2013 30 cm kauguselt juustele.<\/p>\n","protected":false},"excerpt":{"rendered":"<p>Kaera\u00f5li sisaldav, keskmise tugevusega juukselakk. Annab juustele ilusa l\u00e4ike, elastse toe ja kaitseb niiskuse eest. Sisaldab UV-kaitset. Vegan. Kasutamine: Enne kasutamist raputa. Pihusta \u00fchtlaselt 25 \u2013 30 cm kauguselt juustele.<\/p>\n","protected":false},"featured_media":7494,"comment_status":"closed","ping_status":"closed","template":"","meta":[],"product_cat":[752,395,681,680],"product_tag":[],"class_list":{"0":"post-7493","1":"product","2":"type-product","3":"status-publish","4":"has-post-thumbnail","6":"product_cat-forme-essentials","7":"product_cat-juuksed","8":"product_cat-viimistlus","9":"product_cat-juukselakid","11":"first","12":"instock","13":"taxable","14":"shipping-taxable","15":"purchasable","16":"product-type-simple"},"_links":{"self":[{"href":"https:\/\/saxsim.ee\/swp\/wp-json\/wp\/v2\/product\/7493"}],"collection":[{"href":"https:\/\/saxsim.ee\/swp\/wp-json\/wp\/v2\/product"}],"about":[{"href":"https:\/\/saxsim.ee\/swp\/wp-json\/wp\/v2\/types\/product"}],"replies":[{"embeddable":true,"href":"https:\/\/saxsim.ee\/swp\/wp-json\/wp\/v2\/comments?post=7493"}],"wp:featuredmedia":[{"embeddable":true,"href":"https:\/\/saxsim.ee\/swp\/wp-json\/wp\/v2\/media\/7494"}],"wp:attachment":[{"href":"https:\/\/saxsim.ee\/swp\/wp-json\/wp\/v2\/media?parent=7493"}],"wp:term":[{"taxonomy":"product_cat","embeddable":true,"href":"https:\/\/saxsim.ee\/swp\/wp-json\/wp\/v2\/product_cat?post=7493"},{"taxonomy":"product_tag","embeddable":true,"href":"https:\/\/saxsim.ee\/swp\/wp-json\/wp\/v2\/product_tag?post=7493"}],"curies":[{"name":"wp","href":"https:\/\/api.w.org\/{rel}","templated":true}]}}