{"id":7467,"date":"2020-04-05T07:53:56","date_gmt":"2020-04-05T04:53:56","guid":{"rendered":"https:\/\/www.saxsim.ee\/?post_type=product&#038;p=7467"},"modified":"2024-06-19T09:45:47","modified_gmt":"2024-06-19T06:45:47","slug":"bio-care-250-ml-katekreem-tundlikule-nahale","status":"publish","type":"product","link":"https:\/\/saxsim.ee\/swp\/product\/bio-care-250-ml-katekreem-tundlikule-nahale\/","title":{"rendered":"Bio Care 250 ml. &#8211; k\u00e4tekreem tundlikule nahale"},"content":{"rendered":"<div class=\"pos-description\">\n<div class=\"element element-textarea first last\">\n<div class=\"uk-margin\">\n<p>NIISUTAV JA HOOLDAV K\u00c4TEKREEM TUNDLIKULE NAHALE<\/p>\n<p>BIO CARE k\u00e4tekreem naturaalsete \u00f5lide, uurea ja h\u00fcaluroonhappega imendub kiiresti, ei j\u00e4ta nahka rasvaseks.<br \/>\nEriti sobib kasutamiseks tervishoiuasutustes, kus on vajalik kaitsekinnaste kasutamine, sagedane k\u00e4te pesemine ja antiseptika.<\/p>\n<p>Tootes sisalduv naturaalsete \u00f5lide kompleks koos A, E ja C vitamiinIga rahustab \u00e4rritunud nahka, parandab nahaalust verevarustust, kiirendab naha normaalse mikrofloora ja kaitsefunktsioonide taastumist ning hoiab \u00e4ra naha enneaegse vananemise. Uurea ning h\u00fcaluroonhape tagavad naha maksimaalse kaitse ja niisutuse kuivadele ja karedatele k\u00e4tele, j\u00e4ttes naha pehmeks, siidiseks ja sametiseks.<\/p>\n<p>KASUTUSVALDKOND<br \/>\nT\u00e4nu BIO CARE spetsiaalsetele komponentidele on toode sobilik kasutamiseks just kuivale, tundlikule kui ka kahjustatud nahale. BIO CARE-i kasutatakse kohtades, kus on soovitav kasutada l\u00f5hna- ja v\u00e4rvainevaba v\u00f5i minimaalselt l\u00f5hnastatud toodet nagu tervishoiuasutused, toiduainet\u00f6\u00f6stus, laborid ja \u00fcldised t\u00f6\u00f6stuslikud asutused. Toode on maheda l\u00f5hnaga.<\/p>\n<p>KASUTAMINE:<br \/>\nBIO CARE kantakse puhtale kuivale nahale. Kreemi t\u00e4ielikuks imendumiseks kulub m\u00f5ni minutit.<br \/>\nSobib h\u00e4sti kasutamiseks peale t\u00f6\u00f6d ja \u00f5htuti, sest siis tungib kreem s\u00fcgavale epidermise kihtidesse ning kaitseb ja tervendab nahka.<\/p>\n<p>PAKENDID:<br \/>\n250 ml tuub<br \/>\n500 ml dosaatorpudel<\/p>\n<\/div>\n<\/div>\n<\/div>\n","protected":false},"excerpt":{"rendered":"<p>NIISUTAV JA HOOLDAV K\u00c4TEKREEM TUNDLIKULE NAHALE BIO CARE k\u00e4tekreem naturaalsete \u00f5lide, uurea ja h\u00fcaluroonhappega imendub kiiresti, ei j\u00e4ta nahka rasvaseks. Eriti sobib kasutamiseks tervishoiuasutustes, kus on vajalik kaitsekinnaste kasutamine, sagedane k\u00e4te pesemine ja antiseptika. Tootes sisalduv naturaalsete \u00f5lide kompleks koos A, E ja C vitamiinIga rahustab \u00e4rritunud nahka, parandab nahaalust verevarustust, kiirendab naha normaalse mikrofloora [&hellip;]<\/p>\n","protected":false},"featured_media":7468,"comment_status":"closed","ping_status":"closed","template":"","meta":[],"product_cat":[745,699,638],"product_tag":[],"class_list":{"0":"post-7467","1":"product","2":"type-product","3":"status-publish","4":"has-post-thumbnail","6":"product_cat-chemi-pharm","7":"product_cat-katehooldus","8":"product_cat-katekreemid","10":"first","11":"instock","12":"taxable","13":"shipping-taxable","14":"purchasable","15":"product-type-simple"},"_links":{"self":[{"href":"https:\/\/saxsim.ee\/swp\/wp-json\/wp\/v2\/product\/7467"}],"collection":[{"href":"https:\/\/saxsim.ee\/swp\/wp-json\/wp\/v2\/product"}],"about":[{"href":"https:\/\/saxsim.ee\/swp\/wp-json\/wp\/v2\/types\/product"}],"replies":[{"embeddable":true,"href":"https:\/\/saxsim.ee\/swp\/wp-json\/wp\/v2\/comments?post=7467"}],"wp:featuredmedia":[{"embeddable":true,"href":"https:\/\/saxsim.ee\/swp\/wp-json\/wp\/v2\/media\/7468"}],"wp:attachment":[{"href":"https:\/\/saxsim.ee\/swp\/wp-json\/wp\/v2\/media?parent=7467"}],"wp:term":[{"taxonomy":"product_cat","embeddable":true,"href":"https:\/\/saxsim.ee\/swp\/wp-json\/wp\/v2\/product_cat?post=7467"},{"taxonomy":"product_tag","embeddable":true,"href":"https:\/\/saxsim.ee\/swp\/wp-json\/wp\/v2\/product_tag?post=7467"}],"curies":[{"name":"wp","href":"https:\/\/api.w.org\/{rel}","templated":true}]}}