{"id":7391,"date":"2020-03-27T19:59:47","date_gmt":"2020-03-27T17:59:47","guid":{"rendered":"https:\/\/www.saxsim.ee\/?post_type=product&#038;p=7391"},"modified":"2023-12-12T10:04:05","modified_gmt":"2023-12-12T08:04:05","slug":"styling-chair-jazz-klienditool","status":"publish","type":"product","link":"https:\/\/saxsim.ee\/swp\/product\/styling-chair-jazz-klienditool\/","title":{"rendered":"Styling Chair, Jazz &#8211; klienditool"},"content":{"rendered":"<p>Jalatoega klienditool.<\/p>\n<p><span class=\"tlid-translation translation\" lang=\"et\"><span class=\"\" title=\"\">Toote omadused:<\/span><\/span><\/p>\n<p>Tooli m\u00f5\u00f5dud:\u00a0<span class=\"tlid-translation translation\" lang=\"et\"><span class=\"\" title=\"\">56 x 88\u201399 x 90 (30 + 60) cm<\/span><\/span>.<\/p>\n<p>Reguleeritava k\u00f5rgusega h\u00fcdrauliline pump: 46 \u2013 57 cm.<\/p>\n<p>H\u00fcdraulilist pumpa saab lukustada.<\/p>\n<p>Kroomitud viieharuline jalg.<\/p>\n<p>Kergesti<span title=\"\"> hooldatav kunstnahast kate.<\/span><\/p>\n<p><span title=\"\">Kroomitud metallist<span class=\"tlid-translation translation\" lang=\"et\"> k\u00e4etoed.<\/span><\/span><\/p>\n<p><span title=\"\">Kandev\u00f5ime: max.<\/span> <span title=\"\">150 kg.<\/span><\/p>\n<p>&nbsp;<\/p>\n","protected":false},"excerpt":{"rendered":"<p>Jalatoega klienditool. Toote omadused: Tooli m\u00f5\u00f5dud:\u00a056 x 88\u201399 x 90 (30 + 60) cm. Reguleeritava k\u00f5rgusega h\u00fcdrauliline pump: 46 \u2013 57 cm. H\u00fcdraulilist pumpa saab lukustada. Kroomitud viieharuline jalg. Kergesti hooldatav kunstnahast kate. Kroomitud metallist k\u00e4etoed. Kandev\u00f5ime: max. 150 kg. &nbsp;<\/p>\n","protected":false},"featured_media":7392,"comment_status":"closed","ping_status":"closed","template":"","meta":[],"product_cat":[325,369,401],"product_tag":[],"class_list":{"0":"post-7391","1":"product","2":"type-product","3":"status-publish","4":"has-post-thumbnail","6":"product_cat-juuksuri-ja-ilusalongi-sisustus","7":"product_cat-klienditoolid","8":"product_cat-juuksuri-tarvikud","10":"first","11":"instock","12":"taxable","13":"shipping-taxable","14":"purchasable","15":"product-type-simple"},"_links":{"self":[{"href":"https:\/\/saxsim.ee\/swp\/wp-json\/wp\/v2\/product\/7391"}],"collection":[{"href":"https:\/\/saxsim.ee\/swp\/wp-json\/wp\/v2\/product"}],"about":[{"href":"https:\/\/saxsim.ee\/swp\/wp-json\/wp\/v2\/types\/product"}],"replies":[{"embeddable":true,"href":"https:\/\/saxsim.ee\/swp\/wp-json\/wp\/v2\/comments?post=7391"}],"wp:featuredmedia":[{"embeddable":true,"href":"https:\/\/saxsim.ee\/swp\/wp-json\/wp\/v2\/media\/7392"}],"wp:attachment":[{"href":"https:\/\/saxsim.ee\/swp\/wp-json\/wp\/v2\/media?parent=7391"}],"wp:term":[{"taxonomy":"product_cat","embeddable":true,"href":"https:\/\/saxsim.ee\/swp\/wp-json\/wp\/v2\/product_cat?post=7391"},{"taxonomy":"product_tag","embeddable":true,"href":"https:\/\/saxsim.ee\/swp\/wp-json\/wp\/v2\/product_tag?post=7391"}],"curies":[{"name":"wp","href":"https:\/\/api.w.org\/{rel}","templated":true}]}}