{"id":7386,"date":"2020-03-27T19:29:25","date_gmt":"2020-03-27T17:29:25","guid":{"rendered":"https:\/\/www.saxsim.ee\/?post_type=product&#038;p=7386"},"modified":"2022-08-22T10:04:59","modified_gmt":"2022-08-22T07:04:59","slug":"styling-chair-retro-klienditool","status":"publish","type":"product","link":"https:\/\/saxsim.ee\/swp\/product\/styling-chair-retro-klienditool\/","title":{"rendered":"Styling Chair, Retro &#8211; klienditool"},"content":{"rendered":"<p>Elegantse retro-kujundusega klienditool.<\/p>\n<p><span class=\"tlid-translation translation\" lang=\"et\"><span class=\"\" title=\"\">Toote omadused:<\/span><\/span><\/p>\n<p>Tooli m\u00f5\u00f5dud: <span class=\"tlid-translation translation\" lang=\"et\"><span title=\"\">65 x 86-105 x 54 cm<\/span><\/span>.<\/p>\n<p>Reguleeritava k\u00f5rgusega h\u00fcdrauliline pump: 46 \u2013 65 cm.<\/p>\n<p>H\u00fcdraulilist pumpa saab lukustada.<\/p>\n<p>Kroomitud \u00fcmmargune jalg <span class=\"tlid-translation translation\" lang=\"et\"><span title=\"\">(\u00d8 56 cm)<\/span><\/span>.<\/p>\n<p>Kergesti<span title=\"\"> hooldatav kunstnahast kate.<\/span><\/p>\n<p><span title=\"\">Pehmed, <span class=\"tlid-translation translation\" lang=\"et\">polsterdatud k\u00e4etoed.<\/span><\/span><\/p>\n<p><span title=\"\">Kandev\u00f5ime: max.<\/span> <span title=\"\">150 kg.<\/span><\/p>\n<p>&nbsp;<\/p>\n<p>&nbsp;<\/p>\n","protected":false},"excerpt":{"rendered":"<p>Elegantse retro-kujundusega klienditool. Toote omadused: Tooli m\u00f5\u00f5dud: 65 x 86-105 x 54 cm. Reguleeritava k\u00f5rgusega h\u00fcdrauliline pump: 46 \u2013 65 cm. H\u00fcdraulilist pumpa saab lukustada. Kroomitud \u00fcmmargune jalg (\u00d8 56 cm). Kergesti hooldatav kunstnahast kate. Pehmed, polsterdatud k\u00e4etoed. Kandev\u00f5ime: max. 150 kg. &nbsp; &nbsp;<\/p>\n","protected":false},"featured_media":7389,"comment_status":"closed","ping_status":"closed","template":"","meta":[],"product_cat":[325,369,401],"product_tag":[],"class_list":{"0":"post-7386","1":"product","2":"type-product","3":"status-publish","4":"has-post-thumbnail","6":"product_cat-juuksuri-ja-ilusalongi-sisustus","7":"product_cat-klienditoolid","8":"product_cat-juuksuri-tarvikud","10":"first","11":"instock","12":"taxable","13":"shipping-taxable","14":"purchasable","15":"product-type-simple"},"_links":{"self":[{"href":"https:\/\/saxsim.ee\/swp\/wp-json\/wp\/v2\/product\/7386"}],"collection":[{"href":"https:\/\/saxsim.ee\/swp\/wp-json\/wp\/v2\/product"}],"about":[{"href":"https:\/\/saxsim.ee\/swp\/wp-json\/wp\/v2\/types\/product"}],"replies":[{"embeddable":true,"href":"https:\/\/saxsim.ee\/swp\/wp-json\/wp\/v2\/comments?post=7386"}],"wp:featuredmedia":[{"embeddable":true,"href":"https:\/\/saxsim.ee\/swp\/wp-json\/wp\/v2\/media\/7389"}],"wp:attachment":[{"href":"https:\/\/saxsim.ee\/swp\/wp-json\/wp\/v2\/media?parent=7386"}],"wp:term":[{"taxonomy":"product_cat","embeddable":true,"href":"https:\/\/saxsim.ee\/swp\/wp-json\/wp\/v2\/product_cat?post=7386"},{"taxonomy":"product_tag","embeddable":true,"href":"https:\/\/saxsim.ee\/swp\/wp-json\/wp\/v2\/product_tag?post=7386"}],"curies":[{"name":"wp","href":"https:\/\/api.w.org\/{rel}","templated":true}]}}