{"id":7200,"date":"2020-02-12T22:54:54","date_gmt":"2020-02-12T20:54:54","guid":{"rendered":"https:\/\/www.saxsim.ee\/?post_type=product&#038;p=7200"},"modified":"2022-09-11T18:13:26","modified_gmt":"2022-09-11T15:13:26","slug":"anti-slip-mat-pick-up-libisemiskindel-matt","status":"publish","type":"product","link":"https:\/\/saxsim.ee\/swp\/product\/anti-slip-mat-pick-up-libisemiskindel-matt\/","title":{"rendered":"Anti-Slip Mat, Pick-Up &#8211; libisemiskindel matt"},"content":{"rendered":"<p>Libisemiskindel alusmatt t\u00f6\u00f6riistadele ( k\u00e4\u00e4rid, noad, kammid&#8230; ).<\/p>\n<p>20 x 44,7 cm.<\/p>\n<p>*Tarvikud ei kuulu toote juurde!<\/p>\n<p>&nbsp;<\/p>\n<p>&nbsp;<\/p>\n","protected":false},"excerpt":{"rendered":"<p>Libisemiskindel alusmatt t\u00f6\u00f6riistadele ( k\u00e4\u00e4rid, noad, kammid&#8230; ). 20 x 44,7 cm. *Tarvikud ei kuulu toote juurde! &nbsp; &nbsp;<\/p>\n","protected":false},"featured_media":7201,"comment_status":"closed","ping_status":"closed","template":"","meta":[],"product_cat":[401,762],"product_tag":[],"class_list":{"0":"post-7200","1":"product","2":"type-product","3":"status-publish","4":"has-post-thumbnail","6":"product_cat-juuksuri-tarvikud","7":"product_cat-lisatarvikud","9":"first","10":"instock","11":"taxable","12":"shipping-taxable","13":"purchasable","14":"product-type-simple"},"_links":{"self":[{"href":"https:\/\/saxsim.ee\/swp\/wp-json\/wp\/v2\/product\/7200"}],"collection":[{"href":"https:\/\/saxsim.ee\/swp\/wp-json\/wp\/v2\/product"}],"about":[{"href":"https:\/\/saxsim.ee\/swp\/wp-json\/wp\/v2\/types\/product"}],"replies":[{"embeddable":true,"href":"https:\/\/saxsim.ee\/swp\/wp-json\/wp\/v2\/comments?post=7200"}],"wp:featuredmedia":[{"embeddable":true,"href":"https:\/\/saxsim.ee\/swp\/wp-json\/wp\/v2\/media\/7201"}],"wp:attachment":[{"href":"https:\/\/saxsim.ee\/swp\/wp-json\/wp\/v2\/media?parent=7200"}],"wp:term":[{"taxonomy":"product_cat","embeddable":true,"href":"https:\/\/saxsim.ee\/swp\/wp-json\/wp\/v2\/product_cat?post=7200"},{"taxonomy":"product_tag","embeddable":true,"href":"https:\/\/saxsim.ee\/swp\/wp-json\/wp\/v2\/product_tag?post=7200"}],"curies":[{"name":"wp","href":"https:\/\/api.w.org\/{rel}","templated":true}]}}