{"id":7182,"date":"2020-02-12T21:16:33","date_gmt":"2020-02-12T19:16:33","guid":{"rendered":"https:\/\/www.saxsim.ee\/?post_type=product&#038;p=7182"},"modified":"2023-03-12T09:23:35","modified_gmt":"2023-03-12T07:23:35","slug":"equipment-holster-multi-toll-roll-toovahendite-kott","status":"publish","type":"product","link":"https:\/\/saxsim.ee\/swp\/product\/equipment-holster-multi-toll-roll-toovahendite-kott\/","title":{"rendered":"Equipment Holster, Multi Toll Roll &#8211; t\u00f6\u00f6vahendite kott"},"content":{"rendered":"<p class=\"product_title entry-title\">T\u00f6\u00f6vahendite kott k\u00e4\u00e4ridele ja\u00a0teistele t\u00f6\u00f6vahenditele.<\/p>\n<p>M\u00f5\u00f5dud &#8211; 23 x 13-46,5 cm.<\/p>\n<p>*Tarvikud ei kuulu toote juurde!<\/p>\n<p>&nbsp;<\/p>\n","protected":false},"excerpt":{"rendered":"<p>T\u00f6\u00f6vahendite kott k\u00e4\u00e4ridele ja\u00a0teistele t\u00f6\u00f6vahenditele. M\u00f5\u00f5dud &#8211; 23 x 13-46,5 cm. *Tarvikud ei kuulu toote juurde! &nbsp;<\/p>\n","protected":false},"featured_media":7183,"comment_status":"closed","ping_status":"closed","template":"","meta":[],"product_cat":[401,313],"product_tag":[],"class_list":{"0":"post-7182","1":"product","2":"type-product","3":"status-publish","4":"has-post-thumbnail","6":"product_cat-juuksuri-tarvikud","7":"product_cat-kohvrid-ja-kotid","9":"first","10":"instock","11":"taxable","12":"shipping-taxable","13":"purchasable","14":"product-type-simple"},"_links":{"self":[{"href":"https:\/\/saxsim.ee\/swp\/wp-json\/wp\/v2\/product\/7182"}],"collection":[{"href":"https:\/\/saxsim.ee\/swp\/wp-json\/wp\/v2\/product"}],"about":[{"href":"https:\/\/saxsim.ee\/swp\/wp-json\/wp\/v2\/types\/product"}],"replies":[{"embeddable":true,"href":"https:\/\/saxsim.ee\/swp\/wp-json\/wp\/v2\/comments?post=7182"}],"wp:featuredmedia":[{"embeddable":true,"href":"https:\/\/saxsim.ee\/swp\/wp-json\/wp\/v2\/media\/7183"}],"wp:attachment":[{"href":"https:\/\/saxsim.ee\/swp\/wp-json\/wp\/v2\/media?parent=7182"}],"wp:term":[{"taxonomy":"product_cat","embeddable":true,"href":"https:\/\/saxsim.ee\/swp\/wp-json\/wp\/v2\/product_cat?post=7182"},{"taxonomy":"product_tag","embeddable":true,"href":"https:\/\/saxsim.ee\/swp\/wp-json\/wp\/v2\/product_tag?post=7182"}],"curies":[{"name":"wp","href":"https:\/\/api.w.org\/{rel}","templated":true}]}}