{"id":7176,"date":"2020-02-12T17:05:38","date_gmt":"2020-02-12T15:05:38","guid":{"rendered":"https:\/\/www.saxsim.ee\/?post_type=product&#038;p=7176"},"modified":"2026-04-02T09:57:49","modified_gmt":"2026-04-02T06:57:49","slug":"sibel-volume-shampoo-1000-ml-sampoon-ornadelepeenikestele-juustele","status":"publish","type":"product","link":"https:\/\/saxsim.ee\/swp\/product\/sibel-volume-shampoo-1000-ml-sampoon-ornadelepeenikestele-juustele\/","title":{"rendered":"Sibel Volume Shampoo 1000 ml &#8211; \u0161ampoon \u00f5rnadele\/peenikestele juustele"},"content":{"rendered":"<p><span class=\"tlid-translation translation\" lang=\"et\"><span class=\"\" title=\"\">Sibel Volume Shampoo on rikastatud naturaalse greibiekstraktiga ( Grapefruit Extract ) ja h\u00fcdrol\u00fc\u00fcsitud keratiiniga <span title=\"\">( H<\/span>ydrolized Keratin ). P<\/span><span title=\"\">uhastab \u00f5rnalt peenikesi juukseid, muutes nad tugevamateks ja kohevamateks.<br \/>\n<\/span><\/span><\/p>\n<p><strong>Kasutamine:<\/strong> Kanna <span class=\"tlid-translation translation\" lang=\"et\"><span title=\"\">\u00fchtlaselt niiskete<\/span><\/span>sse juustesse, aja vahule ja pese. Loputa korralikult.<\/p>\n<p><span class=\"tlid-translation translation\" lang=\"et\"><span class=\"\" title=\"\"><strong>Ettevaatust!<\/strong> V\u00e4ltige silma sattumist.<\/span><\/span><\/p>\n<p>Valmistatud: Hispaanias<\/p>\n","protected":false},"excerpt":{"rendered":"<p>Sibel Volume Shampoo on rikastatud naturaalse greibiekstraktiga ( Grapefruit Extract ) ja h\u00fcdrol\u00fc\u00fcsitud keratiiniga ( Hydrolized Keratin ). Puhastab \u00f5rnalt peenikesi juukseid, muutes nad tugevamateks ja kohevamateks. Kasutamine: Kanna \u00fchtlaselt niisketesse juustesse, aja vahule ja pese. Loputa korralikult. Ettevaatust! V\u00e4ltige silma sattumist. Valmistatud: Hispaanias<\/p>\n","protected":false},"featured_media":7177,"comment_status":"closed","ping_status":"closed","template":"","meta":[],"product_cat":[107,251,759,395,659],"product_tag":[],"class_list":{"0":"post-7176","1":"product","2":"type-product","3":"status-publish","4":"has-post-thumbnail","6":"product_cat-pakkumised","7":"product_cat-lopumuuk","8":"product_cat-sibel-hair-care","9":"product_cat-juuksed","10":"product_cat-sampoonid","12":"first","13":"instock","14":"sale","15":"taxable","16":"shipping-taxable","17":"purchasable","18":"product-type-simple"},"_links":{"self":[{"href":"https:\/\/saxsim.ee\/swp\/wp-json\/wp\/v2\/product\/7176"}],"collection":[{"href":"https:\/\/saxsim.ee\/swp\/wp-json\/wp\/v2\/product"}],"about":[{"href":"https:\/\/saxsim.ee\/swp\/wp-json\/wp\/v2\/types\/product"}],"replies":[{"embeddable":true,"href":"https:\/\/saxsim.ee\/swp\/wp-json\/wp\/v2\/comments?post=7176"}],"wp:featuredmedia":[{"embeddable":true,"href":"https:\/\/saxsim.ee\/swp\/wp-json\/wp\/v2\/media\/7177"}],"wp:attachment":[{"href":"https:\/\/saxsim.ee\/swp\/wp-json\/wp\/v2\/media?parent=7176"}],"wp:term":[{"taxonomy":"product_cat","embeddable":true,"href":"https:\/\/saxsim.ee\/swp\/wp-json\/wp\/v2\/product_cat?post=7176"},{"taxonomy":"product_tag","embeddable":true,"href":"https:\/\/saxsim.ee\/swp\/wp-json\/wp\/v2\/product_tag?post=7176"}],"curies":[{"name":"wp","href":"https:\/\/api.w.org\/{rel}","templated":true}]}}