{"id":7168,"date":"2020-02-12T15:04:34","date_gmt":"2020-02-12T13:04:34","guid":{"rendered":"https:\/\/www.saxsim.ee\/?post_type=product&#038;p=7168"},"modified":"2026-04-02T09:51:01","modified_gmt":"2026-04-02T06:51:01","slug":"sibel-colour-mask-500-ml-juuksemask-varvitudblondeeritud-juustele","status":"publish","type":"product","link":"https:\/\/saxsim.ee\/swp\/product\/sibel-colour-mask-500-ml-juuksemask-varvitudblondeeritud-juustele\/","title":{"rendered":"Sibel Colour Mask 500 ml &#8211; juuksemask v\u00e4rvitud\/blondeeritud juustele"},"content":{"rendered":"<p><span class=\"tlid-translation translation\" lang=\"et\"><span class=\"\" title=\"\">Sibel Colour Mask sisaldab E<span title=\"\">-vitamiini ja teeseemne\u00f5li ( Tsubaki Oil ). Intensiivne mask toidab v\u00e4rvitud\/blondeeritud juukseid, harutab pusad, <\/span>silub, <span title=\"\">aitab juuksev\u00e4rvi s\u00e4ilitada ning annab juustele suurep\u00e4rase l\u00e4ike.<\/span><\/span><\/span><\/p>\n<p><strong>Kasutamine:<\/strong> <span class=\"tlid-translation translation\" lang=\"et\"><span class=\"\" title=\"\">Kanna mask pestud r\u00e4tikukuivadesse juustesse ja lase m\u00f5juda 3-5 minutit. Loputa korralikult.<\/span><\/span><\/p>\n<p><span class=\"tlid-translation translation\" lang=\"et\"><span class=\"\" title=\"\"><strong>Ettevaatust!<\/strong> V\u00e4ltige silma sattumist.<\/span><\/span><\/p>\n<p>Valmistatud: Hispaanias<\/p>\n","protected":false},"excerpt":{"rendered":"<p>Sibel Colour Mask sisaldab E-vitamiini ja teeseemne\u00f5li ( Tsubaki Oil ). Intensiivne mask toidab v\u00e4rvitud\/blondeeritud juukseid, harutab pusad, silub, aitab juuksev\u00e4rvi s\u00e4ilitada ning annab juustele suurep\u00e4rase l\u00e4ike. Kasutamine: Kanna mask pestud r\u00e4tikukuivadesse juustesse ja lase m\u00f5juda 3-5 minutit. Loputa korralikult. Ettevaatust! V\u00e4ltige silma sattumist. Valmistatud: Hispaanias<\/p>\n","protected":false},"featured_media":7169,"comment_status":"closed","ping_status":"closed","template":"","meta":[],"product_cat":[107,251,759,395,662],"product_tag":[],"class_list":{"0":"post-7168","1":"product","2":"type-product","3":"status-publish","4":"has-post-thumbnail","6":"product_cat-pakkumised","7":"product_cat-lopumuuk","8":"product_cat-sibel-hair-care","9":"product_cat-juuksed","10":"product_cat-juuksemaskid-ja-taastavad-vahendid","12":"first","13":"instock","14":"sale","15":"taxable","16":"shipping-taxable","17":"purchasable","18":"product-type-simple"},"_links":{"self":[{"href":"https:\/\/saxsim.ee\/swp\/wp-json\/wp\/v2\/product\/7168"}],"collection":[{"href":"https:\/\/saxsim.ee\/swp\/wp-json\/wp\/v2\/product"}],"about":[{"href":"https:\/\/saxsim.ee\/swp\/wp-json\/wp\/v2\/types\/product"}],"replies":[{"embeddable":true,"href":"https:\/\/saxsim.ee\/swp\/wp-json\/wp\/v2\/comments?post=7168"}],"wp:featuredmedia":[{"embeddable":true,"href":"https:\/\/saxsim.ee\/swp\/wp-json\/wp\/v2\/media\/7169"}],"wp:attachment":[{"href":"https:\/\/saxsim.ee\/swp\/wp-json\/wp\/v2\/media?parent=7168"}],"wp:term":[{"taxonomy":"product_cat","embeddable":true,"href":"https:\/\/saxsim.ee\/swp\/wp-json\/wp\/v2\/product_cat?post=7168"},{"taxonomy":"product_tag","embeddable":true,"href":"https:\/\/saxsim.ee\/swp\/wp-json\/wp\/v2\/product_tag?post=7168"}],"curies":[{"name":"wp","href":"https:\/\/api.w.org\/{rel}","templated":true}]}}