{"id":7166,"date":"2020-02-12T12:11:39","date_gmt":"2020-02-12T10:11:39","guid":{"rendered":"https:\/\/www.saxsim.ee\/?post_type=product&#038;p=7166"},"modified":"2026-04-02T09:49:32","modified_gmt":"2026-04-02T06:49:32","slug":"sibel-colour-conditioner-1000-ml-palsam-varvitudblondeeritud-juustele","status":"publish","type":"product","link":"https:\/\/saxsim.ee\/swp\/product\/sibel-colour-conditioner-1000-ml-palsam-varvitudblondeeritud-juustele\/","title":{"rendered":"Sibel Colour Conditioner 1000 ml &#8211; palsam v\u00e4rvitud\/blondeeritud juustele"},"content":{"rendered":"<p><span class=\"tlid-translation translation\" lang=\"et\"><span class=\"\" title=\"\">Sibel Colour palsam sisaldab E<span title=\"\">-vitamiini ja teeseemne\u00f5li ( Tsubaki Oil ). Harutab pusad, <\/span>silub, <span title=\"\">aitab juuksev\u00e4rvi s\u00e4ilitada ning annab juustele suurep\u00e4rase l\u00e4ike.<\/span><\/span><\/span><\/p>\n<p><strong>Kasutamine:<\/strong> <span class=\"tlid-translation translation\" lang=\"et\"><span class=\"\" title=\"\">Kanna palsam pestud r\u00e4tikukuivadesse juustesse ja lase m\u00f5juda v\u00e4hemalt 1 minut. Loputa korralikult.<\/span><\/span><\/p>\n<p><span class=\"tlid-translation translation\" lang=\"et\"><span class=\"\" title=\"\"><strong>Ettevaatust!<\/strong> V\u00e4ltige silma sattumist.<\/span><\/span><\/p>\n<p>Valmistatud: Hispaanias<\/p>\n<p>&nbsp;<\/p>\n<p>&nbsp;<\/p>\n","protected":false},"excerpt":{"rendered":"<p>Sibel Colour palsam sisaldab E-vitamiini ja teeseemne\u00f5li ( Tsubaki Oil ). Harutab pusad, silub, aitab juuksev\u00e4rvi s\u00e4ilitada ning annab juustele suurep\u00e4rase l\u00e4ike. Kasutamine: Kanna palsam pestud r\u00e4tikukuivadesse juustesse ja lase m\u00f5juda v\u00e4hemalt 1 minut. Loputa korralikult. Ettevaatust! V\u00e4ltige silma sattumist. Valmistatud: Hispaanias &nbsp; &nbsp;<\/p>\n","protected":false},"featured_media":7167,"comment_status":"closed","ping_status":"closed","template":"","meta":[],"product_cat":[107,251,759,395,660],"product_tag":[],"class_list":{"0":"post-7166","1":"product","2":"type-product","3":"status-publish","4":"has-post-thumbnail","6":"product_cat-pakkumised","7":"product_cat-lopumuuk","8":"product_cat-sibel-hair-care","9":"product_cat-juuksed","10":"product_cat-palsamid","12":"first","13":"outofstock","14":"sale","15":"taxable","16":"shipping-taxable","17":"purchasable","18":"product-type-simple"},"_links":{"self":[{"href":"https:\/\/saxsim.ee\/swp\/wp-json\/wp\/v2\/product\/7166"}],"collection":[{"href":"https:\/\/saxsim.ee\/swp\/wp-json\/wp\/v2\/product"}],"about":[{"href":"https:\/\/saxsim.ee\/swp\/wp-json\/wp\/v2\/types\/product"}],"replies":[{"embeddable":true,"href":"https:\/\/saxsim.ee\/swp\/wp-json\/wp\/v2\/comments?post=7166"}],"wp:featuredmedia":[{"embeddable":true,"href":"https:\/\/saxsim.ee\/swp\/wp-json\/wp\/v2\/media\/7167"}],"wp:attachment":[{"href":"https:\/\/saxsim.ee\/swp\/wp-json\/wp\/v2\/media?parent=7166"}],"wp:term":[{"taxonomy":"product_cat","embeddable":true,"href":"https:\/\/saxsim.ee\/swp\/wp-json\/wp\/v2\/product_cat?post=7166"},{"taxonomy":"product_tag","embeddable":true,"href":"https:\/\/saxsim.ee\/swp\/wp-json\/wp\/v2\/product_tag?post=7166"}],"curies":[{"name":"wp","href":"https:\/\/api.w.org\/{rel}","templated":true}]}}