{"id":7164,"date":"2020-02-12T11:54:21","date_gmt":"2020-02-12T09:54:21","guid":{"rendered":"https:\/\/www.saxsim.ee\/?post_type=product&#038;p=7164"},"modified":"2026-04-02T09:47:11","modified_gmt":"2026-04-02T06:47:11","slug":"sibel-colour-shampoo-1000-ml-sampoon-varvitudblondeeritud-juustele","status":"publish","type":"product","link":"https:\/\/saxsim.ee\/swp\/product\/sibel-colour-shampoo-1000-ml-sampoon-varvitudblondeeritud-juustele\/","title":{"rendered":"Sibel Colour Shampoo 1000 ml &#8211; \u0161ampoon v\u00e4rvitud\/blondeeritud juustele"},"content":{"rendered":"<p><span class=\"tlid-translation translation\" lang=\"et\"><span class=\"\" title=\"\">Sibel Colour Shampoo sisaldab E-vitamiini ja teeseemne\u00f5li ( Tsubaki Oil ). P<\/span><span title=\"\">uhastab \u00f5rnalt v\u00e4rvitud ja blondeeritud juukseid, aitab juuksev\u00e4rvi s\u00e4ilitada ning annab juustele suurep\u00e4rase l\u00e4ike.<\/span><\/span><\/p>\n<p><strong>Kasutamine:<\/strong> Kanna m\u00e4rgadesse juustesse, aja vahule ja pese. Loputa korralikult.<\/p>\n<p><span class=\"tlid-translation translation\" lang=\"et\"><span class=\"\" title=\"\"><strong>Ettevaatust!<\/strong> V\u00e4ltige silma sattumist.<\/span><\/span><\/p>\n<p>Valmistatud: Hispaanias<\/p>\n","protected":false},"excerpt":{"rendered":"<p>Sibel Colour Shampoo sisaldab E-vitamiini ja teeseemne\u00f5li ( Tsubaki Oil ). Puhastab \u00f5rnalt v\u00e4rvitud ja blondeeritud juukseid, aitab juuksev\u00e4rvi s\u00e4ilitada ning annab juustele suurep\u00e4rase l\u00e4ike. Kasutamine: Kanna m\u00e4rgadesse juustesse, aja vahule ja pese. Loputa korralikult. Ettevaatust! V\u00e4ltige silma sattumist. Valmistatud: Hispaanias<\/p>\n","protected":false},"featured_media":7165,"comment_status":"closed","ping_status":"closed","template":"","meta":[],"product_cat":[107,251,759,395,659],"product_tag":[],"class_list":{"0":"post-7164","1":"product","2":"type-product","3":"status-publish","4":"has-post-thumbnail","6":"product_cat-pakkumised","7":"product_cat-lopumuuk","8":"product_cat-sibel-hair-care","9":"product_cat-juuksed","10":"product_cat-sampoonid","12":"first","13":"instock","14":"sale","15":"taxable","16":"shipping-taxable","17":"purchasable","18":"product-type-simple"},"_links":{"self":[{"href":"https:\/\/saxsim.ee\/swp\/wp-json\/wp\/v2\/product\/7164"}],"collection":[{"href":"https:\/\/saxsim.ee\/swp\/wp-json\/wp\/v2\/product"}],"about":[{"href":"https:\/\/saxsim.ee\/swp\/wp-json\/wp\/v2\/types\/product"}],"replies":[{"embeddable":true,"href":"https:\/\/saxsim.ee\/swp\/wp-json\/wp\/v2\/comments?post=7164"}],"wp:featuredmedia":[{"embeddable":true,"href":"https:\/\/saxsim.ee\/swp\/wp-json\/wp\/v2\/media\/7165"}],"wp:attachment":[{"href":"https:\/\/saxsim.ee\/swp\/wp-json\/wp\/v2\/media?parent=7164"}],"wp:term":[{"taxonomy":"product_cat","embeddable":true,"href":"https:\/\/saxsim.ee\/swp\/wp-json\/wp\/v2\/product_cat?post=7164"},{"taxonomy":"product_tag","embeddable":true,"href":"https:\/\/saxsim.ee\/swp\/wp-json\/wp\/v2\/product_tag?post=7164"}],"curies":[{"name":"wp","href":"https:\/\/api.w.org\/{rel}","templated":true}]}}