{"id":7150,"date":"2020-02-11T13:35:06","date_gmt":"2020-02-11T11:35:06","guid":{"rendered":"https:\/\/www.saxsim.ee\/?post_type=product&#038;p=7150"},"modified":"2026-04-02T09:52:35","modified_gmt":"2026-04-02T06:52:35","slug":"sibel-colour-leave-in-treatment-250-ml-juustesse-jaetav-palsam-varvitudblondeeritud-juustele","status":"publish","type":"product","link":"https:\/\/saxsim.ee\/swp\/product\/sibel-colour-leave-in-treatment-250-ml-juustesse-jaetav-palsam-varvitudblondeeritud-juustele\/","title":{"rendered":"Sibel Colour Leave-in Treatment 250 ml &#8211; juustesse j\u00e4etav palsam v\u00e4rvitud\/blondeeritud juustele"},"content":{"rendered":"<p><span class=\"tlid-translation translation\" lang=\"et\"><span class=\"\" title=\"\">Sibel Colour Leave-in Treatment sisaldab E<span title=\"\">-vitamiini ja Tea Seed Oil-i ( <\/span><span title=\"\">tee seemne\u00f5li )<\/span>. P<span title=\"\">arandab juuksev\u00e4rvi, <\/span>m<\/span>uu\u00addab juuk\u00adsed pehmeteks ja l\u00e4i\u00adki\u00adva\u00adteks. Hoiab \u00e4ra pusade tekkimise.<\/span><\/p>\n<p><strong>Kasutamine:<\/strong> Kandke pestud r\u00e4tikukuivadesse juustesse. Ei loputata.<\/p>\n<p><span class=\"tlid-translation translation\" lang=\"et\"><span class=\"\" title=\"\"><strong>Ettevaatust!<\/strong> V\u00e4ltige silma sattumist.<\/span><\/span><\/p>\n<p>Valmistatud: Hispaanias<\/p>\n","protected":false},"excerpt":{"rendered":"<p>Sibel Colour Leave-in Treatment sisaldab E-vitamiini ja Tea Seed Oil-i ( tee seemne\u00f5li ). Parandab juuksev\u00e4rvi, muu\u00addab juuk\u00adsed pehmeteks ja l\u00e4i\u00adki\u00adva\u00adteks. Hoiab \u00e4ra pusade tekkimise. Kasutamine: Kandke pestud r\u00e4tikukuivadesse juustesse. Ei loputata. Ettevaatust! V\u00e4ltige silma sattumist. Valmistatud: Hispaanias<\/p>\n","protected":false},"featured_media":7151,"comment_status":"closed","ping_status":"closed","template":"","meta":[],"product_cat":[107,251,759,395,661],"product_tag":[],"class_list":{"0":"post-7150","1":"product","2":"type-product","3":"status-publish","4":"has-post-thumbnail","6":"product_cat-pakkumised","7":"product_cat-lopumuuk","8":"product_cat-sibel-hair-care","9":"product_cat-juuksed","10":"product_cat-pahejaetavad-hooldusained","12":"first","13":"instock","14":"sale","15":"taxable","16":"shipping-taxable","17":"purchasable","18":"product-type-simple"},"_links":{"self":[{"href":"https:\/\/saxsim.ee\/swp\/wp-json\/wp\/v2\/product\/7150"}],"collection":[{"href":"https:\/\/saxsim.ee\/swp\/wp-json\/wp\/v2\/product"}],"about":[{"href":"https:\/\/saxsim.ee\/swp\/wp-json\/wp\/v2\/types\/product"}],"replies":[{"embeddable":true,"href":"https:\/\/saxsim.ee\/swp\/wp-json\/wp\/v2\/comments?post=7150"}],"wp:featuredmedia":[{"embeddable":true,"href":"https:\/\/saxsim.ee\/swp\/wp-json\/wp\/v2\/media\/7151"}],"wp:attachment":[{"href":"https:\/\/saxsim.ee\/swp\/wp-json\/wp\/v2\/media?parent=7150"}],"wp:term":[{"taxonomy":"product_cat","embeddable":true,"href":"https:\/\/saxsim.ee\/swp\/wp-json\/wp\/v2\/product_cat?post=7150"},{"taxonomy":"product_tag","embeddable":true,"href":"https:\/\/saxsim.ee\/swp\/wp-json\/wp\/v2\/product_tag?post=7150"}],"curies":[{"name":"wp","href":"https:\/\/api.w.org\/{rel}","templated":true}]}}