{"id":7148,"date":"2020-02-11T12:59:49","date_gmt":"2020-02-11T10:59:49","guid":{"rendered":"https:\/\/www.saxsim.ee\/?post_type=product&#038;p=7148"},"modified":"2026-04-02T09:45:38","modified_gmt":"2026-04-02T06:45:38","slug":"sibel-moisture-leave-in-spray-250-ml-juustesse-jaetav-palsam-normaalsetelekuivadele-juustele","status":"publish","type":"product","link":"https:\/\/saxsim.ee\/swp\/product\/sibel-moisture-leave-in-spray-250-ml-juustesse-jaetav-palsam-normaalsetelekuivadele-juustele\/","title":{"rendered":"Sibel Moisture Leave-in Spray 250 ml &#8211; juustesse j\u00e4etav palsam normaalsetele\/kuivadele juustele"},"content":{"rendered":"<p><span class=\"tlid-translation translation\" lang=\"et\"><span class=\"\" title=\"\">Sibel Moisture Leave-in Spray sisaldab <span title=\"\">B5-vitamiini ja <\/span>makadaamia\u00f5li. Niisutab, m<\/span>uu\u00addab juuk\u00adsed pehmeteks ja l\u00e4i\u00adki\u00adva\u00adteks. Hoiab \u00e4ra pusade tekkimise.<br \/>\n<\/span><\/p>\n<p><strong>Kasutamine:<\/strong> Pihusta pestud r\u00e4tikukuivadesse juustesse ja kammi. Ei loputata.<\/p>\n<p><span class=\"tlid-translation translation\" lang=\"et\"><span class=\"\" title=\"\"><strong>Ettevaatust!<\/strong> V\u00e4ltige silma sattumist.<\/span><\/span><\/p>\n<p><span id=\"result_box\" class=\"\" lang=\"et\"><span title=\"Saattaa p\u00e4\u00e4st\u00e4\u00e4 m\u00e4rk\u00e4n\u00e4 v\u00e4ri\u00e4 pyyhkeeseen \/ lakanoihin.\"><strong>Kasulik nipp juuksuritele!<\/strong><\/span><\/span><br \/>\nKasutage juuste niisutamiseks l\u00f5ikuse ajal.<\/p>\n<p>Valmistatud: Hispaanias<\/p>\n<p>&nbsp;<\/p>\n","protected":false},"excerpt":{"rendered":"<p>Sibel Moisture Leave-in Spray sisaldab B5-vitamiini ja makadaamia\u00f5li. Niisutab, muu\u00addab juuk\u00adsed pehmeteks ja l\u00e4i\u00adki\u00adva\u00adteks. Hoiab \u00e4ra pusade tekkimise. Kasutamine: Pihusta pestud r\u00e4tikukuivadesse juustesse ja kammi. Ei loputata. Ettevaatust! V\u00e4ltige silma sattumist. Kasulik nipp juuksuritele! Kasutage juuste niisutamiseks l\u00f5ikuse ajal. Valmistatud: Hispaanias &nbsp;<\/p>\n","protected":false},"featured_media":7149,"comment_status":"closed","ping_status":"closed","template":"","meta":[],"product_cat":[107,251,759,395,661],"product_tag":[],"class_list":{"0":"post-7148","1":"product","2":"type-product","3":"status-publish","4":"has-post-thumbnail","6":"product_cat-pakkumised","7":"product_cat-lopumuuk","8":"product_cat-sibel-hair-care","9":"product_cat-juuksed","10":"product_cat-pahejaetavad-hooldusained","12":"first","13":"instock","14":"sale","15":"taxable","16":"shipping-taxable","17":"purchasable","18":"product-type-simple"},"_links":{"self":[{"href":"https:\/\/saxsim.ee\/swp\/wp-json\/wp\/v2\/product\/7148"}],"collection":[{"href":"https:\/\/saxsim.ee\/swp\/wp-json\/wp\/v2\/product"}],"about":[{"href":"https:\/\/saxsim.ee\/swp\/wp-json\/wp\/v2\/types\/product"}],"replies":[{"embeddable":true,"href":"https:\/\/saxsim.ee\/swp\/wp-json\/wp\/v2\/comments?post=7148"}],"wp:featuredmedia":[{"embeddable":true,"href":"https:\/\/saxsim.ee\/swp\/wp-json\/wp\/v2\/media\/7149"}],"wp:attachment":[{"href":"https:\/\/saxsim.ee\/swp\/wp-json\/wp\/v2\/media?parent=7148"}],"wp:term":[{"taxonomy":"product_cat","embeddable":true,"href":"https:\/\/saxsim.ee\/swp\/wp-json\/wp\/v2\/product_cat?post=7148"},{"taxonomy":"product_tag","embeddable":true,"href":"https:\/\/saxsim.ee\/swp\/wp-json\/wp\/v2\/product_tag?post=7148"}],"curies":[{"name":"wp","href":"https:\/\/api.w.org\/{rel}","templated":true}]}}