{"id":7143,"date":"2020-02-11T12:36:53","date_gmt":"2020-02-11T10:36:53","guid":{"rendered":"https:\/\/www.saxsim.ee\/?post_type=product&#038;p=7143"},"modified":"2026-04-02T09:43:50","modified_gmt":"2026-04-02T06:43:50","slug":"sibel-moisture-conditioner-1000-ml-niisutav-palsam-normaalsetelekuivadele-juustele","status":"publish","type":"product","link":"https:\/\/saxsim.ee\/swp\/product\/sibel-moisture-conditioner-1000-ml-niisutav-palsam-normaalsetelekuivadele-juustele\/","title":{"rendered":"Sibel Moisture Conditioner 1000 ml &#8211; niisutav palsam normaalsetele\/kuivadele juustele"},"content":{"rendered":"<p><span class=\"tlid-translation translation\" lang=\"et\"><span class=\"\" title=\"\">Sibel Moisture palsam sisaldab <span title=\"\">B5-vitamiini ja <\/span>makadaamia\u00f5li. Niisutab, silendab ja m<\/span>uu\u00addab juuk\u00adsed l\u00e4i\u00adki\u00adva\u00admaks.<\/span><\/p>\n<p><strong>Kasutamine:<\/strong> <span class=\"tlid-translation translation\" lang=\"et\"><span class=\"\" title=\"\">Kanna palsam pestud r\u00e4tikukuivadesse juustesse ja lase m\u00f5juda v\u00e4hemalt 1 minut. Loputa korralikult.<\/span><\/span><\/p>\n<p><span class=\"tlid-translation translation\" lang=\"et\"><span class=\"\" title=\"\"><strong>Ettevaatust!<\/strong> V\u00e4ltige silma sattumist.<\/span><\/span><\/p>\n<p>Valmistatud: Hispaanias<\/p>\n","protected":false},"excerpt":{"rendered":"<p>Sibel Moisture palsam sisaldab B5-vitamiini ja makadaamia\u00f5li. Niisutab, silendab ja muu\u00addab juuk\u00adsed l\u00e4i\u00adki\u00adva\u00admaks. Kasutamine: Kanna palsam pestud r\u00e4tikukuivadesse juustesse ja lase m\u00f5juda v\u00e4hemalt 1 minut. Loputa korralikult. Ettevaatust! V\u00e4ltige silma sattumist. Valmistatud: Hispaanias<\/p>\n","protected":false},"featured_media":7144,"comment_status":"closed","ping_status":"closed","template":"","meta":[],"product_cat":[107,251,759,395,660],"product_tag":[],"class_list":{"0":"post-7143","1":"product","2":"type-product","3":"status-publish","4":"has-post-thumbnail","6":"product_cat-pakkumised","7":"product_cat-lopumuuk","8":"product_cat-sibel-hair-care","9":"product_cat-juuksed","10":"product_cat-palsamid","12":"first","13":"outofstock","14":"sale","15":"taxable","16":"shipping-taxable","17":"purchasable","18":"product-type-simple"},"_links":{"self":[{"href":"https:\/\/saxsim.ee\/swp\/wp-json\/wp\/v2\/product\/7143"}],"collection":[{"href":"https:\/\/saxsim.ee\/swp\/wp-json\/wp\/v2\/product"}],"about":[{"href":"https:\/\/saxsim.ee\/swp\/wp-json\/wp\/v2\/types\/product"}],"replies":[{"embeddable":true,"href":"https:\/\/saxsim.ee\/swp\/wp-json\/wp\/v2\/comments?post=7143"}],"wp:featuredmedia":[{"embeddable":true,"href":"https:\/\/saxsim.ee\/swp\/wp-json\/wp\/v2\/media\/7144"}],"wp:attachment":[{"href":"https:\/\/saxsim.ee\/swp\/wp-json\/wp\/v2\/media?parent=7143"}],"wp:term":[{"taxonomy":"product_cat","embeddable":true,"href":"https:\/\/saxsim.ee\/swp\/wp-json\/wp\/v2\/product_cat?post=7143"},{"taxonomy":"product_tag","embeddable":true,"href":"https:\/\/saxsim.ee\/swp\/wp-json\/wp\/v2\/product_tag?post=7143"}],"curies":[{"name":"wp","href":"https:\/\/api.w.org\/{rel}","templated":true}]}}