{"id":7139,"date":"2020-02-11T09:32:38","date_gmt":"2020-02-11T07:32:38","guid":{"rendered":"https:\/\/www.saxsim.ee\/?post_type=product&#038;p=7139"},"modified":"2024-01-08T12:53:17","modified_gmt":"2024-01-08T10:53:17","slug":"jaguar-hd-5000-ionic-light-kasifoon","status":"publish","type":"product","link":"https:\/\/saxsim.ee\/swp\/product\/jaguar-hd-5000-ionic-light-kasifoon\/","title":{"rendered":"Jaguar HD 5000 Ionic Light &#8211; k\u00e4sif\u00f6\u00f6n"},"content":{"rendered":"<p><strong>Tehnilised andmed:<\/strong><\/p>\n<p>v\u00f5imas professionaalne mootor<br \/>\n220-240 V \/\/ 50-60 Hz<br \/>\n1500-1800 W<br \/>\n1020 l \u00f5hku min.<br \/>\nION-tehnoloogia<br \/>\n2 kiirust<br \/>\n4 kuumusastet<br \/>\nk\u00fclma \u00f5huvoo nupp<br \/>\nkaal &#8211; 460 g<br \/>\njuhe &#8211; 2,8 m<br \/>\n2 \u00f5husuunajat ( 60 mm ja 80 mm )<\/p>\n","protected":false},"excerpt":{"rendered":"<p>Tehnilised andmed: v\u00f5imas professionaalne mootor 220-240 V \/\/ 50-60 Hz 1500-1800 W 1020 l \u00f5hku min. ION-tehnoloogia 2 kiirust 4 kuumusastet k\u00fclma \u00f5huvoo nupp kaal &#8211; 460 g juhe &#8211; 2,8 m 2 \u00f5husuunajat ( 60 mm ja 80 mm )<\/p>\n","protected":false},"featured_media":7140,"comment_status":"closed","ping_status":"closed","template":"","meta":[],"product_cat":[736,401,280,285],"product_tag":[],"class_list":{"0":"post-7139","1":"product","2":"type-product","3":"status-publish","4":"has-post-thumbnail","6":"product_cat-jaguar","7":"product_cat-juuksuri-tarvikud","8":"product_cat-elektrilised-toovahendid","9":"product_cat-kasifoonid","11":"first","12":"instock","13":"taxable","14":"shipping-taxable","15":"purchasable","16":"product-type-simple"},"_links":{"self":[{"href":"https:\/\/saxsim.ee\/swp\/wp-json\/wp\/v2\/product\/7139"}],"collection":[{"href":"https:\/\/saxsim.ee\/swp\/wp-json\/wp\/v2\/product"}],"about":[{"href":"https:\/\/saxsim.ee\/swp\/wp-json\/wp\/v2\/types\/product"}],"replies":[{"embeddable":true,"href":"https:\/\/saxsim.ee\/swp\/wp-json\/wp\/v2\/comments?post=7139"}],"wp:featuredmedia":[{"embeddable":true,"href":"https:\/\/saxsim.ee\/swp\/wp-json\/wp\/v2\/media\/7140"}],"wp:attachment":[{"href":"https:\/\/saxsim.ee\/swp\/wp-json\/wp\/v2\/media?parent=7139"}],"wp:term":[{"taxonomy":"product_cat","embeddable":true,"href":"https:\/\/saxsim.ee\/swp\/wp-json\/wp\/v2\/product_cat?post=7139"},{"taxonomy":"product_tag","embeddable":true,"href":"https:\/\/saxsim.ee\/swp\/wp-json\/wp\/v2\/product_tag?post=7139"}],"curies":[{"name":"wp","href":"https:\/\/api.w.org\/{rel}","templated":true}]}}