{"id":7131,"date":"2020-02-09T17:28:23","date_gmt":"2020-02-09T15:28:23","guid":{"rendered":"https:\/\/www.saxsim.ee\/?post_type=product&#038;p=7131"},"modified":"2026-01-30T09:31:16","modified_gmt":"2026-01-30T07:31:16","slug":"blue-bleaching-powder-intense-500-g-blondeerimispulber","status":"publish","type":"product","link":"https:\/\/saxsim.ee\/swp\/product\/blue-bleaching-powder-intense-500-g-blondeerimispulber\/","title":{"rendered":"Blue Bleaching Powder Intense 500 g. &#8211; blondeerimispulber"},"content":{"rendered":"<p>Sinist v\u00e4rvi blondeerimispulber intensiivseks valgendamiseks ja Balayage vabak\u00e4e tehnikaks. T<span class=\"tlid-translation translation\" lang=\"et\"><span class=\"\" title=\"\">eemanttolmuga<\/span><\/span> t<span class=\"tlid-translation translation\" lang=\"et\"><span class=\"\" title=\"\">\u00e4iustatud koostis. Valgendab kuni 8 astet.<\/span><\/span><\/p>\n<p>&nbsp;<\/p>\n<p>&nbsp;<\/p>\n<p>&nbsp;<\/p>\n","protected":false},"excerpt":{"rendered":"<p>Sinist v\u00e4rvi blondeerimispulber intensiivseks valgendamiseks ja Balayage vabak\u00e4e tehnikaks. Teemanttolmuga t\u00e4iustatud koostis. Valgendab kuni 8 astet. &nbsp; &nbsp; &nbsp;<\/p>\n","protected":false},"featured_media":7132,"comment_status":"closed","ping_status":"closed","template":"","meta":[],"product_cat":[395,666,247],"product_tag":[637],"class_list":{"0":"post-7131","1":"product","2":"type-product","3":"status-publish","4":"has-post-thumbnail","6":"product_cat-juuksed","7":"product_cat-professionaalseks-kasutamiseks","8":"product_cat-blondeerimisained","9":"product_tag-profitoode","11":"first","12":"instock","13":"taxable","14":"shipping-taxable","15":"purchasable","16":"product-type-simple"},"_links":{"self":[{"href":"https:\/\/saxsim.ee\/swp\/wp-json\/wp\/v2\/product\/7131"}],"collection":[{"href":"https:\/\/saxsim.ee\/swp\/wp-json\/wp\/v2\/product"}],"about":[{"href":"https:\/\/saxsim.ee\/swp\/wp-json\/wp\/v2\/types\/product"}],"replies":[{"embeddable":true,"href":"https:\/\/saxsim.ee\/swp\/wp-json\/wp\/v2\/comments?post=7131"}],"wp:featuredmedia":[{"embeddable":true,"href":"https:\/\/saxsim.ee\/swp\/wp-json\/wp\/v2\/media\/7132"}],"wp:attachment":[{"href":"https:\/\/saxsim.ee\/swp\/wp-json\/wp\/v2\/media?parent=7131"}],"wp:term":[{"taxonomy":"product_cat","embeddable":true,"href":"https:\/\/saxsim.ee\/swp\/wp-json\/wp\/v2\/product_cat?post=7131"},{"taxonomy":"product_tag","embeddable":true,"href":"https:\/\/saxsim.ee\/swp\/wp-json\/wp\/v2\/product_tag?post=7131"}],"curies":[{"name":"wp","href":"https:\/\/api.w.org\/{rel}","templated":true}]}}