{"id":7116,"date":"2020-02-11T09:58:50","date_gmt":"2020-02-11T07:58:50","guid":{"rendered":"https:\/\/www.saxsim.ee\/?post_type=product&#038;p=7116"},"modified":"2026-04-02T09:41:52","modified_gmt":"2026-04-02T06:41:52","slug":"sibel-moisture-shampoo-1000-ml-niisutav-sampoon-normaalsetelekuivadele-juustele","status":"publish","type":"product","link":"https:\/\/saxsim.ee\/swp\/product\/sibel-moisture-shampoo-1000-ml-niisutav-sampoon-normaalsetelekuivadele-juustele\/","title":{"rendered":"Sibel Moisture Shampoo 1000 ml &#8211; niisutav \u0161ampoon normaalsetele\/kuivadele juustele"},"content":{"rendered":"<p><span class=\"tlid-translation translation\" lang=\"et\"><span class=\"\" title=\"\">Sibel Moisture \u0161ampoon sisaldab <span title=\"\">B5-vitamiini ja <\/span>makadaamia\u00f5li. Puhastab \u00f5rnalt, niisutab ja m<\/span>uu\u00addab juuk\u00adsed l\u00e4i\u00adki\u00adva\u00admaks.\u00a0 <\/span><\/p>\n<p><strong>Kasutamine:<\/strong> Kanna m\u00e4rgadesse juustesse, aja vahule ja pese. Loputa korralikult. <span class=\"tlid-translation translation\" lang=\"et\"><span class=\"\" title=\"\">Vajadusel korrake.<\/span><\/span><\/p>\n<p><span class=\"tlid-translation translation\" lang=\"et\"><span class=\"\" title=\"\"><strong>Ettevaatust!<\/strong> V\u00e4ltige silma sattumist.<\/span><\/span><\/p>\n<p>Valmistatud: Hispaanias<\/p>\n","protected":false},"excerpt":{"rendered":"<p>Sibel Moisture \u0161ampoon sisaldab B5-vitamiini ja makadaamia\u00f5li. Puhastab \u00f5rnalt, niisutab ja muu\u00addab juuk\u00adsed l\u00e4i\u00adki\u00adva\u00admaks.\u00a0 Kasutamine: Kanna m\u00e4rgadesse juustesse, aja vahule ja pese. Loputa korralikult. Vajadusel korrake. Ettevaatust! V\u00e4ltige silma sattumist. Valmistatud: Hispaanias<\/p>\n","protected":false},"featured_media":7147,"comment_status":"closed","ping_status":"closed","template":"","meta":[],"product_cat":[107,251,759,395,659],"product_tag":[],"class_list":{"0":"post-7116","1":"product","2":"type-product","3":"status-publish","4":"has-post-thumbnail","6":"product_cat-pakkumised","7":"product_cat-lopumuuk","8":"product_cat-sibel-hair-care","9":"product_cat-juuksed","10":"product_cat-sampoonid","12":"first","13":"instock","14":"sale","15":"taxable","16":"shipping-taxable","17":"purchasable","18":"product-type-simple"},"_links":{"self":[{"href":"https:\/\/saxsim.ee\/swp\/wp-json\/wp\/v2\/product\/7116"}],"collection":[{"href":"https:\/\/saxsim.ee\/swp\/wp-json\/wp\/v2\/product"}],"about":[{"href":"https:\/\/saxsim.ee\/swp\/wp-json\/wp\/v2\/types\/product"}],"replies":[{"embeddable":true,"href":"https:\/\/saxsim.ee\/swp\/wp-json\/wp\/v2\/comments?post=7116"}],"wp:featuredmedia":[{"embeddable":true,"href":"https:\/\/saxsim.ee\/swp\/wp-json\/wp\/v2\/media\/7147"}],"wp:attachment":[{"href":"https:\/\/saxsim.ee\/swp\/wp-json\/wp\/v2\/media?parent=7116"}],"wp:term":[{"taxonomy":"product_cat","embeddable":true,"href":"https:\/\/saxsim.ee\/swp\/wp-json\/wp\/v2\/product_cat?post=7116"},{"taxonomy":"product_tag","embeddable":true,"href":"https:\/\/saxsim.ee\/swp\/wp-json\/wp\/v2\/product_tag?post=7116"}],"curies":[{"name":"wp","href":"https:\/\/api.w.org\/{rel}","templated":true}]}}