{"id":7061,"date":"2020-01-21T19:37:28","date_gmt":"2020-01-21T17:37:28","guid":{"rendered":"https:\/\/www.saxsim.ee\/?post_type=product&#038;p=7061"},"modified":"2025-07-30T10:10:17","modified_gmt":"2025-07-30T07:10:17","slug":"cera-straightener-sirgendaja","status":"publish","type":"product","link":"https:\/\/saxsim.ee\/swp\/product\/cera-straightener-sirgendaja\/","title":{"rendered":"Cera Straightener &#8211; sirgendaja"},"content":{"rendered":"<p>ION tehnoloogiaga, keraamiliste plaatidega sirgendaja. Sobib k\u00f5ikidele juukset\u00fc\u00fcpidele, tehes nad sirgeteks ja ilusalt l\u00e4ikivateks.<\/p>\n<p><strong>Tehnilised andmed:<\/strong><\/p>\n<p>t\u00f6\u00f6temperatuur &#8211; 130\u00b0C kuni 230\u00b0C<br \/>\nkeraamilised plaadid &#8211; 20 x 90 mm, \u201d ujuvad \u201d<br \/>\nION tehnoloogia<br \/>\nautomaatne v\u00e4ljal\u00fclitus 30 min. m\u00f6\u00f6dumisel<br \/>\nm\u00e4lu nupp<br \/>\ndigitaalne temperatuuri reguleerimine<br \/>\nkaal &#8211; 250 g<br \/>\np\u00f6\u00f6rlev juhe &#8211; 2,5 m<\/p>\n","protected":false},"excerpt":{"rendered":"<p>ION tehnoloogiaga, keraamiliste plaatidega sirgendaja. Sobib k\u00f5ikidele juukset\u00fc\u00fcpidele, tehes nad sirgeteks ja ilusalt l\u00e4ikivateks. Tehnilised andmed: t\u00f6\u00f6temperatuur &#8211; 130\u00b0C kuni 230\u00b0C keraamilised plaadid &#8211; 20 x 90 mm, \u201d ujuvad \u201d ION tehnoloogia automaatne v\u00e4ljal\u00fclitus 30 min. m\u00f6\u00f6dumisel m\u00e4lu nupp digitaalne temperatuuri reguleerimine kaal &#8211; 250 g p\u00f6\u00f6rlev juhe &#8211; 2,5 m<\/p>\n","protected":false},"featured_media":7062,"comment_status":"closed","ping_status":"closed","template":"","meta":[],"product_cat":[710,401,280,338],"product_tag":[],"class_list":{"0":"post-7061","1":"product","2":"type-product","3":"status-publish","4":"has-post-thumbnail","6":"product_cat-cera-professional","7":"product_cat-juuksuri-tarvikud","8":"product_cat-elektrilised-toovahendid","9":"product_cat-sirgendajad","11":"first","12":"instock","13":"taxable","14":"shipping-taxable","15":"purchasable","16":"product-type-simple"},"_links":{"self":[{"href":"https:\/\/saxsim.ee\/swp\/wp-json\/wp\/v2\/product\/7061"}],"collection":[{"href":"https:\/\/saxsim.ee\/swp\/wp-json\/wp\/v2\/product"}],"about":[{"href":"https:\/\/saxsim.ee\/swp\/wp-json\/wp\/v2\/types\/product"}],"replies":[{"embeddable":true,"href":"https:\/\/saxsim.ee\/swp\/wp-json\/wp\/v2\/comments?post=7061"}],"wp:featuredmedia":[{"embeddable":true,"href":"https:\/\/saxsim.ee\/swp\/wp-json\/wp\/v2\/media\/7062"}],"wp:attachment":[{"href":"https:\/\/saxsim.ee\/swp\/wp-json\/wp\/v2\/media?parent=7061"}],"wp:term":[{"taxonomy":"product_cat","embeddable":true,"href":"https:\/\/saxsim.ee\/swp\/wp-json\/wp\/v2\/product_cat?post=7061"},{"taxonomy":"product_tag","embeddable":true,"href":"https:\/\/saxsim.ee\/swp\/wp-json\/wp\/v2\/product_tag?post=7061"}],"curies":[{"name":"wp","href":"https:\/\/api.w.org\/{rel}","templated":true}]}}