{"id":7040,"date":"2020-01-17T11:18:04","date_gmt":"2020-01-17T09:18:04","guid":{"rendered":"https:\/\/www.saxsim.ee\/?post_type=product&#038;p=7040"},"modified":"2020-02-12T22:19:39","modified_gmt":"2020-02-12T20:19:39","slug":"cisoria-class-s-55-loikuskaarid","status":"publish","type":"product","link":"https:\/\/saxsim.ee\/swp\/product\/cisoria-class-s-55-loikuskaarid\/","title":{"rendered":"Cisoria Class S 5,5&#8243; &#8211; l\u00f5ikusk\u00e4\u00e4rid"},"content":{"rendered":"<p>Roostevabast\u00a0terasest k\u00e4\u00e4rid.<\/p>\n<p><strong>Materjal:<\/strong><br \/>\n440C roostevaba teras<br \/>\nHRC: 57-58\u00b0<\/p>\n<p><strong>Disainielemendid:<\/strong><br \/>\ntavalise kujuga k\u00e4epide<br \/>\nconcave tera<br \/>\neemaldatav s\u00f5rmetugi<br \/>\nregulaarse suurusega s\u00f5rmeaugud<\/p>\n<p><strong>Lisatud:<\/strong><br \/>\nk\u00e4\u00e4ri\u00f5li \u2013 1 tk.<br \/>\ns\u00f5rmer\u00f5ngad \u2013 2 tk.<br \/>\npuhastuslapp \u2013 1 tk.<br \/>\npingutusv\u00f5ti \u2013 1 tk.<\/p>\n<p>&nbsp;<\/p>\n<p>&nbsp;<\/p>\n<p>&nbsp;<\/p>\n","protected":false},"excerpt":{"rendered":"<p>Roostevabast\u00a0terasest k\u00e4\u00e4rid. Materjal: 440C roostevaba teras HRC: 57-58\u00b0 Disainielemendid: tavalise kujuga k\u00e4epide concave tera eemaldatav s\u00f5rmetugi regulaarse suurusega s\u00f5rmeaugud Lisatud: k\u00e4\u00e4ri\u00f5li \u2013 1 tk. s\u00f5rmer\u00f5ngad \u2013 2 tk. puhastuslapp \u2013 1 tk. pingutusv\u00f5ti \u2013 1 tk. &nbsp; &nbsp; &nbsp;<\/p>\n","protected":false},"featured_media":7041,"comment_status":"closed","ping_status":"closed","template":"","meta":[],"product_cat":[735,401,174,276],"product_tag":[],"class_list":{"0":"post-7040","1":"product","2":"type-product","3":"status-publish","4":"has-post-thumbnail","6":"product_cat-cisoria","7":"product_cat-juuksuri-tarvikud","8":"product_cat-kaarid","9":"product_cat-loikuskaarid","11":"first","12":"instock","13":"taxable","14":"shipping-taxable","15":"purchasable","16":"product-type-simple"},"_links":{"self":[{"href":"https:\/\/saxsim.ee\/swp\/wp-json\/wp\/v2\/product\/7040"}],"collection":[{"href":"https:\/\/saxsim.ee\/swp\/wp-json\/wp\/v2\/product"}],"about":[{"href":"https:\/\/saxsim.ee\/swp\/wp-json\/wp\/v2\/types\/product"}],"replies":[{"embeddable":true,"href":"https:\/\/saxsim.ee\/swp\/wp-json\/wp\/v2\/comments?post=7040"}],"wp:featuredmedia":[{"embeddable":true,"href":"https:\/\/saxsim.ee\/swp\/wp-json\/wp\/v2\/media\/7041"}],"wp:attachment":[{"href":"https:\/\/saxsim.ee\/swp\/wp-json\/wp\/v2\/media?parent=7040"}],"wp:term":[{"taxonomy":"product_cat","embeddable":true,"href":"https:\/\/saxsim.ee\/swp\/wp-json\/wp\/v2\/product_cat?post=7040"},{"taxonomy":"product_tag","embeddable":true,"href":"https:\/\/saxsim.ee\/swp\/wp-json\/wp\/v2\/product_tag?post=7040"}],"curies":[{"name":"wp","href":"https:\/\/api.w.org\/{rel}","templated":true}]}}