{"id":7012,"date":"2020-01-09T21:53:46","date_gmt":"2020-01-09T19:53:46","guid":{"rendered":"https:\/\/www.saxsim.ee\/?post_type=product&#038;p=7012"},"modified":"2025-04-15T08:15:02","modified_gmt":"2025-04-15T05:15:02","slug":"chemisept-fg-1000-ml-jalgade-antiseptikum","status":"publish","type":"product","link":"https:\/\/saxsim.ee\/swp\/product\/chemisept-fg-1000-ml-jalgade-antiseptikum\/","title":{"rendered":"Chemisept FG 1000 ml. &#8211; jalgade antiseptikum"},"content":{"rendered":"<p>CHEMISEPT FG on efektiivne vahend jalgade antiseptikaks. Toode on laia fungitsiidse ja bakteritsiidse toimega, h\u00e4vitab Gram-negatiivseid ja Gram-positiivseid baktereid ning viiruseid. V\u00e4ga efektiivne dermatof\u00fc\u00fctide, p\u00e4rm- ja hallitusseente suhtes. Tootes on kasutatud puhast ja v\u00e4helenduvat et\u00fc\u00fclalkoholi, mis pihustades ei p\u00f5hjusta hingamisteede \u00e4rritust.<br \/>\nSobib alkoholi taluvate jalan\u00f5ude kiireks desinfektsiooniks. V\u00e4hendab jalgade higistamist ning sellest tuleneva ebameeldiva l\u00f5hna tekkimist. Likvideerib naha ja k\u00fc\u00fcnte seenhaiguste jaoks sobiva keskkonna. Nahakaitsekomponentide sisalduse t\u00f5ttu aitab taastada naha kaitsefunktsioone. Toode on v\u00e4ga nahas\u00f5bralik.<br \/>\nK\u00fc\u00fcnte seenhaiguse korral medikamentoosse ravi ajal ning 6 kuud peale seda soovitatakse t\u00f6\u00f6delda \u00f5htuti jalgu ja jalan\u00f5usid CHEMISEPT FG-ga, piserdades lahust jalgadele ja jalan\u00f5udesse ning lastes kuivada.<\/p>\n<p><strong>Kasutamine:<\/strong><\/p>\n<p>\u2022 Pihustada kuivadele jalgadele ja lasta kuivada. Toimeaeg 30 sekundit.<br \/>\n\u2022 Sobib kasutamiseks jalgade pihustusseadmetes. Pihustusseadmete d\u00fc\u00fcsid on paigutatud nii, et saavutatakse jalaselja- ja laba t\u00e4ielik niisutamine. Seade monteeritakse p\u00f5randapinnast k\u00f5rgemale, nii et ta ei takista p\u00f5randa puhastamist.<br \/>\n\u2022 Jalan\u00f5ude desinfitseerimine. Kontrollida, kas jalan\u00f5ud on alkoholikindlad, seej\u00e4rel pihustada jalan\u00f5udesse, j\u00e4lgida, et k\u00f5ik jalan\u00f5ude sisepinnad oleksid kaetud, lasta kuivada. Soovitav l\u00e4bi viia \u00f5htuti. Samuti on soovitav desinfitseerida sokke. Jalan\u00f5usid ja sokke v\u00f5ib t\u00f6\u00f6delda ka 0,3% Chemipharm Des New lahusega (t\u00e4psem info tootejuhendil)<br \/>\nToode vastab EN 1275, EN 13727 n\u00f5uetele.<\/p>\n<p><strong>ETTEVAATUSABIN\u00d5UD:<\/strong><br \/>\nVahend on tuleohtlik<br \/>\nHoida eemale s\u00fcttimisallikast-Mitte suitsetada!<br \/>\nSilma sattumisel loputada rohke veega ja p\u00f6\u00f6rduda arsti poole.<\/p>\n<p>Biotsiidi Registreerimistunnistus No. 0039\/05<\/p>\n<p>PAKENDID:<br \/>\n75 ml pihustuspudel<br \/>\n250 ml pihustuspudel<br \/>\n1000 ml t\u00e4itepakend<br \/>\n5000 ml kanister<\/p>\n","protected":false},"excerpt":{"rendered":"<p>CHEMISEPT FG on efektiivne vahend jalgade antiseptikaks. Toode on laia fungitsiidse ja bakteritsiidse toimega, h\u00e4vitab Gram-negatiivseid ja Gram-positiivseid baktereid ning viiruseid. V\u00e4ga efektiivne dermatof\u00fc\u00fctide, p\u00e4rm- ja hallitusseente suhtes. Tootes on kasutatud puhast ja v\u00e4helenduvat et\u00fc\u00fclalkoholi, mis pihustades ei p\u00f5hjusta hingamisteede \u00e4rritust. Sobib alkoholi taluvate jalan\u00f5ude kiireks desinfektsiooniks. V\u00e4hendab jalgade higistamist ning sellest tuleneva ebameeldiva l\u00f5hna [&hellip;]<\/p>\n","protected":false},"featured_media":7326,"comment_status":"closed","ping_status":"closed","template":"","meta":[],"product_cat":[745,696,577,600,401,599],"product_tag":[],"class_list":{"0":"post-7012","1":"product","2":"type-product","3":"status-publish","4":"has-post-thumbnail","6":"product_cat-chemi-pharm","7":"product_cat-tarvikud","8":"product_cat-iluteenindaja-tarvikud","9":"product_cat-puhastus-ja-desinfektsioonivahendid-iluteenindaja-tarvikud","10":"product_cat-juuksuri-tarvikud","11":"product_cat-puhastus-ja-desinfektsioonivahendid","13":"first","14":"instock","15":"taxable","16":"shipping-taxable","17":"purchasable","18":"product-type-simple"},"_links":{"self":[{"href":"https:\/\/saxsim.ee\/swp\/wp-json\/wp\/v2\/product\/7012"}],"collection":[{"href":"https:\/\/saxsim.ee\/swp\/wp-json\/wp\/v2\/product"}],"about":[{"href":"https:\/\/saxsim.ee\/swp\/wp-json\/wp\/v2\/types\/product"}],"replies":[{"embeddable":true,"href":"https:\/\/saxsim.ee\/swp\/wp-json\/wp\/v2\/comments?post=7012"}],"wp:featuredmedia":[{"embeddable":true,"href":"https:\/\/saxsim.ee\/swp\/wp-json\/wp\/v2\/media\/7326"}],"wp:attachment":[{"href":"https:\/\/saxsim.ee\/swp\/wp-json\/wp\/v2\/media?parent=7012"}],"wp:term":[{"taxonomy":"product_cat","embeddable":true,"href":"https:\/\/saxsim.ee\/swp\/wp-json\/wp\/v2\/product_cat?post=7012"},{"taxonomy":"product_tag","embeddable":true,"href":"https:\/\/saxsim.ee\/swp\/wp-json\/wp\/v2\/product_tag?post=7012"}],"curies":[{"name":"wp","href":"https:\/\/api.w.org\/{rel}","templated":true}]}}