{"id":7009,"date":"2020-01-09T21:44:55","date_gmt":"2020-01-09T19:44:55","guid":{"rendered":"https:\/\/www.saxsim.ee\/?post_type=product&#038;p=7009"},"modified":"2025-09-09T08:00:38","modified_gmt":"2025-09-09T05:00:38","slug":"chemisept-g-1000-ml-naha-antiseptikum","status":"publish","type":"product","link":"https:\/\/saxsim.ee\/swp\/product\/chemisept-g-1000-ml-naha-antiseptikum\/","title":{"rendered":"Chemisept G 1000 ml. &#8211; naha antiseptikum"},"content":{"rendered":"<p>CHEMISEPT G on v\u00e4rvitu efektiivne vahend naha antiseptikaks.Toode on laia fungitsiidse ja bakteri-tsiidse toimega, h\u00e4vitab Gram-positiivseid ja Gram-negatiivseid baktereid (sh Mycobacterium terrae) ja seeni, desaktiveerib nii \u00fcmbrisega (sh HBV, HIV, HCV, Vaccinia, Herpes simplex) kui ka \u00fcmbriseta viirusi (sh Adeno, Rota). Toote remanentne toime kestab 3 tundi.<br \/>\nTootes CHEMISEPT G on kasutatud puhast ja v\u00e4helenduvat et\u00fc\u00fclalkoholi, v\u00e4ltimaks respiratoorsete allergooside teket. Peale naha antiseptikat j\u00e4\u00e4b t\u00e4nu tootes sisalduvale pikatoimelisele desinfektandile p\u00fcsima kolmeks tunniks mikroobide elutegevuseks sobimatu keskkond. Toimeaja m\u00f6\u00f6dudes taastub kiiresti naha normaalne mikrofloora. Toote remanentne toime kestab 3 tundi.<br \/>\nToode on v\u00e4rvitu ja sobib seet\u00f5ttu kasutamiseks ka kosmeetiliste l\u00f5ikuste korral.<\/p>\n<p><strong>Kasutamine:<\/strong><\/p>\n<p>Preoperatiivne naha ettevalmistus:<br \/>\nOperatsiooni piirkond t\u00f6\u00f6delda CHEMISEPT G lahusega. Selleks kasutada korntange ja steriilset tampooni, mis immutada lahusega ja kanda nahale korralikult laiali h\u00f5\u00f5rudes. Operatsiooni piirkonna antiseptika viia l\u00e4bi kaks korda, m\u00f5lemal korral toimeaeg 1,5min. Intsisioonkile v\u00f5ib kleepida ainult kuivale nahale. Lahuse toimeaeg naha preoperatiivseks ettevalmistamiseks kokku 3 minutit.<\/p>\n<p>Aseptilise operatsiooni korral alustada antiseptikat planeeritava l\u00f5ike piirkonnast, liikudes edasi perifeeria suunas.<\/p>\n<p>Septilise operatsiooni korral alustada naha antiseptikaga perifeeriast, liikudes septilise piirkonna suunas.<\/p>\n<p>Naha injektsiooni ja verev\u00f5tmise eelne antiseptika:<br \/>\nPihustada CHEMISEPT G injektsiooni v\u00f5i verev\u00f5tmise piirkonnale, t\u00f6\u00f6delda tampooniga, pihustada teistkordselt lastes lahusel kuivada. Toimeaeg 30 sekundit.<\/p>\n<p>Intraartikulaarse injektsiooni, punktsiooni, artroskoopia ja kan\u00fcleerimise eelne naha antiseptika: Pihustada operatsiooni piirkonnale, t\u00f6\u00f6delda steriilse tampooniga ja korrata protseduuri. Lahuse toimeaeg naha ettevalmistamiseks kokku 3 minutit.<\/p>\n<p>Toode vastab prEN 12054, EN 14348, EN 12791 n\u00f5uetele.<\/p>\n<p>Kuna CHEMISEPT G on l\u00e4binud testid BVDV (HCV surrogaat) ja vaccinia viirustele, inaktiveerib toode k\u00f5iki kapseldunud viiruseid. Nende katsetuste p\u00f5hjal v\u00f5ib v\u00e4ita, et CHEMISEPT G on efektiivne ka nn. verega edasikanduvate viiruste suhtes nagu HBV, HCV ja HIV, samuti viirusgruppidele nagu orthomyxoviirused (kaasaarvatud influensaviirus, H5N1) ja herpesviirused (Herpes simplex virus).<\/p>\n<p>ETTEVAATUSABIN\u00d5UD:<br \/>\nK\u00e4itlemisel t\u00e4ita ohutusn\u00f5udeid! Sisaldab biotsiidi! Enne kasutamist tutvuda kasutusjuhendiga!<br \/>\nToode on v\u00e4ga tuleohtlik<br \/>\nHoida eemal s\u00fcttimisallikatest-Mitte suitsetada!<br \/>\nSilma sattumisel loputada kohe rohke veega ja p\u00f6\u00f6rduda arsti poole<\/p>\n<p>Biotsiidi registreerimistunnistus nr 0045\/05<\/p>\n<p>PAKENDID:<br \/>\n75 ml pihustuspudel<br \/>\n250 ml pihustuspudel<br \/>\n500 ml niisutuspumbaga<br \/>\n1000 ml dosaatorpudel<br \/>\n5000 ml kanister<\/p>\n","protected":false},"excerpt":{"rendered":"<p>CHEMISEPT G on v\u00e4rvitu efektiivne vahend naha antiseptikaks.Toode on laia fungitsiidse ja bakteri-tsiidse toimega, h\u00e4vitab Gram-positiivseid ja Gram-negatiivseid baktereid (sh Mycobacterium terrae) ja seeni, desaktiveerib nii \u00fcmbrisega (sh HBV, HIV, HCV, Vaccinia, Herpes simplex) kui ka \u00fcmbriseta viirusi (sh Adeno, Rota). Toote remanentne toime kestab 3 tundi. Tootes CHEMISEPT G on kasutatud puhast ja v\u00e4helenduvat [&hellip;]<\/p>\n","protected":false},"featured_media":7011,"comment_status":"closed","ping_status":"closed","template":"","meta":[],"product_cat":[745,696,577,600,401,599],"product_tag":[],"class_list":{"0":"post-7009","1":"product","2":"type-product","3":"status-publish","4":"has-post-thumbnail","6":"product_cat-chemi-pharm","7":"product_cat-tarvikud","8":"product_cat-iluteenindaja-tarvikud","9":"product_cat-puhastus-ja-desinfektsioonivahendid-iluteenindaja-tarvikud","10":"product_cat-juuksuri-tarvikud","11":"product_cat-puhastus-ja-desinfektsioonivahendid","13":"first","14":"instock","15":"taxable","16":"shipping-taxable","17":"purchasable","18":"product-type-simple"},"_links":{"self":[{"href":"https:\/\/saxsim.ee\/swp\/wp-json\/wp\/v2\/product\/7009"}],"collection":[{"href":"https:\/\/saxsim.ee\/swp\/wp-json\/wp\/v2\/product"}],"about":[{"href":"https:\/\/saxsim.ee\/swp\/wp-json\/wp\/v2\/types\/product"}],"replies":[{"embeddable":true,"href":"https:\/\/saxsim.ee\/swp\/wp-json\/wp\/v2\/comments?post=7009"}],"wp:featuredmedia":[{"embeddable":true,"href":"https:\/\/saxsim.ee\/swp\/wp-json\/wp\/v2\/media\/7011"}],"wp:attachment":[{"href":"https:\/\/saxsim.ee\/swp\/wp-json\/wp\/v2\/media?parent=7009"}],"wp:term":[{"taxonomy":"product_cat","embeddable":true,"href":"https:\/\/saxsim.ee\/swp\/wp-json\/wp\/v2\/product_cat?post=7009"},{"taxonomy":"product_tag","embeddable":true,"href":"https:\/\/saxsim.ee\/swp\/wp-json\/wp\/v2\/product_tag?post=7009"}],"curies":[{"name":"wp","href":"https:\/\/api.w.org\/{rel}","templated":true}]}}