{"id":6979,"date":"2019-12-24T12:02:48","date_gmt":"2019-12-24T10:02:48","guid":{"rendered":"https:\/\/www.saxsim.ee\/?post_type=product&#038;p=6979"},"modified":"2026-04-11T18:02:41","modified_gmt":"2026-04-11T15:02:41","slug":"cisoria-ltd-ed-rgoe550-loikuskaarid-55","status":"publish","type":"product","link":"https:\/\/saxsim.ee\/swp\/product\/cisoria-ltd-ed-rgoe550-loikuskaarid-55\/","title":{"rendered":"Cisoria LTD ED RGOE550 &#8211; l\u00f5ikusk\u00e4\u00e4rid 5,5&#8243;"},"content":{"rendered":"<p>Roostevabast\u00a0terasest, ergonoomilised k\u00e4\u00e4rid.<\/p>\n<p><strong>Materjal:<\/strong><br \/>\nSUS440C roostevaba teras, kaetud rose gold titaniumiga.<br \/>\nHRC: 59-60\u00b0<\/p>\n<p><strong>Disainielemendid:<\/strong><br \/>\nergonomic offset k\u00e4epide<br \/>\nconcave tera<br \/>\nfikseeritud s\u00f5rmetugi<br \/>\nregulaarse suurusega s\u00f5rmeaugud<\/p>\n<p><strong>Lisatud:<\/strong><br \/>\nk\u00e4\u00e4ri\u00f5li \u2013 1 tk.<br \/>\ns\u00f5rmer\u00f5ngad \u2013 2 tk.<br \/>\npuhastuslapp \u2013 1 tk.<br \/>\npingutusv\u00f5ti \u2013 1 tk.<\/p>\n<p>&nbsp;<\/p>\n<p>&nbsp;<\/p>\n<p>&nbsp;<\/p>\n","protected":false},"excerpt":{"rendered":"<p>Roostevabast\u00a0terasest, ergonoomilised k\u00e4\u00e4rid. Materjal: SUS440C roostevaba teras, kaetud rose gold titaniumiga. HRC: 59-60\u00b0 Disainielemendid: ergonomic offset k\u00e4epide concave tera fikseeritud s\u00f5rmetugi regulaarse suurusega s\u00f5rmeaugud Lisatud: k\u00e4\u00e4ri\u00f5li \u2013 1 tk. s\u00f5rmer\u00f5ngad \u2013 2 tk. puhastuslapp \u2013 1 tk. pingutusv\u00f5ti \u2013 1 tk. &nbsp; &nbsp; &nbsp;<\/p>\n","protected":false},"featured_media":6980,"comment_status":"closed","ping_status":"closed","template":"","meta":[],"product_cat":[735,401,174,276],"product_tag":[],"class_list":{"0":"post-6979","1":"product","2":"type-product","3":"status-publish","4":"has-post-thumbnail","6":"product_cat-cisoria","7":"product_cat-juuksuri-tarvikud","8":"product_cat-kaarid","9":"product_cat-loikuskaarid","11":"first","12":"instock","13":"taxable","14":"shipping-taxable","15":"purchasable","16":"product-type-simple"},"_links":{"self":[{"href":"https:\/\/saxsim.ee\/swp\/wp-json\/wp\/v2\/product\/6979"}],"collection":[{"href":"https:\/\/saxsim.ee\/swp\/wp-json\/wp\/v2\/product"}],"about":[{"href":"https:\/\/saxsim.ee\/swp\/wp-json\/wp\/v2\/types\/product"}],"replies":[{"embeddable":true,"href":"https:\/\/saxsim.ee\/swp\/wp-json\/wp\/v2\/comments?post=6979"}],"wp:featuredmedia":[{"embeddable":true,"href":"https:\/\/saxsim.ee\/swp\/wp-json\/wp\/v2\/media\/6980"}],"wp:attachment":[{"href":"https:\/\/saxsim.ee\/swp\/wp-json\/wp\/v2\/media?parent=6979"}],"wp:term":[{"taxonomy":"product_cat","embeddable":true,"href":"https:\/\/saxsim.ee\/swp\/wp-json\/wp\/v2\/product_cat?post=6979"},{"taxonomy":"product_tag","embeddable":true,"href":"https:\/\/saxsim.ee\/swp\/wp-json\/wp\/v2\/product_tag?post=6979"}],"curies":[{"name":"wp","href":"https:\/\/api.w.org\/{rel}","templated":true}]}}