{"id":6975,"date":"2019-12-20T00:30:50","date_gmt":"2019-12-19T22:30:50","guid":{"rendered":"https:\/\/www.saxsim.ee\/?post_type=product&#038;p=6975"},"modified":"2022-12-31T10:06:27","modified_gmt":"2022-12-31T08:06:27","slug":"heat-protection-fingers-kuumakaitse-nappudele","status":"publish","type":"product","link":"https:\/\/saxsim.ee\/swp\/product\/heat-protection-fingers-kuumakaitse-nappudele\/","title":{"rendered":"Heat Protection Fingers &#8211; kuumakaitse n\u00e4ppudele"},"content":{"rendered":"<p>T\u00f5hus kaitsevahend koonustangide ja teiste kuumenevate t\u00f6\u00f6riistadega t\u00f6\u00f6tamisel. \u00dcks suurus sobib k\u00f5ikidele.<\/p>\n<p>&nbsp;<\/p>\n","protected":false},"excerpt":{"rendered":"<p>T\u00f5hus kaitsevahend koonustangide ja teiste kuumenevate t\u00f6\u00f6riistadega t\u00f6\u00f6tamisel. \u00dcks suurus sobib k\u00f5ikidele. &nbsp;<\/p>\n","protected":false},"featured_media":6976,"comment_status":"closed","ping_status":"closed","template":"","meta":[],"product_cat":[401,293],"product_tag":[],"class_list":{"0":"post-6975","1":"product","2":"type-product","3":"status-publish","4":"has-post-thumbnail","6":"product_cat-juuksuri-tarvikud","7":"product_cat-kindad","9":"first","10":"instock","11":"taxable","12":"shipping-taxable","13":"purchasable","14":"product-type-simple"},"_links":{"self":[{"href":"https:\/\/saxsim.ee\/swp\/wp-json\/wp\/v2\/product\/6975"}],"collection":[{"href":"https:\/\/saxsim.ee\/swp\/wp-json\/wp\/v2\/product"}],"about":[{"href":"https:\/\/saxsim.ee\/swp\/wp-json\/wp\/v2\/types\/product"}],"replies":[{"embeddable":true,"href":"https:\/\/saxsim.ee\/swp\/wp-json\/wp\/v2\/comments?post=6975"}],"wp:featuredmedia":[{"embeddable":true,"href":"https:\/\/saxsim.ee\/swp\/wp-json\/wp\/v2\/media\/6976"}],"wp:attachment":[{"href":"https:\/\/saxsim.ee\/swp\/wp-json\/wp\/v2\/media?parent=6975"}],"wp:term":[{"taxonomy":"product_cat","embeddable":true,"href":"https:\/\/saxsim.ee\/swp\/wp-json\/wp\/v2\/product_cat?post=6975"},{"taxonomy":"product_tag","embeddable":true,"href":"https:\/\/saxsim.ee\/swp\/wp-json\/wp\/v2\/product_tag?post=6975"}],"curies":[{"name":"wp","href":"https:\/\/api.w.org\/{rel}","templated":true}]}}