{"id":6973,"date":"2019-12-20T00:17:34","date_gmt":"2019-12-19T22:17:34","guid":{"rendered":"https:\/\/www.saxsim.ee\/?post_type=product&#038;p=6973"},"modified":"2019-12-20T00:26:43","modified_gmt":"2019-12-19T22:26:43","slug":"balayage-film-30-salgutamise-kile","status":"publish","type":"product","link":"https:\/\/saxsim.ee\/swp\/product\/balayage-film-30-salgutamise-kile\/","title":{"rendered":"Balayage Film 30 &#8211; salgutamise kile"},"content":{"rendered":"<p><span class=\"tlid-translation translation\" lang=\"et\"><span class=\"\" title=\"\">Professionaalne balayage kile, mis sobib ideaalselt t\u00f6\u00f6tamiseks k\u00f5ikide vabak\u00e4e tehnikatega.<br \/>\n<\/span><\/span><\/p>\n<p>M\u00f5\u00f5dud:<br \/>\nlaius &#8211; 30 cm.<br \/>\npikkus &#8211; 90 m.<\/p>\n","protected":false},"excerpt":{"rendered":"<p>Professionaalne balayage kile, mis sobib ideaalselt t\u00f6\u00f6tamiseks k\u00f5ikide vabak\u00e4e tehnikatega. M\u00f5\u00f5dud: laius &#8211; 30 cm. pikkus &#8211; 90 m.<\/p>\n","protected":false},"featured_media":6974,"comment_status":"closed","ping_status":"closed","template":"","meta":[],"product_cat":[401,347,176],"product_tag":[],"class_list":{"0":"post-6973","1":"product","2":"type-product","3":"status-publish","4":"has-post-thumbnail","6":"product_cat-juuksuri-tarvikud","7":"product_cat-salgupaber-ja-kile","8":"product_cat-varvitarvikud","10":"first","11":"instock","12":"taxable","13":"shipping-taxable","14":"purchasable","15":"product-type-simple"},"_links":{"self":[{"href":"https:\/\/saxsim.ee\/swp\/wp-json\/wp\/v2\/product\/6973"}],"collection":[{"href":"https:\/\/saxsim.ee\/swp\/wp-json\/wp\/v2\/product"}],"about":[{"href":"https:\/\/saxsim.ee\/swp\/wp-json\/wp\/v2\/types\/product"}],"replies":[{"embeddable":true,"href":"https:\/\/saxsim.ee\/swp\/wp-json\/wp\/v2\/comments?post=6973"}],"wp:featuredmedia":[{"embeddable":true,"href":"https:\/\/saxsim.ee\/swp\/wp-json\/wp\/v2\/media\/6974"}],"wp:attachment":[{"href":"https:\/\/saxsim.ee\/swp\/wp-json\/wp\/v2\/media?parent=6973"}],"wp:term":[{"taxonomy":"product_cat","embeddable":true,"href":"https:\/\/saxsim.ee\/swp\/wp-json\/wp\/v2\/product_cat?post=6973"},{"taxonomy":"product_tag","embeddable":true,"href":"https:\/\/saxsim.ee\/swp\/wp-json\/wp\/v2\/product_tag?post=6973"}],"curies":[{"name":"wp","href":"https:\/\/api.w.org\/{rel}","templated":true}]}}