{"id":6956,"date":"2019-12-19T23:17:11","date_gmt":"2019-12-19T21:17:11","guid":{"rendered":"https:\/\/www.saxsim.ee\/?post_type=product&#038;p=6956"},"modified":"2024-04-30T07:51:59","modified_gmt":"2024-04-30T04:51:59","slug":"barber-cape-color-pinstripes-loikuslina","status":"publish","type":"product","link":"https:\/\/saxsim.ee\/swp\/product\/barber-cape-color-pinstripes-loikuslina\/","title":{"rendered":"Barber Cape, Color Pinstripes &#8211; l\u00f5ikuslina"},"content":{"rendered":"<p>Suurus &#8211; 130*140 cm.<br \/>\nKinnitus &#8211; haakidega, elastne kaelus<br \/>\nKaeluse max. \u00fcmberm\u00f5\u00f5t \u2013 \u00a0\u00a0 cm.<br \/>\nMaterjal &#8211; vetth\u00fclgav, pol\u00fcester<br \/>\nK\u00e4eavadeta<\/p>\n<p><strong>Hooldus:<\/strong><\/p>\n<p>masinpesu madalal temperatuuril<br \/>\nkuivatada soovitavalt n\u00f6\u00f6ril. Trummelkuivatus ainult madalatel p\u00f6\u00f6retel!<br \/>\npesemisel \u00e4rge kunagi kasutage vedelaid valgendusvahendeid!<\/p>\n","protected":false},"excerpt":{"rendered":"<p>Suurus &#8211; 130*140 cm. Kinnitus &#8211; haakidega, elastne kaelus Kaeluse max. \u00fcmberm\u00f5\u00f5t \u2013 \u00a0\u00a0 cm. Materjal &#8211; vetth\u00fclgav, pol\u00fcester K\u00e4eavadeta Hooldus: masinpesu madalal temperatuuril kuivatada soovitavalt n\u00f6\u00f6ril. Trummelkuivatus ainult madalatel p\u00f6\u00f6retel! pesemisel \u00e4rge kunagi kasutage vedelaid valgendusvahendeid!<\/p>\n","protected":false},"featured_media":6958,"comment_status":"closed","ping_status":"closed","template":"","meta":[],"product_cat":[401,296],"product_tag":[],"class_list":{"0":"post-6956","1":"product","2":"type-product","3":"status-publish","4":"has-post-thumbnail","6":"product_cat-juuksuri-tarvikud","7":"product_cat-loikus-ja-varvilinad","9":"first","10":"instock","11":"taxable","12":"shipping-taxable","13":"purchasable","14":"product-type-simple"},"_links":{"self":[{"href":"https:\/\/saxsim.ee\/swp\/wp-json\/wp\/v2\/product\/6956"}],"collection":[{"href":"https:\/\/saxsim.ee\/swp\/wp-json\/wp\/v2\/product"}],"about":[{"href":"https:\/\/saxsim.ee\/swp\/wp-json\/wp\/v2\/types\/product"}],"replies":[{"embeddable":true,"href":"https:\/\/saxsim.ee\/swp\/wp-json\/wp\/v2\/comments?post=6956"}],"wp:featuredmedia":[{"embeddable":true,"href":"https:\/\/saxsim.ee\/swp\/wp-json\/wp\/v2\/media\/6958"}],"wp:attachment":[{"href":"https:\/\/saxsim.ee\/swp\/wp-json\/wp\/v2\/media?parent=6956"}],"wp:term":[{"taxonomy":"product_cat","embeddable":true,"href":"https:\/\/saxsim.ee\/swp\/wp-json\/wp\/v2\/product_cat?post=6956"},{"taxonomy":"product_tag","embeddable":true,"href":"https:\/\/saxsim.ee\/swp\/wp-json\/wp\/v2\/product_tag?post=6956"}],"curies":[{"name":"wp","href":"https:\/\/api.w.org\/{rel}","templated":true}]}}