{"id":6952,"date":"2019-12-19T22:50:08","date_gmt":"2019-12-19T20:50:08","guid":{"rendered":"https:\/\/www.saxsim.ee\/?post_type=product&#038;p=6952"},"modified":"2021-04-06T20:20:39","modified_gmt":"2021-04-06T17:20:39","slug":"pinstripe-apron-black-poll","status":"publish","type":"product","link":"https:\/\/saxsim.ee\/swp\/product\/pinstripe-apron-black-poll\/","title":{"rendered":"Pinstripe Apron, black &#8211; p\u00f5ll"},"content":{"rendered":"<p>Puuvillasest materjalist p\u00f5ll, l\u00f5ikuste ja soengute tegemiseks.<\/p>\n<p>Suurus &#8211; 64&#215;88 cm.<br \/>\nKinnitus &#8211;\u00a0reguleeritavate \u00f5lapaeltega<br \/>\nMaterjal \u2013 <span class=\"tlid-translation translation\" lang=\"et\"><span class=\"\" title=\"\">puuvill<br \/>\n4 kunstnahast taskut<\/span><\/span><\/p>\n<p><strong>Hooldus:<\/strong><br \/>\n&#8211; masinpesu madalal temperatuuril<br \/>\n&#8211; kuivatada soovitavalt n\u00f6\u00f6ril. Trummelkuivatus ainult madalatel p\u00f6\u00f6retel!<br \/>\n&#8211; pesemisel \u00e4rge kunagi kasutage vedelaid valgendusvahendeid!<br \/>\n&#8211; v\u00e4rviplekid eemaldage koheselt niiske paberr\u00e4tikuga. Raskemaid v\u00e4rviplekke proovi eemaldada sooja vee ja seebiga. Eriti rasketel juhtudel v\u00f5ib vaja minna v\u00e4rvieemaldajat.<br \/>\n&#8211; \u00e4rge kunagi pange v\u00e4rviplekkidega r\u00f5ivast otse masinasse<br \/>\n&#8211; enne pesemist kinnitage k\u00f5ik pandlad<br \/>\n&#8211; \u00e4rge triikige<\/p>\n","protected":false},"excerpt":{"rendered":"<p>Puuvillasest materjalist p\u00f5ll, l\u00f5ikuste ja soengute tegemiseks. Suurus &#8211; 64&#215;88 cm. Kinnitus &#8211;\u00a0reguleeritavate \u00f5lapaeltega Materjal \u2013 puuvill 4 kunstnahast taskut Hooldus: &#8211; masinpesu madalal temperatuuril &#8211; kuivatada soovitavalt n\u00f6\u00f6ril. Trummelkuivatus ainult madalatel p\u00f6\u00f6retel! &#8211; pesemisel \u00e4rge kunagi kasutage vedelaid valgendusvahendeid! &#8211; v\u00e4rviplekid eemaldage koheselt niiske paberr\u00e4tikuga. Raskemaid v\u00e4rviplekke proovi eemaldada sooja vee ja seebiga. Eriti [&hellip;]<\/p>\n","protected":false},"featured_media":6953,"comment_status":"closed","ping_status":"closed","template":"","meta":[],"product_cat":[577,592,401,297],"product_tag":[],"class_list":{"0":"post-6952","1":"product","2":"type-product","3":"status-publish","4":"has-post-thumbnail","6":"product_cat-iluteenindaja-tarvikud","7":"product_cat-polled-ja-tooroivad-iluteenindajale","8":"product_cat-juuksuri-tarvikud","9":"product_cat-polled-ja-tooroivad","11":"first","12":"instock","13":"taxable","14":"shipping-taxable","15":"purchasable","16":"product-type-simple"},"_links":{"self":[{"href":"https:\/\/saxsim.ee\/swp\/wp-json\/wp\/v2\/product\/6952"}],"collection":[{"href":"https:\/\/saxsim.ee\/swp\/wp-json\/wp\/v2\/product"}],"about":[{"href":"https:\/\/saxsim.ee\/swp\/wp-json\/wp\/v2\/types\/product"}],"replies":[{"embeddable":true,"href":"https:\/\/saxsim.ee\/swp\/wp-json\/wp\/v2\/comments?post=6952"}],"wp:featuredmedia":[{"embeddable":true,"href":"https:\/\/saxsim.ee\/swp\/wp-json\/wp\/v2\/media\/6953"}],"wp:attachment":[{"href":"https:\/\/saxsim.ee\/swp\/wp-json\/wp\/v2\/media?parent=6952"}],"wp:term":[{"taxonomy":"product_cat","embeddable":true,"href":"https:\/\/saxsim.ee\/swp\/wp-json\/wp\/v2\/product_cat?post=6952"},{"taxonomy":"product_tag","embeddable":true,"href":"https:\/\/saxsim.ee\/swp\/wp-json\/wp\/v2\/product_tag?post=6952"}],"curies":[{"name":"wp","href":"https:\/\/api.w.org\/{rel}","templated":true}]}}