{"id":6941,"date":"2019-12-19T21:46:38","date_gmt":"2019-12-19T19:46:38","guid":{"rendered":"https:\/\/www.saxsim.ee\/?post_type=product&#038;p=6941"},"modified":"2024-01-11T11:48:45","modified_gmt":"2024-01-11T09:48:45","slug":"joewell-classic-pro-600-loikuskaarid","status":"publish","type":"product","link":"https:\/\/saxsim.ee\/swp\/product\/joewell-classic-pro-600-loikuskaarid\/","title":{"rendered":"Joewell Classic Pro 600 &#8211; l\u00f5ikusk\u00e4\u00e4rid"},"content":{"rendered":"<p>Joewell Classic Pro l\u00f5ikusk\u00e4\u00e4rid on Joewell Classic`u edasiarendatud versioon. Nad on palju kergemad ( 5&#8243; Classic Pro k\u00e4\u00e4rid kaaluvad ainult 27,5 g ), \u00f5hukesema disainiga ja n\u00e4evad v\u00e4iksemad v\u00e4lja.<\/p>\n<p><strong>Eelised:<\/strong> kerged, t\u00e4psus<br \/>\n<strong>Materjal:<\/strong>\u00a0roostevaba sulam, mis sisaldab v\u00e4hem niklit (alla 0,6%)<\/p>\n<p><strong>Disainielemendid:<\/strong><br \/>\nConvex tera<br \/>\ntera on \u00f5huke ja teravate\u00a0otstega<br \/>\nergonoomilise kujuga<br \/>\nlame, s\u00fcvistatud reguleerimiskruvi<br \/>\neemaldatav s\u00f5rmetugi<br \/>\nregulaarse\u00a0suurusega s\u00f5rmeaugud<\/p>\n<p><strong>lisatud:<\/strong><br \/>\nJoewell k\u00e4\u00e4ri\u00f5li \u2013 1 tk.<br \/>\ns\u00f5rmer\u00f5ngad \u2013 2 tk.<\/p>\n<p>Joewell Classic Pro k\u00e4\u00e4re on saadaval 4 erinevas suuruses ( 4,5&#8243; kuni 6,0&#8243; ).<\/p>\n<p>Tootja &#8211; TOKOSHA CO., LTD, Japan<\/p>\n<p>&nbsp;<\/p>\n","protected":false},"excerpt":{"rendered":"<p>Joewell Classic Pro l\u00f5ikusk\u00e4\u00e4rid on Joewell Classic`u edasiarendatud versioon. Nad on palju kergemad ( 5&#8243; Classic Pro k\u00e4\u00e4rid kaaluvad ainult 27,5 g ), \u00f5hukesema disainiga ja n\u00e4evad v\u00e4iksemad v\u00e4lja. Eelised: kerged, t\u00e4psus Materjal:\u00a0roostevaba sulam, mis sisaldab v\u00e4hem niklit (alla 0,6%) Disainielemendid: Convex tera tera on \u00f5huke ja teravate\u00a0otstega ergonoomilise kujuga lame, s\u00fcvistatud reguleerimiskruvi eemaldatav s\u00f5rmetugi [&hellip;]<\/p>\n","protected":false},"featured_media":1630,"comment_status":"closed","ping_status":"closed","template":"","meta":[],"product_cat":[703,401,174,276],"product_tag":[],"class_list":{"0":"post-6941","1":"product","2":"type-product","3":"status-publish","4":"has-post-thumbnail","6":"product_cat-joewell","7":"product_cat-juuksuri-tarvikud","8":"product_cat-kaarid","9":"product_cat-loikuskaarid","11":"first","12":"instock","13":"taxable","14":"shipping-taxable","15":"purchasable","16":"product-type-simple"},"_links":{"self":[{"href":"https:\/\/saxsim.ee\/swp\/wp-json\/wp\/v2\/product\/6941"}],"collection":[{"href":"https:\/\/saxsim.ee\/swp\/wp-json\/wp\/v2\/product"}],"about":[{"href":"https:\/\/saxsim.ee\/swp\/wp-json\/wp\/v2\/types\/product"}],"replies":[{"embeddable":true,"href":"https:\/\/saxsim.ee\/swp\/wp-json\/wp\/v2\/comments?post=6941"}],"wp:featuredmedia":[{"embeddable":true,"href":"https:\/\/saxsim.ee\/swp\/wp-json\/wp\/v2\/media\/1630"}],"wp:attachment":[{"href":"https:\/\/saxsim.ee\/swp\/wp-json\/wp\/v2\/media?parent=6941"}],"wp:term":[{"taxonomy":"product_cat","embeddable":true,"href":"https:\/\/saxsim.ee\/swp\/wp-json\/wp\/v2\/product_cat?post=6941"},{"taxonomy":"product_tag","embeddable":true,"href":"https:\/\/saxsim.ee\/swp\/wp-json\/wp\/v2\/product_tag?post=6941"}],"curies":[{"name":"wp","href":"https:\/\/api.w.org\/{rel}","templated":true}]}}