{"id":6927,"date":"2019-12-16T20:44:05","date_gmt":"2019-12-16T18:44:05","guid":{"rendered":"https:\/\/www.saxsim.ee\/?post_type=product&#038;p=6927"},"modified":"2025-07-07T07:36:32","modified_gmt":"2025-07-07T04:36:32","slug":"ds-color-shampoo-ball-50-ml-sampoon-normaalsetele-varvitud-ja-kahjustatud-juustele","status":"publish","type":"product","link":"https:\/\/saxsim.ee\/swp\/product\/ds-color-shampoo-ball-50-ml-sampoon-normaalsetele-varvitud-ja-kahjustatud-juustele\/","title":{"rendered":"DS Color Shampoo Ball 50 ml. &#8211; \u0161ampoon normaalsetele, v\u00e4rvitud ja kahjustatud juustele"},"content":{"rendered":"<p><strong>Limited edition &#8211; piiratud v\u00e4ljaanne.<\/strong><\/p>\n<p>L\u00f5hnastamata \u0161ampoon normaalsetele, v\u00e4rvitud ja kahjustatud juustele.\u00a0DS Color Shampoo niisutab ja toidab juukseid t\u00f5husalt, s\u00e4ilitades juuksev\u00e4rvi s\u00e4ra.\u00a0Taastab juuste loomuliku l\u00e4ike ja sileduse\u00a0ning muudab juuksed kergesti k\u00e4sitletavateks. Juuksed tunduvad v\u00e4rsked, niisutatud ja pehmed. Sisaldab UV-kaitset.<\/p>\n<p><strong><u>Kasutamine:<\/u><\/strong>\u00a0Kanna\u00a0\u0161ampoon niisketesse juustesse, aja vahule ja loputa hoolikalt.<\/p>\n<p>pH: 6,5<\/p>\n<p>&nbsp;<\/p>\n<p>&nbsp;<\/p>\n<p>&nbsp;<\/p>\n","protected":false},"excerpt":{"rendered":"<p>Limited edition &#8211; piiratud v\u00e4ljaanne. L\u00f5hnastamata \u0161ampoon normaalsetele, v\u00e4rvitud ja kahjustatud juustele.\u00a0DS Color Shampoo niisutab ja toidab juukseid t\u00f5husalt, s\u00e4ilitades juuksev\u00e4rvi s\u00e4ra.\u00a0Taastab juuste loomuliku l\u00e4ike ja sileduse\u00a0ning muudab juuksed kergesti k\u00e4sitletavateks. Juuksed tunduvad v\u00e4rsked, niisutatud ja pehmed. Sisaldab UV-kaitset. Kasutamine:\u00a0Kanna\u00a0\u0161ampoon niisketesse juustesse, aja vahule ja loputa hoolikalt. pH: 6,5 &nbsp; &nbsp; &nbsp;<\/p>\n","protected":false},"featured_media":6928,"comment_status":"closed","ping_status":"closed","template":"","meta":[],"product_cat":[728,395,659,284],"product_tag":[],"class_list":{"0":"post-6927","1":"product","2":"type-product","3":"status-publish","4":"has-post-thumbnail","6":"product_cat-ds","7":"product_cat-juuksed","8":"product_cat-sampoonid","9":"product_cat-reisimiseks","11":"first","12":"instock","13":"taxable","14":"shipping-taxable","15":"purchasable","16":"product-type-simple"},"_links":{"self":[{"href":"https:\/\/saxsim.ee\/swp\/wp-json\/wp\/v2\/product\/6927"}],"collection":[{"href":"https:\/\/saxsim.ee\/swp\/wp-json\/wp\/v2\/product"}],"about":[{"href":"https:\/\/saxsim.ee\/swp\/wp-json\/wp\/v2\/types\/product"}],"replies":[{"embeddable":true,"href":"https:\/\/saxsim.ee\/swp\/wp-json\/wp\/v2\/comments?post=6927"}],"wp:featuredmedia":[{"embeddable":true,"href":"https:\/\/saxsim.ee\/swp\/wp-json\/wp\/v2\/media\/6928"}],"wp:attachment":[{"href":"https:\/\/saxsim.ee\/swp\/wp-json\/wp\/v2\/media?parent=6927"}],"wp:term":[{"taxonomy":"product_cat","embeddable":true,"href":"https:\/\/saxsim.ee\/swp\/wp-json\/wp\/v2\/product_cat?post=6927"},{"taxonomy":"product_tag","embeddable":true,"href":"https:\/\/saxsim.ee\/swp\/wp-json\/wp\/v2\/product_tag?post=6927"}],"curies":[{"name":"wp","href":"https:\/\/api.w.org\/{rel}","templated":true}]}}