{"id":6925,"date":"2019-12-16T20:22:45","date_gmt":"2019-12-16T18:22:45","guid":{"rendered":"https:\/\/www.saxsim.ee\/?post_type=product&#038;p=6925"},"modified":"2019-12-16T20:23:49","modified_gmt":"2019-12-16T18:23:49","slug":"sensido-color-mixing-bowl-330-ml-varvikauss-3","status":"publish","type":"product","link":"https:\/\/saxsim.ee\/swp\/product\/sensido-color-mixing-bowl-330-ml-varvikauss-3\/","title":{"rendered":"SensiDO Color Mixing Bowl, 330 ml. &#8211; v\u00e4rvikauss"},"content":{"rendered":"<p><span class=\"tlid-translation translation\" lang=\"et\"><span title=\"\">Kvaliteetne ja mahukas v\u00e4rvikauss, mille p\u00f5hjas on kummir\u00f5ngas, et v\u00e4ltida kausi libisemist.<\/span> <span title=\"\">T\u00e4nu mugavale k\u00e4epidemele, on v\u00e4rvikaussi segamise ajal lihtne k\u00e4es hoida.<\/span> V<span class=\"\" title=\"\">\u00e4rvikauss on vastupidavast materjalist, mida on lihtne puhastada. Kau<\/span><span class=\"\" title=\"\">ssi mahub u. 330 ml. valmis v\u00e4rvisegu.<\/span><\/span><\/p>\n<p><span class=\"\" title=\"\">Tellige erinevat v\u00e4rvi v\u00e4rvikausid, nii on kerge eristada samatoonilisi v\u00e4rvisegusid teineteisest.<\/span><\/p>\n<p><span class=\"\" title=\"\">V\u00e4rvikausse on saadaval ka sinise ja roosana.<\/span><\/p>\n<p>&nbsp;<\/p>\n","protected":false},"excerpt":{"rendered":"<p>Kvaliteetne ja mahukas v\u00e4rvikauss, mille p\u00f5hjas on kummir\u00f5ngas, et v\u00e4ltida kausi libisemist. T\u00e4nu mugavale k\u00e4epidemele, on v\u00e4rvikaussi segamise ajal lihtne k\u00e4es hoida. V\u00e4rvikauss on vastupidavast materjalist, mida on lihtne puhastada. Kaussi mahub u. 330 ml. valmis v\u00e4rvisegu. Tellige erinevat v\u00e4rvi v\u00e4rvikausid, nii on kerge eristada samatoonilisi v\u00e4rvisegusid teineteisest. V\u00e4rvikausse on saadaval ka sinise ja roosana. [&hellip;]<\/p>\n","protected":false},"featured_media":6926,"comment_status":"closed","ping_status":"closed","template":"","meta":[],"product_cat":[401,176,309],"product_tag":[],"class_list":{"0":"post-6925","1":"product","2":"type-product","3":"status-publish","4":"has-post-thumbnail","6":"product_cat-juuksuri-tarvikud","7":"product_cat-varvitarvikud","8":"product_cat-varvikausid","10":"first","11":"instock","12":"taxable","13":"shipping-taxable","14":"purchasable","15":"product-type-simple"},"_links":{"self":[{"href":"https:\/\/saxsim.ee\/swp\/wp-json\/wp\/v2\/product\/6925"}],"collection":[{"href":"https:\/\/saxsim.ee\/swp\/wp-json\/wp\/v2\/product"}],"about":[{"href":"https:\/\/saxsim.ee\/swp\/wp-json\/wp\/v2\/types\/product"}],"replies":[{"embeddable":true,"href":"https:\/\/saxsim.ee\/swp\/wp-json\/wp\/v2\/comments?post=6925"}],"wp:featuredmedia":[{"embeddable":true,"href":"https:\/\/saxsim.ee\/swp\/wp-json\/wp\/v2\/media\/6926"}],"wp:attachment":[{"href":"https:\/\/saxsim.ee\/swp\/wp-json\/wp\/v2\/media?parent=6925"}],"wp:term":[{"taxonomy":"product_cat","embeddable":true,"href":"https:\/\/saxsim.ee\/swp\/wp-json\/wp\/v2\/product_cat?post=6925"},{"taxonomy":"product_tag","embeddable":true,"href":"https:\/\/saxsim.ee\/swp\/wp-json\/wp\/v2\/product_tag?post=6925"}],"curies":[{"name":"wp","href":"https:\/\/api.w.org\/{rel}","templated":true}]}}