{"id":6912,"date":"2019-12-16T18:04:31","date_gmt":"2019-12-16T16:04:31","guid":{"rendered":"https:\/\/www.saxsim.ee\/?post_type=product&#038;p=6912"},"modified":"2025-07-01T11:58:21","modified_gmt":"2025-07-01T08:58:21","slug":"sensido-oxidant-30-vedel-vesinik","status":"publish","type":"product","link":"https:\/\/saxsim.ee\/swp\/product\/sensido-oxidant-30-vedel-vesinik\/","title":{"rendered":"SensiDO Oxidant 3% &#8211; vedel vesinik"},"content":{"rendered":"<p><span class=\"xn-productName\">L\u00f5hn- ja v\u00e4rvaineteta SensiDO\u00a0 3% vedel vesinik.<\/span><\/p>\n<div class=\"text-wrap tlid-copy-target\">\n<div class=\"result-shield-container tlid-copy-target\"><span class=\"tlid-translation translation\" lang=\"et\"><span class=\"\" title=\"\">V\u00e4rviga segades moodustab geelja v\u00e4rvimassi, mida on lihtne juustele peale kanda.<\/span> <span class=\"\" title=\"\">Innovatiivne S.O.C.S.<\/span> <span class=\"\" title=\"\">tehnoloogia ( viivitatud oks\u00fcdeerimine ) annab v\u00e4rvimiseks lisaaega, n\u00e4iteks mitme v\u00e4rviga v\u00e4rvimisel.<\/span> <span class=\"\" title=\"\">Eriti soovitatakse kasutada hallide juuste v\u00e4rvimisel, valgendus- ja toonimisv\u00e4rvidega. <\/span><span class=\"\" title=\"\">Ei soovitata kasutada koos SensiDO Blond valgenduspulbri v\u00f5i SensiDO Bleaching Paste blondeerimiskreemiga.<\/span><br \/>\n<\/span><\/div>\n<div class=\"result-shield-container tlid-copy-target\"><\/div>\n<div class=\"result-shield-container tlid-copy-target\"><span class=\"tlid-translation translation\" lang=\"et\"><span class=\"tlid-translation translation\" lang=\"et\"><span class=\"\" title=\"\">SensiDO Oxidant vesinikke valmistatakse &#8211; 2,1%, 3%, 6%, 9% ja 12%.<\/span><\/span><\/span><\/div>\n<div class=\"result-shield-container tlid-copy-target\"><span class=\"tlid-translation translation\" lang=\"et\"><span class=\"tlid-translation translation\" lang=\"et\"><br \/>\n<span class=\"\" title=\"\">Hallide juuste v\u00e4rvimiseks soovitatakse 3% v\u00f5i 6% vesinikku.<\/span><\/span><\/span><\/div>\n<div class=\"result-shield-container tlid-copy-target\"><span class=\"\" title=\"\"><strong>N\u00e4pun\u00e4ide<\/strong>: lisage v\u00e4rvimassile vajalik kogus SensiDO Color Mass Thickener-i ( v\u00e4rvimassi paksenda-ja ) ja saate salgud teha ilma fooliumita.<\/span> <span class=\"\" title=\"\">Erandid: kui tumedusastmete erinevus on suurem kui 4 tooni v\u00f5i toonide erinevus on suur (nt. jazz vs. blond).<\/span><\/div>\n<\/div>\n<div class=\"tlid-result-transliteration-container result-transliteration-container transliteration-container\"><\/div>\n","protected":false},"excerpt":{"rendered":"<p>L\u00f5hn- ja v\u00e4rvaineteta SensiDO\u00a0 3% vedel vesinik. V\u00e4rviga segades moodustab geelja v\u00e4rvimassi, mida on lihtne juustele peale kanda. Innovatiivne S.O.C.S. tehnoloogia ( viivitatud oks\u00fcdeerimine ) annab v\u00e4rvimiseks lisaaega, n\u00e4iteks mitme v\u00e4rviga v\u00e4rvimisel. Eriti soovitatakse kasutada hallide juuste v\u00e4rvimisel, valgendus- ja toonimisv\u00e4rvidega. Ei soovitata kasutada koos SensiDO Blond valgenduspulbri v\u00f5i SensiDO Bleaching Paste blondeerimiskreemiga. SensiDO Oxidant [&hellip;]<\/p>\n","protected":false},"featured_media":14774,"comment_status":"closed","ping_status":"closed","template":"","meta":[],"product_cat":[395,666,212],"product_tag":[637],"class_list":{"0":"post-6912","1":"product","2":"type-product","3":"status-publish","4":"has-post-thumbnail","6":"product_cat-juuksed","7":"product_cat-professionaalseks-kasutamiseks","8":"product_cat-vesinikud","9":"product_tag-profitoode","11":"first","12":"instock","13":"virtual","14":"taxable","15":"purchasable","16":"product-type-simple"},"_links":{"self":[{"href":"https:\/\/saxsim.ee\/swp\/wp-json\/wp\/v2\/product\/6912"}],"collection":[{"href":"https:\/\/saxsim.ee\/swp\/wp-json\/wp\/v2\/product"}],"about":[{"href":"https:\/\/saxsim.ee\/swp\/wp-json\/wp\/v2\/types\/product"}],"replies":[{"embeddable":true,"href":"https:\/\/saxsim.ee\/swp\/wp-json\/wp\/v2\/comments?post=6912"}],"wp:featuredmedia":[{"embeddable":true,"href":"https:\/\/saxsim.ee\/swp\/wp-json\/wp\/v2\/media\/14774"}],"wp:attachment":[{"href":"https:\/\/saxsim.ee\/swp\/wp-json\/wp\/v2\/media?parent=6912"}],"wp:term":[{"taxonomy":"product_cat","embeddable":true,"href":"https:\/\/saxsim.ee\/swp\/wp-json\/wp\/v2\/product_cat?post=6912"},{"taxonomy":"product_tag","embeddable":true,"href":"https:\/\/saxsim.ee\/swp\/wp-json\/wp\/v2\/product_tag?post=6912"}],"curies":[{"name":"wp","href":"https:\/\/api.w.org\/{rel}","templated":true}]}}