{"id":6879,"date":"2019-12-09T15:10:27","date_gmt":"2019-12-09T13:10:27","guid":{"rendered":"https:\/\/www.saxsim.ee\/?post_type=product&#038;p=6879"},"modified":"2024-01-05T11:29:06","modified_gmt":"2024-01-05T09:29:06","slug":"sensido-simplex-bonder-re-bonding-shampoo-1000-ml-juukseid-taastav-sampoon-kopeeri","status":"publish","type":"product","link":"https:\/\/saxsim.ee\/swp\/product\/sensido-simplex-bonder-re-bonding-shampoo-1000-ml-juukseid-taastav-sampoon-kopeeri\/","title":{"rendered":"SensiDO Simplex Bonder Re-Bonding Shampoo 1000 ml &#8211; juukseid taastav \u0161ampoon"},"content":{"rendered":"<p><span class=\"tlid-translation translation\" lang=\"et\"><span title=\"\">L\u00f5hnastamata, juukseid taastav \u0161ampoon. <\/span>T\u00f5husalt niisutab, kaitseb ja tugevdab kahjustatud juukseid. \u0160ampoon taaselustab juuksed igal kasutamisel. \u0160ampooni tugevdav ja parandav toime t\u00f6\u00f6tab k\u00f5ikide juukset\u00fc\u00fcpide ning igas seisukorras juuste puhul. Parandab juuksev\u00e4rvi p\u00fcsivust, muudab juuksed kergesti k\u00e4sitletavateks, l\u00e4ikivateks ja annab juustele hoolitsetud v\u00e4ljan\u00e4gemise. Sisaldab UV-kaitset. <\/span><\/p>\n<p><strong><u>Kasutamine:<\/u><\/strong>\u00a0Kanna\u00a0\u0161ampoon niisketesse juustesse, aja vahule ja loputa hoolikalt. <span class=\"tlid-translation translation\" lang=\"et\">J\u00e4tka hooldust Simplex Bonder Conditioning Mask palsamiga.<\/span><\/p>\n<p>pH: 6,5<\/p>\n<p><span class=\"tlid-translation translation\" lang=\"et\">Toode on vegan.<\/span><\/p>\n","protected":false},"excerpt":{"rendered":"<p>L\u00f5hnastamata, juukseid taastav \u0161ampoon. T\u00f5husalt niisutab, kaitseb ja tugevdab kahjustatud juukseid. \u0160ampoon taaselustab juuksed igal kasutamisel. \u0160ampooni tugevdav ja parandav toime t\u00f6\u00f6tab k\u00f5ikide juukset\u00fc\u00fcpide ning igas seisukorras juuste puhul. Parandab juuksev\u00e4rvi p\u00fcsivust, muudab juuksed kergesti k\u00e4sitletavateks, l\u00e4ikivateks ja annab juustele hoolitsetud v\u00e4ljan\u00e4gemise. Sisaldab UV-kaitset. Kasutamine:\u00a0Kanna\u00a0\u0161ampoon niisketesse juustesse, aja vahule ja loputa hoolikalt. J\u00e4tka hooldust Simplex [&hellip;]<\/p>\n","protected":false},"featured_media":6880,"comment_status":"closed","ping_status":"closed","template":"","meta":[],"product_cat":[673,246,659],"product_tag":[],"class_list":{"0":"post-6879","1":"product","2":"type-product","3":"status-publish","4":"has-post-thumbnail","6":"product_cat-sensido","7":"product_cat-sensido-lisatooted","8":"product_cat-sampoonid","10":"first","11":"instock","12":"taxable","13":"shipping-taxable","14":"purchasable","15":"product-type-simple"},"_links":{"self":[{"href":"https:\/\/saxsim.ee\/swp\/wp-json\/wp\/v2\/product\/6879"}],"collection":[{"href":"https:\/\/saxsim.ee\/swp\/wp-json\/wp\/v2\/product"}],"about":[{"href":"https:\/\/saxsim.ee\/swp\/wp-json\/wp\/v2\/types\/product"}],"replies":[{"embeddable":true,"href":"https:\/\/saxsim.ee\/swp\/wp-json\/wp\/v2\/comments?post=6879"}],"wp:featuredmedia":[{"embeddable":true,"href":"https:\/\/saxsim.ee\/swp\/wp-json\/wp\/v2\/media\/6880"}],"wp:attachment":[{"href":"https:\/\/saxsim.ee\/swp\/wp-json\/wp\/v2\/media?parent=6879"}],"wp:term":[{"taxonomy":"product_cat","embeddable":true,"href":"https:\/\/saxsim.ee\/swp\/wp-json\/wp\/v2\/product_cat?post=6879"},{"taxonomy":"product_tag","embeddable":true,"href":"https:\/\/saxsim.ee\/swp\/wp-json\/wp\/v2\/product_tag?post=6879"}],"curies":[{"name":"wp","href":"https:\/\/api.w.org\/{rel}","templated":true}]}}