{"id":6875,"date":"2019-12-09T14:28:18","date_gmt":"2019-12-09T12:28:18","guid":{"rendered":"https:\/\/www.saxsim.ee\/?post_type=product&#038;p=6875"},"modified":"2025-07-05T17:58:16","modified_gmt":"2025-07-05T14:58:16","slug":"forme-essentials-texturizing-clay-50-ml-eriti-tugev-juuksevaha","status":"publish","type":"product","link":"https:\/\/saxsim.ee\/swp\/product\/forme-essentials-texturizing-clay-50-ml-eriti-tugev-juuksevaha\/","title":{"rendered":"Forme Essentials Texturizing Clay 50 ml &#8211; eriti tugev juuksevaha"},"content":{"rendered":"<p><span class=\"tlid-translation translation\" lang=\"et\"><span title=\"\">Kaera\u00f5li sisaldav, eriti tugev juuksevaha.<\/span><\/span><\/p>\n<p><span title=\"\">Mati koostisega <\/span>Texturizing Clay s<span title=\"\">obib juuste eraldamiseks ja struktuuri esilet\u00f5stmiseks. Ideaalne viimistlusvahend l\u00fchikestele juustele. <\/span><span title=\"\">Sisaldab UV-kaitset.<\/span> <span title=\"\">Vegan<\/span><span title=\"\">.<\/span><\/p>\n<p><strong><u>Kasutamine:<\/u><\/strong> soojenda\u00a0v\u00e4ike kogus vaha k\u00e4te vahel ja kanna juustesse. Viimistle\u00a0vastavalt oma soovile.<\/p>\n<p>pH: 7,0<\/p>\n","protected":false},"excerpt":{"rendered":"<p>Kaera\u00f5li sisaldav, eriti tugev juuksevaha. Mati koostisega Texturizing Clay sobib juuste eraldamiseks ja struktuuri esilet\u00f5stmiseks. Ideaalne viimistlusvahend l\u00fchikestele juustele. Sisaldab UV-kaitset. Vegan. Kasutamine: soojenda\u00a0v\u00e4ike kogus vaha k\u00e4te vahel ja kanna juustesse. Viimistle\u00a0vastavalt oma soovile. pH: 7,0<\/p>\n","protected":false},"featured_media":6876,"comment_status":"closed","ping_status":"closed","template":"","meta":[],"product_cat":[752,395,684,284],"product_tag":[],"class_list":{"0":"post-6875","1":"product","2":"type-product","3":"status-publish","4":"has-post-thumbnail","6":"product_cat-forme-essentials","7":"product_cat-juuksed","8":"product_cat-juuksevahad","9":"product_cat-reisimiseks","11":"first","12":"instock","13":"taxable","14":"shipping-taxable","15":"purchasable","16":"product-type-simple"},"_links":{"self":[{"href":"https:\/\/saxsim.ee\/swp\/wp-json\/wp\/v2\/product\/6875"}],"collection":[{"href":"https:\/\/saxsim.ee\/swp\/wp-json\/wp\/v2\/product"}],"about":[{"href":"https:\/\/saxsim.ee\/swp\/wp-json\/wp\/v2\/types\/product"}],"replies":[{"embeddable":true,"href":"https:\/\/saxsim.ee\/swp\/wp-json\/wp\/v2\/comments?post=6875"}],"wp:featuredmedia":[{"embeddable":true,"href":"https:\/\/saxsim.ee\/swp\/wp-json\/wp\/v2\/media\/6876"}],"wp:attachment":[{"href":"https:\/\/saxsim.ee\/swp\/wp-json\/wp\/v2\/media?parent=6875"}],"wp:term":[{"taxonomy":"product_cat","embeddable":true,"href":"https:\/\/saxsim.ee\/swp\/wp-json\/wp\/v2\/product_cat?post=6875"},{"taxonomy":"product_tag","embeddable":true,"href":"https:\/\/saxsim.ee\/swp\/wp-json\/wp\/v2\/product_tag?post=6875"}],"curies":[{"name":"wp","href":"https:\/\/api.w.org\/{rel}","templated":true}]}}