{"id":6870,"date":"2019-12-09T10:13:06","date_gmt":"2019-12-09T08:13:06","guid":{"rendered":"https:\/\/www.saxsim.ee\/?post_type=product&#038;p=6870"},"modified":"2025-07-05T18:07:18","modified_gmt":"2025-07-05T15:07:18","slug":"forme-essentials-curl-bouncer-100-ml-nii%c2%adsu%c2%adtav-lo%c2%adki%c2%adkreem","status":"publish","type":"product","link":"https:\/\/saxsim.ee\/swp\/product\/forme-essentials-curl-bouncer-100-ml-nii%c2%adsu%c2%adtav-lo%c2%adki%c2%adkreem\/","title":{"rendered":"Forme Essentials Curl Bouncer 100 ml &#8211; nii\u00adsu\u00adtav lo\u00adki\u00adkreem"},"content":{"rendered":"<p><span class=\"tlid-translation translation\" lang=\"et\"><span title=\"\">Kaera\u00f5li sisaldav, nii\u00adsu\u00adtav lo\u00adki\u00adkreem.<\/span><\/span><\/p>\n<p><span title=\"\">Lokikreem, mis toob lokid esile.<\/span> Eraldab lokid, a<span title=\"\">nnab elastse ja vetruva struktuuri. Lokkis juuksed n\u00e4evad v\u00e4lja loomulikud. Eemaldab juustest staatilise elektri.<\/span> <span title=\"\">Sobib kasutamiseks nii loomulike, kui ka\u00a0 p\u00fcsilokkidega.<\/span> <span title=\"\">Sisaldab UV-kaitset.<\/span> <span title=\"\">Vegan<\/span><span title=\"\">.<\/span><\/p>\n<p><span title=\"\"><strong><span class=\"\" title=\"\">Toode sobib Curly Cirl meetodiga.<\/span><\/strong><\/span><\/p>\n<p><strong><u>Kasutamine:<\/u><\/strong> soojenda\u00a0v\u00e4ike kogus lokikreemi k\u00e4te vahel, kanna niisketesse v\u00f5i kuivadesse juustesse. Kuivata f\u00f6\u00f6niga v\u00f5i lase kuivada loomulikult.<\/p>\n<p>pH: 3,8<\/p>\n","protected":false},"excerpt":{"rendered":"<p>Kaera\u00f5li sisaldav, nii\u00adsu\u00adtav lo\u00adki\u00adkreem. Lokikreem, mis toob lokid esile. Eraldab lokid, annab elastse ja vetruva struktuuri. Lokkis juuksed n\u00e4evad v\u00e4lja loomulikud. Eemaldab juustest staatilise elektri. Sobib kasutamiseks nii loomulike, kui ka\u00a0 p\u00fcsilokkidega. Sisaldab UV-kaitset. Vegan. Toode sobib Curly Cirl meetodiga. Kasutamine: soojenda\u00a0v\u00e4ike kogus lokikreemi k\u00e4te vahel, kanna niisketesse v\u00f5i kuivadesse juustesse. Kuivata f\u00f6\u00f6niga v\u00f5i lase [&hellip;]<\/p>\n","protected":false},"featured_media":6871,"comment_status":"closed","ping_status":"closed","template":"","meta":[],"product_cat":[752,395,688,284],"product_tag":[],"class_list":{"0":"post-6870","1":"product","2":"type-product","3":"status-publish","4":"has-post-thumbnail","6":"product_cat-forme-essentials","7":"product_cat-juuksed","8":"product_cat-soengukreemid","9":"product_cat-reisimiseks","11":"first","12":"instock","13":"taxable","14":"shipping-taxable","15":"purchasable","16":"product-type-simple"},"_links":{"self":[{"href":"https:\/\/saxsim.ee\/swp\/wp-json\/wp\/v2\/product\/6870"}],"collection":[{"href":"https:\/\/saxsim.ee\/swp\/wp-json\/wp\/v2\/product"}],"about":[{"href":"https:\/\/saxsim.ee\/swp\/wp-json\/wp\/v2\/types\/product"}],"replies":[{"embeddable":true,"href":"https:\/\/saxsim.ee\/swp\/wp-json\/wp\/v2\/comments?post=6870"}],"wp:featuredmedia":[{"embeddable":true,"href":"https:\/\/saxsim.ee\/swp\/wp-json\/wp\/v2\/media\/6871"}],"wp:attachment":[{"href":"https:\/\/saxsim.ee\/swp\/wp-json\/wp\/v2\/media?parent=6870"}],"wp:term":[{"taxonomy":"product_cat","embeddable":true,"href":"https:\/\/saxsim.ee\/swp\/wp-json\/wp\/v2\/product_cat?post=6870"},{"taxonomy":"product_tag","embeddable":true,"href":"https:\/\/saxsim.ee\/swp\/wp-json\/wp\/v2\/product_tag?post=6870"}],"curies":[{"name":"wp","href":"https:\/\/api.w.org\/{rel}","templated":true}]}}