{"id":6868,"date":"2019-12-09T09:25:11","date_gmt":"2019-12-09T07:25:11","guid":{"rendered":"https:\/\/www.saxsim.ee\/?post_type=product&#038;p=6868"},"modified":"2025-07-05T18:06:48","modified_gmt":"2025-07-05T15:06:48","slug":"forme-essentials-hair-primer-100-ml-juuste-aluskreem","status":"publish","type":"product","link":"https:\/\/saxsim.ee\/swp\/product\/forme-essentials-hair-primer-100-ml-juuste-aluskreem\/","title":{"rendered":"Forme Essentials Hair Primer 100 ml &#8211; juuste aluskreem"},"content":{"rendered":"<p><span class=\"tlid-translation translation\" lang=\"et\"><span class=\"\" title=\"\"><span title=\"\">Kaera\u00f5li sisaldav<\/span>, sametiselt pehme aluskreem.<\/span><\/span><\/p>\n<p><span class=\"\" title=\"\">Valmistab juukseid ette igasuguseks kujundamiseks, f\u00f6\u00f6nitamiseks, sirgendamiseks ja lokkide tegemiseks. <\/span><span class=\"\" title=\"\">Toidab ja niisutab juukseid, muutes nad elastseks ning kergesti k\u00e4sitlevateks. <span class=\"tlid-translation translation\" lang=\"et\"><span title=\"\">Silub juuste pinda,<\/span><\/span> andes neile ilusa l\u00e4ike. <span class=\"tlid-translation translation\" lang=\"et\"><span title=\"\">Sobib k\u00f5igidele juukset\u00fc\u00fcpidele. Sisaldab UV-kaitset. Vegan.<\/span><\/span><br \/>\n<\/span><\/p>\n<p><strong><u>Kasutamine:<\/u><\/strong> kanna v\u00e4ike kogus\u00a0<span class=\"\" title=\"\">niisketesse v\u00f5i kuivadesse juustesse.<\/span> Viimistle\u00a0vastavalt oma soovile.<\/p>\n<p>pH: 3,8<\/p>\n","protected":false},"excerpt":{"rendered":"<p>Kaera\u00f5li sisaldav, sametiselt pehme aluskreem. Valmistab juukseid ette igasuguseks kujundamiseks, f\u00f6\u00f6nitamiseks, sirgendamiseks ja lokkide tegemiseks. Toidab ja niisutab juukseid, muutes nad elastseks ning kergesti k\u00e4sitlevateks. Silub juuste pinda, andes neile ilusa l\u00e4ike. Sobib k\u00f5igidele juukset\u00fc\u00fcpidele. Sisaldab UV-kaitset. Vegan. Kasutamine: kanna v\u00e4ike kogus\u00a0niisketesse v\u00f5i kuivadesse juustesse. Viimistle\u00a0vastavalt oma soovile. pH: 3,8<\/p>\n","protected":false},"featured_media":6869,"comment_status":"closed","ping_status":"closed","template":"","meta":[],"product_cat":[752,395,688,284],"product_tag":[],"class_list":{"0":"post-6868","1":"product","2":"type-product","3":"status-publish","4":"has-post-thumbnail","6":"product_cat-forme-essentials","7":"product_cat-juuksed","8":"product_cat-soengukreemid","9":"product_cat-reisimiseks","11":"first","12":"instock","13":"taxable","14":"shipping-taxable","15":"purchasable","16":"product-type-simple"},"_links":{"self":[{"href":"https:\/\/saxsim.ee\/swp\/wp-json\/wp\/v2\/product\/6868"}],"collection":[{"href":"https:\/\/saxsim.ee\/swp\/wp-json\/wp\/v2\/product"}],"about":[{"href":"https:\/\/saxsim.ee\/swp\/wp-json\/wp\/v2\/types\/product"}],"replies":[{"embeddable":true,"href":"https:\/\/saxsim.ee\/swp\/wp-json\/wp\/v2\/comments?post=6868"}],"wp:featuredmedia":[{"embeddable":true,"href":"https:\/\/saxsim.ee\/swp\/wp-json\/wp\/v2\/media\/6869"}],"wp:attachment":[{"href":"https:\/\/saxsim.ee\/swp\/wp-json\/wp\/v2\/media?parent=6868"}],"wp:term":[{"taxonomy":"product_cat","embeddable":true,"href":"https:\/\/saxsim.ee\/swp\/wp-json\/wp\/v2\/product_cat?post=6868"},{"taxonomy":"product_tag","embeddable":true,"href":"https:\/\/saxsim.ee\/swp\/wp-json\/wp\/v2\/product_tag?post=6868"}],"curies":[{"name":"wp","href":"https:\/\/api.w.org\/{rel}","templated":true}]}}