{"id":6866,"date":"2019-12-08T21:56:58","date_gmt":"2019-12-08T19:56:58","guid":{"rendered":"https:\/\/www.saxsim.ee\/?post_type=product&#038;p=6866"},"modified":"2025-07-05T18:03:24","modified_gmt":"2025-07-05T15:03:24","slug":"forme-essentials-setting-lotion-250-ml-soengu-ja-viimistlussprei","status":"publish","type":"product","link":"https:\/\/saxsim.ee\/swp\/product\/forme-essentials-setting-lotion-250-ml-soengu-ja-viimistlussprei\/","title":{"rendered":"Forme Essentials Setting Lotion 250 ml &#8211; soengu- ja viimistlussprei"},"content":{"rendered":"<p><span class=\"tlid-translation translation\" lang=\"et\"><span title=\"\">Kaera\u00f5li sisaldav soengu- ja viimistlussprei<\/span>.<\/span><\/p>\n<p>Aitab luua ideaalse p\u00f5hja juuste viimistlemiseks v\u00f5i erinevate soengute tegemiseks. Annab juustele kerget tekstuuri, vol\u00fc\u00fcmi ja elastse toe. Juuksed tunduvad paksemad ja kohevamad. <span title=\"\">V\u00e4hendab juustes staatilist elektrit. Sobib k\u00f5ikidele juukset\u00fc\u00fcpidele, eriti \u00f5rnadele ja peenikestele juustele. Sisaldab UV-kaitset.<\/span> <span title=\"\">Vegan<\/span><span title=\"\">.<\/span><\/p>\n<p><strong><u>Kasutamine:<\/u><\/strong>\u00a0pihusta \u00fchtlaselt kuivadesse v\u00f5i niisketesse juustesse juustejuurtest kuni -otsteni. Viimistle\u00a0vastavalt oma soovile.<\/p>\n<p>pH: 6,6<\/p>\n","protected":false},"excerpt":{"rendered":"<p>Kaera\u00f5li sisaldav soengu- ja viimistlussprei. Aitab luua ideaalse p\u00f5hja juuste viimistlemiseks v\u00f5i erinevate soengute tegemiseks. Annab juustele kerget tekstuuri, vol\u00fc\u00fcmi ja elastse toe. Juuksed tunduvad paksemad ja kohevamad. V\u00e4hendab juustes staatilist elektrit. Sobib k\u00f5ikidele juukset\u00fc\u00fcpidele, eriti \u00f5rnadele ja peenikestele juustele. Sisaldab UV-kaitset. Vegan. Kasutamine:\u00a0pihusta \u00fchtlaselt kuivadesse v\u00f5i niisketesse juustesse juustejuurtest kuni -otsteni. Viimistle\u00a0vastavalt oma soovile. [&hellip;]<\/p>\n","protected":false},"featured_media":6867,"comment_status":"closed","ping_status":"closed","template":"","meta":[],"product_cat":[752,395,686],"product_tag":[],"class_list":{"0":"post-6866","1":"product","2":"type-product","3":"status-publish","4":"has-post-thumbnail","6":"product_cat-forme-essentials","7":"product_cat-juuksed","8":"product_cat-soenguvedelikud","10":"first","11":"instock","12":"taxable","13":"shipping-taxable","14":"purchasable","15":"product-type-simple"},"_links":{"self":[{"href":"https:\/\/saxsim.ee\/swp\/wp-json\/wp\/v2\/product\/6866"}],"collection":[{"href":"https:\/\/saxsim.ee\/swp\/wp-json\/wp\/v2\/product"}],"about":[{"href":"https:\/\/saxsim.ee\/swp\/wp-json\/wp\/v2\/types\/product"}],"replies":[{"embeddable":true,"href":"https:\/\/saxsim.ee\/swp\/wp-json\/wp\/v2\/comments?post=6866"}],"wp:featuredmedia":[{"embeddable":true,"href":"https:\/\/saxsim.ee\/swp\/wp-json\/wp\/v2\/media\/6867"}],"wp:attachment":[{"href":"https:\/\/saxsim.ee\/swp\/wp-json\/wp\/v2\/media?parent=6866"}],"wp:term":[{"taxonomy":"product_cat","embeddable":true,"href":"https:\/\/saxsim.ee\/swp\/wp-json\/wp\/v2\/product_cat?post=6866"},{"taxonomy":"product_tag","embeddable":true,"href":"https:\/\/saxsim.ee\/swp\/wp-json\/wp\/v2\/product_tag?post=6866"}],"curies":[{"name":"wp","href":"https:\/\/api.w.org\/{rel}","templated":true}]}}