{"id":6864,"date":"2019-12-08T21:28:49","date_gmt":"2019-12-08T19:28:49","guid":{"rendered":"https:\/\/www.saxsim.ee\/?post_type=product&#038;p=6864"},"modified":"2025-07-05T18:00:44","modified_gmt":"2025-07-05T15:00:44","slug":"forme-essentials-heat-protection-250-ml-kuumakaitsesprei","status":"publish","type":"product","link":"https:\/\/saxsim.ee\/swp\/product\/forme-essentials-heat-protection-250-ml-kuumakaitsesprei\/","title":{"rendered":"Forme Essentials Heat Protection 250 ml &#8211; kuumakaitsesprei"},"content":{"rendered":"<p><span class=\"tlid-translation translation\" lang=\"et\"><span class=\"\" title=\"\">Kaera\u00f5li sisaldav<\/span> kuumakaitsesprei.<\/span><\/p>\n<p><span title=\"\">Kaitseb juukseid eriti t\u00f5husalt kuumade lokitangide\/sirgendajate eest ja f\u00f6\u00f6nitamisel. Kaitseb isegi <\/span><span title=\"\">kuni 220\u00b0C kuumuse eest.<\/span> <span title=\"\">Takistab niiskuse aurustumist juustest.<\/span> <span title=\"\">Parandab lokitangide\/sirgendajate libisemist juuste pinnal ja annab soengule kerge toe.\u00a0Tootes sisalduv kaera\u00f5li niisutab ja ravib juukseid mitmel moel.\u00a0Sobib k\u00f5igile juukset\u00fc\u00fcpidele. Sisaldab UV-kaitset. Vegan.<\/span><\/p>\n<p><strong>Kasutamine:<\/strong> Pihusta \u00fchtlaselt r\u00e4tikukuivadesse v\u00f5i kuivadesse juustesse. Enne kuumt\u00f6\u00f6tlemist kammi juuksed.<\/p>\n<p>pH: 5,3<\/p>\n","protected":false},"excerpt":{"rendered":"<p>Kaera\u00f5li sisaldav kuumakaitsesprei. Kaitseb juukseid eriti t\u00f5husalt kuumade lokitangide\/sirgendajate eest ja f\u00f6\u00f6nitamisel. Kaitseb isegi kuni 220\u00b0C kuumuse eest. Takistab niiskuse aurustumist juustest. Parandab lokitangide\/sirgendajate libisemist juuste pinnal ja annab soengule kerge toe.\u00a0Tootes sisalduv kaera\u00f5li niisutab ja ravib juukseid mitmel moel.\u00a0Sobib k\u00f5igile juukset\u00fc\u00fcpidele. Sisaldab UV-kaitset. Vegan. Kasutamine: Pihusta \u00fchtlaselt r\u00e4tikukuivadesse v\u00f5i kuivadesse juustesse. Enne kuumt\u00f6\u00f6tlemist kammi [&hellip;]<\/p>\n","protected":false},"featured_media":6865,"comment_status":"closed","ping_status":"closed","template":"","meta":[],"product_cat":[752,395,694],"product_tag":[],"class_list":{"0":"post-6864","1":"product","2":"type-product","3":"status-publish","4":"has-post-thumbnail","6":"product_cat-forme-essentials","7":"product_cat-juuksed","8":"product_cat-kuumakaitsed","10":"first","11":"instock","12":"taxable","13":"shipping-taxable","14":"purchasable","15":"product-type-simple"},"_links":{"self":[{"href":"https:\/\/saxsim.ee\/swp\/wp-json\/wp\/v2\/product\/6864"}],"collection":[{"href":"https:\/\/saxsim.ee\/swp\/wp-json\/wp\/v2\/product"}],"about":[{"href":"https:\/\/saxsim.ee\/swp\/wp-json\/wp\/v2\/types\/product"}],"replies":[{"embeddable":true,"href":"https:\/\/saxsim.ee\/swp\/wp-json\/wp\/v2\/comments?post=6864"}],"wp:featuredmedia":[{"embeddable":true,"href":"https:\/\/saxsim.ee\/swp\/wp-json\/wp\/v2\/media\/6865"}],"wp:attachment":[{"href":"https:\/\/saxsim.ee\/swp\/wp-json\/wp\/v2\/media?parent=6864"}],"wp:term":[{"taxonomy":"product_cat","embeddable":true,"href":"https:\/\/saxsim.ee\/swp\/wp-json\/wp\/v2\/product_cat?post=6864"},{"taxonomy":"product_tag","embeddable":true,"href":"https:\/\/saxsim.ee\/swp\/wp-json\/wp\/v2\/product_tag?post=6864"}],"curies":[{"name":"wp","href":"https:\/\/api.w.org\/{rel}","templated":true}]}}