{"id":6862,"date":"2019-12-08T21:01:44","date_gmt":"2019-12-08T19:01:44","guid":{"rendered":"https:\/\/www.saxsim.ee\/?post_type=product&#038;p=6862"},"modified":"2025-07-05T18:08:32","modified_gmt":"2025-07-05T15:08:32","slug":"forme-essentials-conditioning-mist-250-ml-juustesse-jaetav-hooldusaine","status":"publish","type":"product","link":"https:\/\/saxsim.ee\/swp\/product\/forme-essentials-conditioning-mist-250-ml-juustesse-jaetav-hooldusaine\/","title":{"rendered":"Forme Essentials Conditioning Mist 250 ml &#8211; juustesse j\u00e4etav hooldusaine"},"content":{"rendered":"<p><span class=\"tlid-translation translation\" lang=\"et\"><span class=\"\" title=\"\">Kaera\u00f5li sisaldav<\/span><\/span>, juustesse j\u00e4etav hooldusaine.<\/p>\n<p><span class=\"tlid-translation translation\" lang=\"et\"><span title=\"\">Muudab juuksed kergemini k\u00e4sitlevateks ja kammitavateks.<\/span> <span title=\"\">Niisutab, annab loomuliku l\u00e4ike ja siidise pehmuse.<\/span> <span title=\"\">Silub juuste pinda, v\u00e4hendades kahusust ja staatilist elektrit. Tootes sisalduv niisutav kaera\u00f5li toidab juukseid mitmel moel. Sobib k\u00f5igidele juukset\u00fc\u00fcpidele. Sisaldab UV-kaitset. Vegan.<br \/>\n<\/span><\/span><\/p>\n<p><strong><span class=\"\" title=\"\">Toode sobib Curly Cirl meetodiga.<\/span><\/strong><\/p>\n<p><strong>Kasutamine:<\/strong> Pihusta \u00fchtlaselt r\u00e4tikukuivadesse juustesse. \u00c4ra loputa.<\/p>\n<p>pH: 3,8<\/p>\n","protected":false},"excerpt":{"rendered":"<p>Kaera\u00f5li sisaldav, juustesse j\u00e4etav hooldusaine. Muudab juuksed kergemini k\u00e4sitlevateks ja kammitavateks. Niisutab, annab loomuliku l\u00e4ike ja siidise pehmuse. Silub juuste pinda, v\u00e4hendades kahusust ja staatilist elektrit. Tootes sisalduv niisutav kaera\u00f5li toidab juukseid mitmel moel. Sobib k\u00f5igidele juukset\u00fc\u00fcpidele. Sisaldab UV-kaitset. Vegan. Toode sobib Curly Cirl meetodiga. Kasutamine: Pihusta \u00fchtlaselt r\u00e4tikukuivadesse juustesse. \u00c4ra loputa. pH: 3,8<\/p>\n","protected":false},"featured_media":6863,"comment_status":"closed","ping_status":"closed","template":"","meta":[],"product_cat":[752,395,661],"product_tag":[],"class_list":{"0":"post-6862","1":"product","2":"type-product","3":"status-publish","4":"has-post-thumbnail","6":"product_cat-forme-essentials","7":"product_cat-juuksed","8":"product_cat-pahejaetavad-hooldusained","10":"first","11":"instock","12":"taxable","13":"shipping-taxable","14":"purchasable","15":"product-type-simple"},"_links":{"self":[{"href":"https:\/\/saxsim.ee\/swp\/wp-json\/wp\/v2\/product\/6862"}],"collection":[{"href":"https:\/\/saxsim.ee\/swp\/wp-json\/wp\/v2\/product"}],"about":[{"href":"https:\/\/saxsim.ee\/swp\/wp-json\/wp\/v2\/types\/product"}],"replies":[{"embeddable":true,"href":"https:\/\/saxsim.ee\/swp\/wp-json\/wp\/v2\/comments?post=6862"}],"wp:featuredmedia":[{"embeddable":true,"href":"https:\/\/saxsim.ee\/swp\/wp-json\/wp\/v2\/media\/6863"}],"wp:attachment":[{"href":"https:\/\/saxsim.ee\/swp\/wp-json\/wp\/v2\/media?parent=6862"}],"wp:term":[{"taxonomy":"product_cat","embeddable":true,"href":"https:\/\/saxsim.ee\/swp\/wp-json\/wp\/v2\/product_cat?post=6862"},{"taxonomy":"product_tag","embeddable":true,"href":"https:\/\/saxsim.ee\/swp\/wp-json\/wp\/v2\/product_tag?post=6862"}],"curies":[{"name":"wp","href":"https:\/\/api.w.org\/{rel}","templated":true}]}}