{"id":6854,"date":"2019-12-08T20:17:12","date_gmt":"2019-12-08T18:17:12","guid":{"rendered":"https:\/\/www.saxsim.ee\/?post_type=product&#038;p=6854"},"modified":"2025-07-05T18:14:37","modified_gmt":"2025-07-05T15:14:37","slug":"forme-essentials-volume-shampoo-300-ml-tihendav-sampoon-normaalsetele-ohukestele-ja-ornadele-juustele","status":"publish","type":"product","link":"https:\/\/saxsim.ee\/swp\/product\/forme-essentials-volume-shampoo-300-ml-tihendav-sampoon-normaalsetele-ohukestele-ja-ornadele-juustele\/","title":{"rendered":"Forme Essentials Volume Shampoo 300 ml &#8211; tihendav \u0161ampoon normaalsetele, \u00f5hukestele ja \u00f5rnadele juustele"},"content":{"rendered":"<p><span class=\"tlid-translation translation\" lang=\"et\"><span class=\"\" title=\"\">Kaera\u00f5li sisaldav, tihendav \u0161ampoon normaalsetele, \u00f5hukestele ja \u00f5rnadele juustele.<\/span><\/span><\/p>\n<p><span title=\"\">Kergelt niisutav \u0161ampoon annab juustele vol\u00fc\u00fcmi, muutes nad peale<\/span><span title=\"\"> pesemist kohevamateks.<\/span> <span title=\"\">Tootes sisalduv niisutav kaera\u00f5li toidab juukseid mitmel moel.<\/span> <span title=\"\">Sisaldab UV-kaitset.<\/span> <span title=\"\">Vegan<\/span><span title=\"\">.<\/span><\/p>\n<p><span class=\"tlid-translation translation\" lang=\"et\"><strong>Kasutamine:<\/strong> Kanna m\u00e4rgadesse juustesse, aja vahule ja pese. Loputa korralikult.<\/span><\/p>\n<p>pH: 6,0<\/p>\n","protected":false},"excerpt":{"rendered":"<p>Kaera\u00f5li sisaldav, tihendav \u0161ampoon normaalsetele, \u00f5hukestele ja \u00f5rnadele juustele. Kergelt niisutav \u0161ampoon annab juustele vol\u00fc\u00fcmi, muutes nad peale pesemist kohevamateks. Tootes sisalduv niisutav kaera\u00f5li toidab juukseid mitmel moel. Sisaldab UV-kaitset. Vegan. Kasutamine: Kanna m\u00e4rgadesse juustesse, aja vahule ja pese. Loputa korralikult. pH: 6,0<\/p>\n","protected":false},"featured_media":6856,"comment_status":"closed","ping_status":"closed","template":"","meta":[],"product_cat":[752,395,659],"product_tag":[],"class_list":{"0":"post-6854","1":"product","2":"type-product","3":"status-publish","4":"has-post-thumbnail","6":"product_cat-forme-essentials","7":"product_cat-juuksed","8":"product_cat-sampoonid","10":"first","11":"instock","12":"taxable","13":"shipping-taxable","14":"purchasable","15":"product-type-simple"},"_links":{"self":[{"href":"https:\/\/saxsim.ee\/swp\/wp-json\/wp\/v2\/product\/6854"}],"collection":[{"href":"https:\/\/saxsim.ee\/swp\/wp-json\/wp\/v2\/product"}],"about":[{"href":"https:\/\/saxsim.ee\/swp\/wp-json\/wp\/v2\/types\/product"}],"replies":[{"embeddable":true,"href":"https:\/\/saxsim.ee\/swp\/wp-json\/wp\/v2\/comments?post=6854"}],"wp:featuredmedia":[{"embeddable":true,"href":"https:\/\/saxsim.ee\/swp\/wp-json\/wp\/v2\/media\/6856"}],"wp:attachment":[{"href":"https:\/\/saxsim.ee\/swp\/wp-json\/wp\/v2\/media?parent=6854"}],"wp:term":[{"taxonomy":"product_cat","embeddable":true,"href":"https:\/\/saxsim.ee\/swp\/wp-json\/wp\/v2\/product_cat?post=6854"},{"taxonomy":"product_tag","embeddable":true,"href":"https:\/\/saxsim.ee\/swp\/wp-json\/wp\/v2\/product_tag?post=6854"}],"curies":[{"name":"wp","href":"https:\/\/api.w.org\/{rel}","templated":true}]}}