{"id":6844,"date":"2019-12-08T19:24:10","date_gmt":"2019-12-08T17:24:10","guid":{"rendered":"https:\/\/www.saxsim.ee\/?post_type=product&#038;p=6844"},"modified":"2025-07-05T18:16:09","modified_gmt":"2025-07-05T15:16:09","slug":"forme-essentials-hydrating-shampoo-1000-ml-niisutav-sampoon-kuivadele-varvitud-juustele-kopeeri","status":"publish","type":"product","link":"https:\/\/saxsim.ee\/swp\/product\/forme-essentials-hydrating-shampoo-1000-ml-niisutav-sampoon-kuivadele-varvitud-juustele-kopeeri\/","title":{"rendered":"Forme Essentials Hydrating Shampoo 1000 ml &#8211; niisutav \u0161ampoon kuivadele v\u00e4rvitud juustele"},"content":{"rendered":"<p><span class=\"tlid-translation translation\" lang=\"et\"><span title=\"\">Kaera\u00f5li sisaldav, niisutav \u0161ampoon kuivadele, kahjustatud ja v\u00e4rvitud juustele.<\/span><\/span><\/p>\n<p><span title=\"\">Aitab s\u00e4ilitada juuste niiskustasakaalu, muutes need elastseteks ja h\u00f5lpsamini k\u00e4sitlevateks. <\/span><span title=\"\">Annab juustele loomuliku l\u00e4ike ja kaitseb juuksev\u00e4rvi pleekimise eest.<\/span> <span class=\"\" title=\"\">Kaera\u00f5li niisutab ja toidab juukseid t\u00f5husalt mitmel moel.<\/span> <span title=\"\">Sisaldab UV-kaitset.<\/span> <span title=\"\">Vegan<\/span><span title=\"\">.<\/span><\/p>\n<p><strong><span class=\"\" title=\"\">Toode sobib Curly Cirl meetodiga.<\/span><\/strong><\/p>\n<p><strong>Kasutamine:<\/strong> Kanna m\u00e4rgadesse juustesse, aja vahule ja pese. Loputa korralikult.<\/p>\n<p>pH: 6,5<\/p>\n","protected":false},"excerpt":{"rendered":"<p>Kaera\u00f5li sisaldav, niisutav \u0161ampoon kuivadele, kahjustatud ja v\u00e4rvitud juustele. Aitab s\u00e4ilitada juuste niiskustasakaalu, muutes need elastseteks ja h\u00f5lpsamini k\u00e4sitlevateks. Annab juustele loomuliku l\u00e4ike ja kaitseb juuksev\u00e4rvi pleekimise eest. Kaera\u00f5li niisutab ja toidab juukseid t\u00f5husalt mitmel moel. Sisaldab UV-kaitset. Vegan. Toode sobib Curly Cirl meetodiga. Kasutamine: Kanna m\u00e4rgadesse juustesse, aja vahule ja pese. Loputa korralikult. pH: [&hellip;]<\/p>\n","protected":false},"featured_media":6845,"comment_status":"closed","ping_status":"closed","template":"","meta":[],"product_cat":[752,395,659],"product_tag":[],"class_list":{"0":"post-6844","1":"product","2":"type-product","3":"status-publish","4":"has-post-thumbnail","6":"product_cat-forme-essentials","7":"product_cat-juuksed","8":"product_cat-sampoonid","10":"first","11":"instock","12":"taxable","13":"shipping-taxable","14":"purchasable","15":"product-type-simple"},"_links":{"self":[{"href":"https:\/\/saxsim.ee\/swp\/wp-json\/wp\/v2\/product\/6844"}],"collection":[{"href":"https:\/\/saxsim.ee\/swp\/wp-json\/wp\/v2\/product"}],"about":[{"href":"https:\/\/saxsim.ee\/swp\/wp-json\/wp\/v2\/types\/product"}],"replies":[{"embeddable":true,"href":"https:\/\/saxsim.ee\/swp\/wp-json\/wp\/v2\/comments?post=6844"}],"wp:featuredmedia":[{"embeddable":true,"href":"https:\/\/saxsim.ee\/swp\/wp-json\/wp\/v2\/media\/6845"}],"wp:attachment":[{"href":"https:\/\/saxsim.ee\/swp\/wp-json\/wp\/v2\/media?parent=6844"}],"wp:term":[{"taxonomy":"product_cat","embeddable":true,"href":"https:\/\/saxsim.ee\/swp\/wp-json\/wp\/v2\/product_cat?post=6844"},{"taxonomy":"product_tag","embeddable":true,"href":"https:\/\/saxsim.ee\/swp\/wp-json\/wp\/v2\/product_tag?post=6844"}],"curies":[{"name":"wp","href":"https:\/\/api.w.org\/{rel}","templated":true}]}}