{"id":6785,"date":"2019-11-16T10:35:47","date_gmt":"2019-11-16T08:35:47","guid":{"rendered":"https:\/\/www.saxsim.ee\/?post_type=product&#038;p=6785"},"modified":"2024-02-28T10:29:58","modified_gmt":"2024-02-28T08:29:58","slug":"carbon-line-tail-comb-232-cm-metallsabaga-kamm","status":"publish","type":"product","link":"https:\/\/saxsim.ee\/swp\/product\/carbon-line-tail-comb-232-cm-metallsabaga-kamm\/","title":{"rendered":"Carbon Line Tail Comb 23,2 cm. &#8211; metallsabaga kamm"},"content":{"rendered":"<div class=\"intro\">\n<p>S\u00fcsinikkiust, antistaatiline, sulgkerge, peaaegu purunematu, kuumakindel kamm. Kamm libiseb kergelt l\u00e4bi juuste, t\u00e4nu kammipiide t\u00e4psele ja hoolikale viimistlusele.<\/p>\n<p>Pikkus &#8211; 23,2 cm.<\/p>\n<\/div>\n","protected":false},"excerpt":{"rendered":"<p>S\u00fcsinikkiust, antistaatiline, sulgkerge, peaaegu purunematu, kuumakindel kamm. Kamm libiseb kergelt l\u00e4bi juuste, t\u00e4nu kammipiide t\u00e4psele ja hoolikale viimistlusele. Pikkus &#8211; 23,2 cm.<\/p>\n","protected":false},"featured_media":6786,"comment_status":"closed","ping_status":"closed","template":"","meta":[],"product_cat":[401,173,339],"product_tag":[],"class_list":{"0":"post-6785","1":"product","2":"type-product","3":"status-publish","4":"has-post-thumbnail","6":"product_cat-juuksuri-tarvikud","7":"product_cat-kammid","8":"product_cat-susinik-kammid","10":"first","11":"instock","12":"taxable","13":"shipping-taxable","14":"purchasable","15":"product-type-simple"},"_links":{"self":[{"href":"https:\/\/saxsim.ee\/swp\/wp-json\/wp\/v2\/product\/6785"}],"collection":[{"href":"https:\/\/saxsim.ee\/swp\/wp-json\/wp\/v2\/product"}],"about":[{"href":"https:\/\/saxsim.ee\/swp\/wp-json\/wp\/v2\/types\/product"}],"replies":[{"embeddable":true,"href":"https:\/\/saxsim.ee\/swp\/wp-json\/wp\/v2\/comments?post=6785"}],"wp:featuredmedia":[{"embeddable":true,"href":"https:\/\/saxsim.ee\/swp\/wp-json\/wp\/v2\/media\/6786"}],"wp:attachment":[{"href":"https:\/\/saxsim.ee\/swp\/wp-json\/wp\/v2\/media?parent=6785"}],"wp:term":[{"taxonomy":"product_cat","embeddable":true,"href":"https:\/\/saxsim.ee\/swp\/wp-json\/wp\/v2\/product_cat?post=6785"},{"taxonomy":"product_tag","embeddable":true,"href":"https:\/\/saxsim.ee\/swp\/wp-json\/wp\/v2\/product_tag?post=6785"}],"curies":[{"name":"wp","href":"https:\/\/api.w.org\/{rel}","templated":true}]}}