{"id":6768,"date":"2019-11-13T22:19:21","date_gmt":"2019-11-13T20:19:21","guid":{"rendered":"https:\/\/www.saxsim.ee\/?post_type=product&#038;p=6768"},"modified":"2024-01-08T09:32:42","modified_gmt":"2024-01-08T07:32:42","slug":"color-hairspray-flou-yellow-125-ml-varviline-juukselakk","status":"publish","type":"product","link":"https:\/\/saxsim.ee\/swp\/product\/color-hairspray-flou-yellow-125-ml-varviline-juukselakk\/","title":{"rendered":"Color Hairspray, Flou Yellow 125 ml. &#8211; v\u00e4rviline juukselakk"},"content":{"rendered":"<p>Aerosoolpihustiga kollane fluorestsentsv\u00e4rv, mis UV-valguses helendab. Ideaalne stiili- ja lastepidudeks.<\/p>\n<p><strong>V\u00e4rv:<\/strong> kollane<\/p>\n<p><strong>Kasutamine:<\/strong> Enne kasutamist raputada korralikult. Hoides pudelit p\u00fcstises asendis, pihusta u. 20 cm kauguselt juustele v\u00f5i soovitud salgule.<br \/>\nLaki eemaldamiseks peske juukseid \u0161ampooniga. Vajadusel korrake pesemise protseduuri.<\/p>\n","protected":false},"excerpt":{"rendered":"<p>Aerosoolpihustiga kollane fluorestsentsv\u00e4rv, mis UV-valguses helendab. Ideaalne stiili- ja lastepidudeks. V\u00e4rv: kollane Kasutamine: Enne kasutamist raputada korralikult. Hoides pudelit p\u00fcstises asendis, pihusta u. 20 cm kauguselt juustele v\u00f5i soovitud salgule. Laki eemaldamiseks peske juukseid \u0161ampooniga. Vajadusel korrake pesemise protseduuri.<\/p>\n","protected":false},"featured_media":6769,"comment_status":"closed","ping_status":"closed","template":"","meta":[],"product_cat":[395,371],"product_tag":[],"class_list":{"0":"post-6768","1":"product","2":"type-product","3":"status-publish","4":"has-post-thumbnail","6":"product_cat-juuksed","7":"product_cat-satendavad-ja-varvilised-juukselakid","9":"first","10":"instock","11":"taxable","12":"shipping-taxable","13":"purchasable","14":"product-type-simple"},"_links":{"self":[{"href":"https:\/\/saxsim.ee\/swp\/wp-json\/wp\/v2\/product\/6768"}],"collection":[{"href":"https:\/\/saxsim.ee\/swp\/wp-json\/wp\/v2\/product"}],"about":[{"href":"https:\/\/saxsim.ee\/swp\/wp-json\/wp\/v2\/types\/product"}],"replies":[{"embeddable":true,"href":"https:\/\/saxsim.ee\/swp\/wp-json\/wp\/v2\/comments?post=6768"}],"wp:featuredmedia":[{"embeddable":true,"href":"https:\/\/saxsim.ee\/swp\/wp-json\/wp\/v2\/media\/6769"}],"wp:attachment":[{"href":"https:\/\/saxsim.ee\/swp\/wp-json\/wp\/v2\/media?parent=6768"}],"wp:term":[{"taxonomy":"product_cat","embeddable":true,"href":"https:\/\/saxsim.ee\/swp\/wp-json\/wp\/v2\/product_cat?post=6768"},{"taxonomy":"product_tag","embeddable":true,"href":"https:\/\/saxsim.ee\/swp\/wp-json\/wp\/v2\/product_tag?post=6768"}],"curies":[{"name":"wp","href":"https:\/\/api.w.org\/{rel}","templated":true}]}}