{"id":6758,"date":"2019-11-13T21:49:23","date_gmt":"2019-11-13T19:49:23","guid":{"rendered":"https:\/\/www.saxsim.ee\/?post_type=product&#038;p=6758"},"modified":"2025-12-30T19:37:27","modified_gmt":"2025-12-30T17:37:27","slug":"transparent-film-500-m-salgutamise-kile","status":"publish","type":"product","link":"https:\/\/saxsim.ee\/swp\/product\/transparent-film-500-m-salgutamise-kile\/","title":{"rendered":"Transparent Film 15 cm. x 500 m. &#8211; salgutamise kile"},"content":{"rendered":"<p>Salgutamise kile. L\u00e4bi l\u00e4bipaistva kile on lihtne j\u00e4lgida keemilisi protsesse, mis h\u00f5lbustab ja kiirendab t\u00f6\u00f6 k\u00e4iku.<\/p>\n<p>M\u00f5\u00f5dud &#8211; 15 cm x 500 m.<\/p>\n<p>Pakis &#8211; 1 rull.<\/p>\n<p>&nbsp;<\/p>\n<p>&nbsp;<\/p>\n","protected":false},"excerpt":{"rendered":"<p>Salgutamise kile. L\u00e4bi l\u00e4bipaistva kile on lihtne j\u00e4lgida keemilisi protsesse, mis h\u00f5lbustab ja kiirendab t\u00f6\u00f6 k\u00e4iku. M\u00f5\u00f5dud &#8211; 15 cm x 500 m. Pakis &#8211; 1 rull. &nbsp; &nbsp;<\/p>\n","protected":false},"featured_media":6759,"comment_status":"closed","ping_status":"closed","template":"","meta":[],"product_cat":[401,291,347,176],"product_tag":[],"class_list":{"0":"post-6758","1":"product","2":"type-product","3":"status-publish","4":"has-post-thumbnail","6":"product_cat-juuksuri-tarvikud","7":"product_cat-uhekordsed-tooted","8":"product_cat-salgupaber-ja-kile","9":"product_cat-varvitarvikud","11":"first","12":"instock","13":"taxable","14":"shipping-taxable","15":"purchasable","16":"product-type-simple"},"_links":{"self":[{"href":"https:\/\/saxsim.ee\/swp\/wp-json\/wp\/v2\/product\/6758"}],"collection":[{"href":"https:\/\/saxsim.ee\/swp\/wp-json\/wp\/v2\/product"}],"about":[{"href":"https:\/\/saxsim.ee\/swp\/wp-json\/wp\/v2\/types\/product"}],"replies":[{"embeddable":true,"href":"https:\/\/saxsim.ee\/swp\/wp-json\/wp\/v2\/comments?post=6758"}],"wp:featuredmedia":[{"embeddable":true,"href":"https:\/\/saxsim.ee\/swp\/wp-json\/wp\/v2\/media\/6759"}],"wp:attachment":[{"href":"https:\/\/saxsim.ee\/swp\/wp-json\/wp\/v2\/media?parent=6758"}],"wp:term":[{"taxonomy":"product_cat","embeddable":true,"href":"https:\/\/saxsim.ee\/swp\/wp-json\/wp\/v2\/product_cat?post=6758"},{"taxonomy":"product_tag","embeddable":true,"href":"https:\/\/saxsim.ee\/swp\/wp-json\/wp\/v2\/product_tag?post=6758"}],"curies":[{"name":"wp","href":"https:\/\/api.w.org\/{rel}","templated":true}]}}