{"id":6746,"date":"2019-11-13T21:00:38","date_gmt":"2019-11-13T19:00:38","guid":{"rendered":"https:\/\/www.saxsim.ee\/?post_type=product&#038;p=6746"},"modified":"2025-07-09T09:19:04","modified_gmt":"2025-07-09T06:19:04","slug":"triangular-setting-net-tulle-rullivork","status":"publish","type":"product","link":"https:\/\/saxsim.ee\/swp\/product\/triangular-setting-net-tulle-rullivork\/","title":{"rendered":"Triangular Setting Net, Tulle &#8211; rulliv\u00f5rk"},"content":{"rendered":"<p>Peenikese silmaga, universaalse suurusega, kolmnurkne rulliv\u00f5rk, mis kaitseb juukseid f\u00f6\u00f6ni all kuivatamisel.<\/p>\n<p>V\u00e4rv: sinine<\/p>\n<p>&nbsp;<\/p>\n","protected":false},"excerpt":{"rendered":"<p>Peenikese silmaga, universaalse suurusega, kolmnurkne rulliv\u00f5rk, mis kaitseb juukseid f\u00f6\u00f6ni all kuivatamisel. V\u00e4rv: sinine &nbsp;<\/p>\n","protected":false},"featured_media":6747,"comment_status":"closed","ping_status":"closed","template":"","meta":[],"product_cat":[401,175,342],"product_tag":[],"class_list":{"0":"post-6746","1":"product","2":"type-product","3":"status-publish","4":"has-post-thumbnail","6":"product_cat-juuksuri-tarvikud","7":"product_cat-soenguvahendid","8":"product_cat-rulli-ja-soenguvorgud","10":"first","11":"instock","12":"taxable","13":"shipping-taxable","14":"purchasable","15":"product-type-simple"},"_links":{"self":[{"href":"https:\/\/saxsim.ee\/swp\/wp-json\/wp\/v2\/product\/6746"}],"collection":[{"href":"https:\/\/saxsim.ee\/swp\/wp-json\/wp\/v2\/product"}],"about":[{"href":"https:\/\/saxsim.ee\/swp\/wp-json\/wp\/v2\/types\/product"}],"replies":[{"embeddable":true,"href":"https:\/\/saxsim.ee\/swp\/wp-json\/wp\/v2\/comments?post=6746"}],"wp:featuredmedia":[{"embeddable":true,"href":"https:\/\/saxsim.ee\/swp\/wp-json\/wp\/v2\/media\/6747"}],"wp:attachment":[{"href":"https:\/\/saxsim.ee\/swp\/wp-json\/wp\/v2\/media?parent=6746"}],"wp:term":[{"taxonomy":"product_cat","embeddable":true,"href":"https:\/\/saxsim.ee\/swp\/wp-json\/wp\/v2\/product_cat?post=6746"},{"taxonomy":"product_tag","embeddable":true,"href":"https:\/\/saxsim.ee\/swp\/wp-json\/wp\/v2\/product_tag?post=6746"}],"curies":[{"name":"wp","href":"https:\/\/api.w.org\/{rel}","templated":true}]}}