{"id":6735,"date":"2019-11-12T20:38:56","date_gmt":"2019-11-12T18:38:56","guid":{"rendered":"https:\/\/www.saxsim.ee\/?post_type=product&#038;p=6735"},"modified":"2024-04-17T09:06:25","modified_gmt":"2024-04-17T06:06:25","slug":"color-hairspray-flou-blue-125-ml-varviline-juukselakk","status":"publish","type":"product","link":"https:\/\/saxsim.ee\/swp\/product\/color-hairspray-flou-blue-125-ml-varviline-juukselakk\/","title":{"rendered":"Color Hairspray, Flou Blue 125 ml. &#8211; v\u00e4rviline juukselakk"},"content":{"rendered":"<p>Aerosoolpihustiga sinine fluorestsentsv\u00e4rv, mis UV-valguses helendab. Ideaalne stiili- ja lastepidudeks.<\/p>\n<p><strong>V\u00e4rv:<\/strong> sinine<\/p>\n<p><strong>Kasutamine:<\/strong> Enne kasutamist raputada korralikult. Hoides pudelit p\u00fcstises asendis, pihusta u. 20 cm kauguselt juustele v\u00f5i soovitud salgule.<br \/>\nLaki eemaldamiseks peske juukseid \u0161ampooniga. Vajadusel korrake pesemise protseduuri.<\/p>\n","protected":false},"excerpt":{"rendered":"<p>Aerosoolpihustiga sinine fluorestsentsv\u00e4rv, mis UV-valguses helendab. Ideaalne stiili- ja lastepidudeks. V\u00e4rv: sinine Kasutamine: Enne kasutamist raputada korralikult. Hoides pudelit p\u00fcstises asendis, pihusta u. 20 cm kauguselt juustele v\u00f5i soovitud salgule. Laki eemaldamiseks peske juukseid \u0161ampooniga. Vajadusel korrake pesemise protseduuri.<\/p>\n","protected":false},"featured_media":6736,"comment_status":"closed","ping_status":"closed","template":"","meta":[],"product_cat":[395,371],"product_tag":[],"class_list":{"0":"post-6735","1":"product","2":"type-product","3":"status-publish","4":"has-post-thumbnail","6":"product_cat-juuksed","7":"product_cat-satendavad-ja-varvilised-juukselakid","9":"first","10":"instock","11":"taxable","12":"shipping-taxable","13":"purchasable","14":"product-type-simple"},"_links":{"self":[{"href":"https:\/\/saxsim.ee\/swp\/wp-json\/wp\/v2\/product\/6735"}],"collection":[{"href":"https:\/\/saxsim.ee\/swp\/wp-json\/wp\/v2\/product"}],"about":[{"href":"https:\/\/saxsim.ee\/swp\/wp-json\/wp\/v2\/types\/product"}],"replies":[{"embeddable":true,"href":"https:\/\/saxsim.ee\/swp\/wp-json\/wp\/v2\/comments?post=6735"}],"wp:featuredmedia":[{"embeddable":true,"href":"https:\/\/saxsim.ee\/swp\/wp-json\/wp\/v2\/media\/6736"}],"wp:attachment":[{"href":"https:\/\/saxsim.ee\/swp\/wp-json\/wp\/v2\/media?parent=6735"}],"wp:term":[{"taxonomy":"product_cat","embeddable":true,"href":"https:\/\/saxsim.ee\/swp\/wp-json\/wp\/v2\/product_cat?post=6735"},{"taxonomy":"product_tag","embeddable":true,"href":"https:\/\/saxsim.ee\/swp\/wp-json\/wp\/v2\/product_tag?post=6735"}],"curies":[{"name":"wp","href":"https:\/\/api.w.org\/{rel}","templated":true}]}}