{"id":6659,"date":"2019-12-11T11:34:45","date_gmt":"2019-12-11T09:34:45","guid":{"rendered":"https:\/\/www.saxsim.ee\/?post_type=product&#038;p=6659"},"modified":"2025-07-06T18:31:51","modified_gmt":"2025-07-06T15:31:51","slug":"moser-genio-pro-fading-edition-1874-loikusmasin","status":"publish","type":"product","link":"https:\/\/saxsim.ee\/swp\/product\/moser-genio-pro-fading-edition-1874-loikusmasin\/","title":{"rendered":"Moser Genio Pro Fading Edition 1874 &#8211; l\u00f5ikusmasin"},"content":{"rendered":"<p>Kahe akuga, vaikne, juhtmeta, ergonoomilise kujuga juuksel\u00f5ikusmasin n\u00f5udlikule professionaalile. L\u00f5iketera saab ilma t\u00f6\u00f6riistadeta eraldada, mis tagab masina lihtsa puhastamise.<\/p>\n<p><strong>Tehnilised andmed:<\/strong><br \/>\nv\u00e4rv: must<br \/>\nmootor: DC, kiirus 5750 p\/min.<br \/>\n100\u2013240 V, 50\u201360 Hz<br \/>\npikkus: 178 mm.<br \/>\nakutoitel t\u00f6\u00f6tab &#8211; 105 min.<br \/>\naku laadimisaeg &#8211; 80 min.<br \/>\nl\u00f5iketera pikkuse reguleerimine ( 0,5 &#8211; 2,0 mm. )<br \/>\nkaal: 280 g.<br \/>\nindikaatortuled\u00a0aku laetusastme kuvamiseks<\/p>\n<p><strong>Komplektis:<\/strong><br \/>\ntera laius &#8211; 46 mm.<br \/>\n2 XL <span class=\"tlid-translation translation\" lang=\"et\"><span title=\"\">Li-Ion aku<\/span><\/span>t<br \/>\n6 erinevat l\u00f5ikustalda ( 1,5 mm.\/3 mm.\/4,5 mm.\/6 mm.\/9 mm.\/12 mm. )<br \/>\nlaadimisalus koos juhtmega<br \/>\npuhastushari<br \/>\nmasina\u00f5li<\/p>\n","protected":false},"excerpt":{"rendered":"<p>Kahe akuga, vaikne, juhtmeta, ergonoomilise kujuga juuksel\u00f5ikusmasin n\u00f5udlikule professionaalile. L\u00f5iketera saab ilma t\u00f6\u00f6riistadeta eraldada, mis tagab masina lihtsa puhastamise. Tehnilised andmed: v\u00e4rv: must mootor: DC, kiirus 5750 p\/min. 100\u2013240 V, 50\u201360 Hz pikkus: 178 mm. akutoitel t\u00f6\u00f6tab &#8211; 105 min. aku laadimisaeg &#8211; 80 min. l\u00f5iketera pikkuse reguleerimine ( 0,5 &#8211; 2,0 mm. ) kaal: [&hellip;]<\/p>\n","protected":false},"featured_media":6660,"comment_status":"closed","ping_status":"closed","template":"","meta":[],"product_cat":[668,401,280,286],"product_tag":[],"class_list":{"0":"post-6659","1":"product","2":"type-product","3":"status-publish","4":"has-post-thumbnail","6":"product_cat-moser","7":"product_cat-juuksuri-tarvikud","8":"product_cat-elektrilised-toovahendid","9":"product_cat-loikusmasinad-ja-trimmerid","11":"first","12":"outofstock","13":"taxable","14":"shipping-taxable","15":"purchasable","16":"product-type-simple"},"_links":{"self":[{"href":"https:\/\/saxsim.ee\/swp\/wp-json\/wp\/v2\/product\/6659"}],"collection":[{"href":"https:\/\/saxsim.ee\/swp\/wp-json\/wp\/v2\/product"}],"about":[{"href":"https:\/\/saxsim.ee\/swp\/wp-json\/wp\/v2\/types\/product"}],"replies":[{"embeddable":true,"href":"https:\/\/saxsim.ee\/swp\/wp-json\/wp\/v2\/comments?post=6659"}],"wp:featuredmedia":[{"embeddable":true,"href":"https:\/\/saxsim.ee\/swp\/wp-json\/wp\/v2\/media\/6660"}],"wp:attachment":[{"href":"https:\/\/saxsim.ee\/swp\/wp-json\/wp\/v2\/media?parent=6659"}],"wp:term":[{"taxonomy":"product_cat","embeddable":true,"href":"https:\/\/saxsim.ee\/swp\/wp-json\/wp\/v2\/product_cat?post=6659"},{"taxonomy":"product_tag","embeddable":true,"href":"https:\/\/saxsim.ee\/swp\/wp-json\/wp\/v2\/product_tag?post=6659"}],"curies":[{"name":"wp","href":"https:\/\/api.w.org\/{rel}","templated":true}]}}