{"id":6635,"date":"2019-10-17T10:13:56","date_gmt":"2019-10-17T07:13:56","guid":{"rendered":"https:\/\/www.saxsim.ee\/?post_type=product&#038;p=6635"},"modified":"2024-01-08T12:51:40","modified_gmt":"2024-01-08T10:51:40","slug":"barber-hairdryer-george-2000-w-kasifoon","status":"publish","type":"product","link":"https:\/\/saxsim.ee\/swp\/product\/barber-hairdryer-george-2000-w-kasifoon\/","title":{"rendered":"Barber Hairdryer &#8211; George, 2000 W &#8211; k\u00e4sif\u00f6\u00f6n"},"content":{"rendered":"<p>V\u00f5imsa DC mootoriga, ergonoomiline k\u00e4sif\u00f6\u00f6n parduritele.<\/p>\n<p><strong>Tehnilised andmed:<\/strong><br \/>\nDC mootor 2000 W<br \/>\nmax. \u00f5huvoog &#8211; 109,2 m\u00b3\/h<br \/>\n3 kiirust<br \/>\n4\u00a0kuumusastet<br \/>\n1 \u00f5husuunajat<br \/>\nkaal &#8211; 520 g<br \/>\njuhe &#8211; 3 m<\/p>\n","protected":false},"excerpt":{"rendered":"<p>V\u00f5imsa DC mootoriga, ergonoomiline k\u00e4sif\u00f6\u00f6n parduritele. Tehnilised andmed: DC mootor 2000 W max. \u00f5huvoog &#8211; 109,2 m\u00b3\/h 3 kiirust 4\u00a0kuumusastet 1 \u00f5husuunajat kaal &#8211; 520 g juhe &#8211; 3 m<\/p>\n","protected":false},"featured_media":6636,"comment_status":"closed","ping_status":"closed","template":"","meta":[],"product_cat":[401,280,285],"product_tag":[],"class_list":{"0":"post-6635","1":"product","2":"type-product","3":"status-publish","4":"has-post-thumbnail","6":"product_cat-juuksuri-tarvikud","7":"product_cat-elektrilised-toovahendid","8":"product_cat-kasifoonid","10":"first","11":"instock","12":"taxable","13":"shipping-taxable","14":"purchasable","15":"product-type-simple"},"_links":{"self":[{"href":"https:\/\/saxsim.ee\/swp\/wp-json\/wp\/v2\/product\/6635"}],"collection":[{"href":"https:\/\/saxsim.ee\/swp\/wp-json\/wp\/v2\/product"}],"about":[{"href":"https:\/\/saxsim.ee\/swp\/wp-json\/wp\/v2\/types\/product"}],"replies":[{"embeddable":true,"href":"https:\/\/saxsim.ee\/swp\/wp-json\/wp\/v2\/comments?post=6635"}],"wp:featuredmedia":[{"embeddable":true,"href":"https:\/\/saxsim.ee\/swp\/wp-json\/wp\/v2\/media\/6636"}],"wp:attachment":[{"href":"https:\/\/saxsim.ee\/swp\/wp-json\/wp\/v2\/media?parent=6635"}],"wp:term":[{"taxonomy":"product_cat","embeddable":true,"href":"https:\/\/saxsim.ee\/swp\/wp-json\/wp\/v2\/product_cat?post=6635"},{"taxonomy":"product_tag","embeddable":true,"href":"https:\/\/saxsim.ee\/swp\/wp-json\/wp\/v2\/product_tag?post=6635"}],"curies":[{"name":"wp","href":"https:\/\/api.w.org\/{rel}","templated":true}]}}