{"id":6620,"date":"2019-10-17T08:21:24","date_gmt":"2019-10-17T05:21:24","guid":{"rendered":"https:\/\/www.saxsim.ee\/?post_type=product&#038;p=6620"},"modified":"2019-12-24T12:11:00","modified_gmt":"2019-12-24T10:11:00","slug":"cisoria-class-so-t35-semi-offset-fileerkaarid-575","status":"publish","type":"product","link":"https:\/\/saxsim.ee\/swp\/product\/cisoria-class-so-t35-semi-offset-fileerkaarid-575\/","title":{"rendered":"Cisoria Class SO-T35, Semi Offset &#8211; fileerk\u00e4\u00e4rid 5,75&#8243;"},"content":{"rendered":"<p>Roostevabast\u00a0terasest, pool-ergonoomilised, 35-hambaga\u00a0fileerk\u00e4\u00e4rid.<\/p>\n<p><strong>Materjal:<\/strong><br \/>\nSUS440C roostevaba teras.<br \/>\nHRC: 57-58\u00b0<\/p>\n<p><strong>Disainielemendid:<\/strong><br \/>\npool-ergonoomiline k\u00e4epide<br \/>\n35 hammast<br \/>\neemaldatav s\u00f5rmetugi<br \/>\nregulaarse suurusega s\u00f5rmeaugud<\/p>\n<p><strong>Lisatud:<\/strong><br \/>\nk\u00e4\u00e4ri\u00f5li \u2013 1 tk.<br \/>\ns\u00f5rmer\u00f5ngad \u2013 2 tk.<br \/>\npuhastuslapp \u2013 1 tk.<br \/>\npingutusv\u00f5ti \u2013 1 tk.<\/p>\n","protected":false},"excerpt":{"rendered":"<p>Roostevabast\u00a0terasest, pool-ergonoomilised, 35-hambaga\u00a0fileerk\u00e4\u00e4rid. Materjal: SUS440C roostevaba teras. HRC: 57-58\u00b0 Disainielemendid: pool-ergonoomiline k\u00e4epide 35 hammast eemaldatav s\u00f5rmetugi regulaarse suurusega s\u00f5rmeaugud Lisatud: k\u00e4\u00e4ri\u00f5li \u2013 1 tk. s\u00f5rmer\u00f5ngad \u2013 2 tk. puhastuslapp \u2013 1 tk. pingutusv\u00f5ti \u2013 1 tk.<\/p>\n","protected":false},"featured_media":6621,"comment_status":"closed","ping_status":"closed","template":"","meta":[],"product_cat":[735,401,174,277],"product_tag":[],"class_list":{"0":"post-6620","1":"product","2":"type-product","3":"status-publish","4":"has-post-thumbnail","6":"product_cat-cisoria","7":"product_cat-juuksuri-tarvikud","8":"product_cat-kaarid","9":"product_cat-fileerkaarid","11":"first","12":"instock","13":"taxable","14":"shipping-taxable","15":"purchasable","16":"product-type-simple"},"_links":{"self":[{"href":"https:\/\/saxsim.ee\/swp\/wp-json\/wp\/v2\/product\/6620"}],"collection":[{"href":"https:\/\/saxsim.ee\/swp\/wp-json\/wp\/v2\/product"}],"about":[{"href":"https:\/\/saxsim.ee\/swp\/wp-json\/wp\/v2\/types\/product"}],"replies":[{"embeddable":true,"href":"https:\/\/saxsim.ee\/swp\/wp-json\/wp\/v2\/comments?post=6620"}],"wp:featuredmedia":[{"embeddable":true,"href":"https:\/\/saxsim.ee\/swp\/wp-json\/wp\/v2\/media\/6621"}],"wp:attachment":[{"href":"https:\/\/saxsim.ee\/swp\/wp-json\/wp\/v2\/media?parent=6620"}],"wp:term":[{"taxonomy":"product_cat","embeddable":true,"href":"https:\/\/saxsim.ee\/swp\/wp-json\/wp\/v2\/product_cat?post=6620"},{"taxonomy":"product_tag","embeddable":true,"href":"https:\/\/saxsim.ee\/swp\/wp-json\/wp\/v2\/product_tag?post=6620"}],"curies":[{"name":"wp","href":"https:\/\/api.w.org\/{rel}","templated":true}]}}